{"id":1097329,"date":"2026-04-16T16:45:13","date_gmt":"2026-04-16T14:45:13","guid":{"rendered":"https:\/\/www.claret.cat\/llibre\/la-luz-de-medina-9788435064804\/"},"modified":"2026-04-17T12:50:31","modified_gmt":"2026-04-17T10:50:31","slug":"la-luz-de-medina-9788435064804","status":"publish","type":"product","link":"https:\/\/www.claret.cat\/es\/libro\/la-luz-de-medina-9788435064804\/","title":{"rendered":"LA LUZ DE MEDINA"},"content":{"rendered":"<p>PORQUE HAY GENTE CAPAZ DE MODELAR SU PROPIO DESTINO. PERO S\u00d3LO UNOS POCOS SON LLAMADOS A CAMBIAR EL DE TODO UN IMPERIO.<\/p>\n<p> El califato de C\u00f3rdoba, bajo el mandato de al-Hakam II, se ha convertido en la luz de Occidente. Medina Azahara, ciudad palatina, resplandece como s\u00edmbolo de poder y seducci\u00f3n, y la gran biblioteca califal aspira a reunir todo el saber del mundo conocido. Sin embargo, ser\u00e1 en los arrabales, lejos del estricto protocolo de la corte, donde se cruzar\u00e1n los destinos de dos j\u00f3venes humildes: Lubna, escriba de origen cristiano, que consagrar\u00e1 su vida al conocimiento, y Abi Amir, estudiante de leyes, que se servir\u00e1 del talento y la estrategia hasta llegar a ser Almanzor, el Victorioso.<\/p>\n<p> Unidos por una admiraci\u00f3n compartida, ambos se convertir\u00e1n en testigos y protagonistas de la transformaci\u00f3n de esa al-\u00c1ndalus que vive su plenitud. Pero, en el para\u00edso de m\u00e1rmol y agua de Medina Azahara, cada movimiento tiene un precio. Y poco a poco parece que algo empieza a resquebrajarse. El califa no tiene sucesor, las alianzas se vuelven fr\u00e1giles, y s\u00f3lo un arriesgado plan puede garantizar la continuidad de la dinast\u00eda omeya. Cuando al final nazca el heredero, su secreto podr\u00eda derrumbar los cimientos del califato.<\/p>\n<p> En una poderosa epopeya de la C\u00f3rdoba del siglo x, La luz de Medina narra el ascenso al poder de Almanzor y el conflicto \u00edntimo de una mujer que, llamada a salvaguardar la verdad, oculta la m\u00e1s monstruosa de todas las mentiras. Una novela sobre amores prohibidos, lealtades, traiciones y destino, y tambi\u00e9n sobre la ambici\u00f3n y c\u00f3mo \u00e9sta lleva, inevitablemente, al conflicto. Y todo esto, bajo el latido de las suras cor\u00e1nicas y con el rigor de las cr\u00f3nicas hist\u00f3ricas, es lo que Emma Lira nos narra de forma brillante e inesperada.<\/p>\n<p> Dos vidas paralelas, dos personajes reales absolutamente fascinantes: Almanzor, el gran caudillo militar \u00e1rabe y Lubna, la bibliotecaria de C\u00f3rdoba. Y un periodo hist\u00f3rico tan atrayente como m\u00e1gico.<\/p>\n","protected":false},"excerpt":{"rendered":"<p>EMMA LIRA<\/p>\n","protected":false},"featured_media":1097404,"template":"","meta":{"_acf_changed":false,"om_disable_all_campaigns":false,"rs_blank_template":"","rs_page_bg_color":"","slide_template_v7":"","inline_featured_image":false,"_monsterinsights_skip_tracking":false,"_monsterinsights_sitenote_active":false,"_monsterinsights_sitenote_note":"","_monsterinsights_sitenote_category":0},"product_brand":[],"product_cat":[130,360],"product_tag":[],"class_list":{"0":"post-1097329","1":"product","2":"type-product","3":"status-publish","4":"has-post-thumbnail","6":"product_cat-novella-historica-i-ficcio","7":"product_cat-novela-historica-y-ficcion","9":"first","10":"instock","11":"taxable","12":"shipping-taxable","13":"purchasable","14":"product-type-simple"},"acf":{"autor":"EMMA LIRA","codart":"843506480","libros-coleccion":"","ediciones":"1","encuadernacion":"Carton\u00e9","fecha_de_publicacion":"01\/04\/2026","novedad":"1","paginas":"336","subtitulo":"PREMIO NARRAT HISTORIC EDHASA 2026","orden":"0","portada":"0","idioma":"spa","booktrailer":"","resenas":"","editorial":[{"ID":147773,"post_author":"3","post_date":"2022-10-14 11:53:07","post_date_gmt":"2022-10-14 09:53:07","post_content":"","post_title":"EDHASA","post_excerpt":"","post_status":"publish","comment_status":"closed","ping_status":"closed","post_password":"","post_name":"edhasa","to_ping":"","pinged":"","post_modified":"2022-10-14 11:53:07","post_modified_gmt":"2022-10-14 09:53:07","post_content_filtered":"","post_parent":0,"guid":"http:\/\/dev.claret.cat\/editorial\/edhasa\/","menu_order":0,"post_type":"editorial","post_mime_type":"","comment_count":"0","filter":"raw"}]},"aioseo_notices":[],"_links":{"self":[{"href":"https:\/\/www.claret.cat\/es\/wp-json\/wp\/v2\/product\/1097329","targetHints":{"allow":["GET"]}}],"collection":[{"href":"https:\/\/www.claret.cat\/es\/wp-json\/wp\/v2\/product"}],"about":[{"href":"https:\/\/www.claret.cat\/es\/wp-json\/wp\/v2\/types\/product"}],"wp:featuredmedia":[{"embeddable":true,"href":"https:\/\/www.claret.cat\/es\/wp-json\/wp\/v2\/media\/1097404"}],"wp:attachment":[{"href":"https:\/\/www.claret.cat\/es\/wp-json\/wp\/v2\/media?parent=1097329"}],"wp:term":[{"taxonomy":"product_brand","embeddable":true,"href":"https:\/\/www.claret.cat\/es\/wp-json\/wp\/v2\/product_brand?post=1097329"},{"taxonomy":"product_cat","embeddable":true,"href":"https:\/\/www.claret.cat\/es\/wp-json\/wp\/v2\/product_cat?post=1097329"},{"taxonomy":"product_tag","embeddable":true,"href":"https:\/\/www.claret.cat\/es\/wp-json\/wp\/v2\/product_tag?post=1097329"}],"curies":[{"name":"wp","href":"https:\/\/api.w.org\/{rel}","templated":true}]}}