{"id":1097353,"date":"2026-04-16T19:00:16","date_gmt":"2026-04-16T17:00:16","guid":{"rendered":"https:\/\/www.claret.cat\/llibre\/genesis-9798273086258\/"},"modified":"2026-04-17T12:05:16","modified_gmt":"2026-04-17T10:05:16","slug":"genesis-9798273086258","status":"publish","type":"product","link":"https:\/\/www.claret.cat\/es\/libro\/genesis-9798273086258\/","title":{"rendered":"G\u00c9NESIS"},"content":{"rendered":"<p><strong>La Tor\u00e1 <\/strong>nos brinda una <strong>fuente inagotable de conocimiento<\/strong>. Repetida su lectura a\u00f1o tras a\u00f1o, nos sigue aportando informaci\u00f3n adicional con cada nuevo estudio. <strong>Todo creyente en el Mes\u00edas <\/strong>debe aspirar a profundizar en sus sentidos m\u00e1s hondos y santos, donde hallar\u00e1 bellas insinuaciones acerca de <strong>Su venida y Su obra<\/strong>. Este libro es el primero de <strong>una colecci\u00f3n de cinco tomos <\/strong>con ense\u00f1anzas basadas en las porciones semanales o <strong>parashot del libro del G\u00e9nesis<\/strong>. Su mensaje va dirigido a la rectificaci\u00f3n de nuestra alma y a <strong>fortalecer nuestro v\u00ednculo con el Mes\u00edas<\/strong>, siendo ense\u00f1anzas muy apropiadas<strong> para ser compartidas en familia o en las congregaciones<\/strong>.<\/p>\n<p><\/p>\n","protected":false},"excerpt":{"rendered":"<p>ISAAC BENAOR<\/p>\n","protected":false},"featured_media":1097391,"template":"","meta":{"_acf_changed":false,"om_disable_all_campaigns":false,"rs_blank_template":"","rs_page_bg_color":"","slide_template_v7":"","inline_featured_image":false,"_monsterinsights_skip_tracking":false,"_monsterinsights_sitenote_active":false,"_monsterinsights_sitenote_note":"","_monsterinsights_sitenote_category":0},"product_brand":[],"product_cat":[544,94],"product_tag":[],"class_list":{"0":"post-1097353","1":"product","2":"type-product","3":"status-publish","4":"has-post-thumbnail","6":"product_cat-religiones","7":"product_cat-religions","9":"first","10":"instock","11":"taxable","12":"shipping-taxable","13":"purchasable","14":"product-type-simple"},"acf":{"autor":"ISAAC BENAOR","codart":"827308625","libros-coleccion":"","ediciones":"1","encuadernacion":"R\u00fastica","fecha_de_publicacion":"16\/04\/2026","novedad":"1","paginas":"141","subtitulo":"LA TOR\u00c1 CON EL MES\u00cdAS","orden":"0","portada":"1","idioma":"spa","booktrailer":"","resenas":"","editorial":[{"ID":273819,"post_author":"3","post_date":"2022-12-09 05:28:22","post_date_gmt":"2022-12-09 04:28:22","post_content":"","post_title":"DIAZ CABRERA, MIJAEL","post_excerpt":"","post_status":"publish","comment_status":"closed","ping_status":"closed","post_password":"","post_name":"diaz-cabrera-mijael","to_ping":"","pinged":"","post_modified":"2022-12-09 05:28:22","post_modified_gmt":"2022-12-09 04:28:22","post_content_filtered":"","post_parent":0,"guid":"http:\/\/dev.claret.cat\/editorial\/diaz-cabrera-mijael\/","menu_order":0,"post_type":"editorial","post_mime_type":"","comment_count":"0","filter":"raw"}]},"aioseo_notices":[],"_links":{"self":[{"href":"https:\/\/www.claret.cat\/es\/wp-json\/wp\/v2\/product\/1097353","targetHints":{"allow":["GET"]}}],"collection":[{"href":"https:\/\/www.claret.cat\/es\/wp-json\/wp\/v2\/product"}],"about":[{"href":"https:\/\/www.claret.cat\/es\/wp-json\/wp\/v2\/types\/product"}],"wp:featuredmedia":[{"embeddable":true,"href":"https:\/\/www.claret.cat\/es\/wp-json\/wp\/v2\/media\/1097391"}],"wp:attachment":[{"href":"https:\/\/www.claret.cat\/es\/wp-json\/wp\/v2\/media?parent=1097353"}],"wp:term":[{"taxonomy":"product_brand","embeddable":true,"href":"https:\/\/www.claret.cat\/es\/wp-json\/wp\/v2\/product_brand?post=1097353"},{"taxonomy":"product_cat","embeddable":true,"href":"https:\/\/www.claret.cat\/es\/wp-json\/wp\/v2\/product_cat?post=1097353"},{"taxonomy":"product_tag","embeddable":true,"href":"https:\/\/www.claret.cat\/es\/wp-json\/wp\/v2\/product_tag?post=1097353"}],"curies":[{"name":"wp","href":"https:\/\/api.w.org\/{rel}","templated":true}]}}