{"id":1097364,"date":"2026-04-17T10:05:03","date_gmt":"2026-04-17T08:05:03","guid":{"rendered":"https:\/\/www.claret.cat\/llibre\/paris-era-una-fiesta-9788466377010\/"},"modified":"2026-04-17T10:05:25","modified_gmt":"2026-04-17T08:05:25","slug":"paris-era-una-fiesta-9788466377010","status":"publish","type":"product","link":"https:\/\/www.claret.cat\/es\/libro\/paris-era-una-fiesta-9788466377010\/","title":{"rendered":"PAR\u00cdS ERA UNA FIESTA"},"content":{"rendered":"<p>La m\u00edtica \u00faltima obra del premio Nobel de Literatura Ernest Hemingway, \u00abel novelista norteamericano m\u00e1s importante del siglo XX\u00bb<br \/>William Faulkner \u00abTal vez en ning\u00fan otro escritor moderno la proeza f\u00edsica, el coraje, la fuerza bruta y el esp\u00edritu de destrucci\u00f3n alcanzan una dignidad parecida.\u00bb<br \/>Mario Vargas Llosa \u00abSi tienes la suerte de haber vivido de joven en Par\u00eds, la recordar\u00e1s el resto de tu vida, vayas a donde vayas, porque Par\u00eds es una fiesta.\u00bb<br \/>Ernest Hemingway Publicado p\u00f3stumamente en 1964, Par\u00eds era una fiesta es el libro m\u00e1s personal y revelador de Hemingway, quien, ya en el crep\u00fasculo de su vida, narra aqu\u00ed los dorados, salvajes y fruct\u00edferos a\u00f1os de su juventud en el Par\u00eds de los a\u00f1os veinte, en compa\u00f1\u00eda de escritores como Scott Fitzgerald o Ezra Pound, la llamada \u00abgeneraci\u00f3n perdida\u00bb. Cr\u00f3nica de la formaci\u00f3n de un joven escritor, retrato de una ciudad perdida, oda a la amistad y verdadero testamento literario, esta es una de las obras capitales para entender el siglo XX, as\u00ed como el universo y la personalidad de uno de sus m\u00e1s grandes creadores. Un cl\u00e1sico atemporal que Lumen recupera ahora con una nueva traducci\u00f3n de Miguel Temprano.La cr\u00edtica ha dicho: \u00abYo no ser\u00eda escritor de no haber le\u00eddo Par\u00eds era una fiesta a los dieciocho a\u00f1os, en ese mismo caf\u00e9 de la Place de Saint Michel que \u00e9l dijo que era estupendo para escribir.\u00bb<br \/>Enrique Vila-Matas<\/p>\n<p>\u00abAqu\u00ed tenemos al mejor Hemingway. Nadie ha escrito sobre el Par\u00eds de losa\u00f1os veinte tan bien como Hemingway.\u00bb<br \/>The New York Times<\/p>\n<p>\u00abUn libro corto, perfecto [&#8230;]. Bell\u00edsimo.\u00bb<br \/>The Independent<\/p>\n<p>\u00abLas escenas de Par\u00eds est\u00e1n suficientemente alejadas en el tiempo como para que las situaciones y los personajes se presenten con serenidad pero con tal extraordinaria inmediatez su incre\u00edble don que tienenel resplandor de sus mejores obras.\u00bb<br \/>The New York Herald Tribune<\/p>\n<p>\u00abLeer Par\u00eds era una fiesta es como asistir a un banquete con c\u00e9lebres bohemios como anfitriones.\u00bb<br \/>The Observer<\/p>\n<p>\u00abEl novelista norteamericano m\u00e1s importante del sigloXX.\u00bb<br \/>William Faulkner<\/p>\n<p>\u00abLa obra de Hemingway est\u00e1 llena de hallazgos simples y deslumbrantes.\u00bb<br \/>Gabriel Garc\u00eda M\u00e1rquez<\/p>\n<p>\u00abAl igual que Rousseau, Hemingway nos ha se\u00f1alado como prueba del valor humano la capacidad de medirse, de lograr, de fracasar.\u00bb<br \/>Italo Calvino<\/p>\n<p>\u00abHemingway es el Stendhal de nuestro tiempo.\u00bb<br \/>Cesare Pavese<\/p>\n<p>\u00abEn sus p\u00e1ginas descubr\u00ed que la vida alcanzaba verdadera categor\u00eda si la asum\u00edamosdecididos a llegar al final de las empresas, sin que importase si estas eran o no trascendentes para los dem\u00e1s.\u00bb<br \/>Luis Sep\u00falveda<\/p>\n<p>\u00abHemingway fue un entusiasta de la existencia y ese entusiasmo brilla en sus p\u00e1ginas.\u00bb<br \/>Miguel S\u00e1nchez-Ostiz<\/p>\n<p>\u00abEl escritor estadounidense m\u00e1s c\u00e9lebre desde Mark Twain: con \u00e9l la literatura yanqui entr\u00f3 en una nueva dimensi\u00f3n.\u00bb<br \/>Jaime G. Mora, ABC<\/p>\n<p>\u00abSu paleta era incre\u00edblemente amplia, y exquisita y violenta y brutal y fea, era todas esas cosas. Con todos sus defectos, con todas las dificultades, su vida personal o lo que sea, parec\u00eda entender al ser humano.\u00bb<br \/>Michael Katakis<\/p>\n","protected":false},"excerpt":{"rendered":"<p>ERNEST HEMINGWAY<\/p>\n","protected":false},"featured_media":1097365,"template":"","meta":{"_acf_changed":false,"om_disable_all_campaigns":false,"rs_blank_template":"","rs_page_bg_color":"","slide_template_v7":"","inline_featured_image":false,"_monsterinsights_skip_tracking":false,"_monsterinsights_sitenote_active":false,"_monsterinsights_sitenote_note":"","_monsterinsights_sitenote_category":0},"product_brand":[],"product_cat":[127,357],"product_tag":[],"class_list":{"0":"post-1097364","1":"product","2":"type-product","3":"status-publish","4":"has-post-thumbnail","6":"product_cat-novella-contemporania","7":"product_cat-novela-contemporanea","9":"first","10":"instock","11":"taxable","12":"shipping-taxable","13":"purchasable","14":"product-type-simple"},"acf":{"autor":"ERNEST HEMINGWAY","codart":"846637701","libros-coleccion":"CONTEMPORANEA","ediciones":"1","encuadernacion":"R\u00fastica","fecha_de_publicacion":"01\/06\/2024","novedad":"1","paginas":"200","subtitulo":"","orden":"0","portada":"0","idioma":"spa","booktrailer":"","resenas":"","editorial":[{"ID":6178,"post_author":"3","post_date":"2022-07-28 17:46:34","post_date_gmt":"2022-07-28 15:46:34","post_content":"","post_title":"DEBOLSILLO","post_excerpt":"","post_status":"publish","comment_status":"closed","ping_status":"closed","post_password":"","post_name":"debolsillo","to_ping":"","pinged":"","post_modified":"2022-07-28 17:46:34","post_modified_gmt":"2022-07-28 15:46:34","post_content_filtered":"","post_parent":0,"guid":"http:\/\/dev.claret.cat\/editorial\/debolsillo\/","menu_order":0,"post_type":"editorial","post_mime_type":"","comment_count":"0","filter":"raw"}]},"aioseo_notices":[],"_links":{"self":[{"href":"https:\/\/www.claret.cat\/es\/wp-json\/wp\/v2\/product\/1097364","targetHints":{"allow":["GET"]}}],"collection":[{"href":"https:\/\/www.claret.cat\/es\/wp-json\/wp\/v2\/product"}],"about":[{"href":"https:\/\/www.claret.cat\/es\/wp-json\/wp\/v2\/types\/product"}],"wp:featuredmedia":[{"embeddable":true,"href":"https:\/\/www.claret.cat\/es\/wp-json\/wp\/v2\/media\/1097365"}],"wp:attachment":[{"href":"https:\/\/www.claret.cat\/es\/wp-json\/wp\/v2\/media?parent=1097364"}],"wp:term":[{"taxonomy":"product_brand","embeddable":true,"href":"https:\/\/www.claret.cat\/es\/wp-json\/wp\/v2\/product_brand?post=1097364"},{"taxonomy":"product_cat","embeddable":true,"href":"https:\/\/www.claret.cat\/es\/wp-json\/wp\/v2\/product_cat?post=1097364"},{"taxonomy":"product_tag","embeddable":true,"href":"https:\/\/www.claret.cat\/es\/wp-json\/wp\/v2\/product_tag?post=1097364"}],"curies":[{"name":"wp","href":"https:\/\/api.w.org\/{rel}","templated":true}]}}