{"id":1097377,"date":"2026-04-17T10:35:10","date_gmt":"2026-04-17T08:35:10","guid":{"rendered":"https:\/\/www.claret.cat\/llibre\/2009-lany-que-tu-vas-neixer-9788415003366\/"},"modified":"2026-04-17T10:40:11","modified_gmt":"2026-04-17T08:40:11","slug":"2009-lany-que-tu-vas-neixer-9788415003366","status":"publish","type":"product","link":"https:\/\/www.claret.cat\/es\/libro\/2009-lany-que-tu-vas-neixer-9788415003366\/","title":{"rendered":"2009 L&#8217;ANY QUE TU VAS N\u00c9IXER"},"content":{"rendered":"<p>2009 L&#8217;any que tu vas n\u00e9ixer \u00e9s un llibre pensat per a les persones que fan 17 anys el 2026. Recorre els principals fets hist\u00f2rics, socials i culturals d&#8217;aquell any i permet descobrir com era la vida quotidiana: la moda, la m\u00fasica, el cinema i altres curiositats que van marcar el moment. Un volum que convida a la mem\u00f2ria, a la conversa i al descobriment compartit, i que es converteix en un detall original i ple de significat. Forma part de la popular col\u00b7lecci\u00f3 \u00abL&#8217;any que tu vas n\u00e9ixer\u00bb, que inclou els anys compresos entre 1920 i 2009.<\/p>\n","protected":false},"excerpt":{"rendered":"<p>ROSA COLLADO BASCOMPTE<\/p>\n","protected":false},"featured_media":1097378,"template":"","meta":{"_acf_changed":false,"om_disable_all_campaigns":false,"rs_blank_template":"","rs_page_bg_color":"","slide_template_v7":"","inline_featured_image":false,"_monsterinsights_skip_tracking":false,"_monsterinsights_sitenote_active":false,"_monsterinsights_sitenote_note":"","_monsterinsights_sitenote_category":0},"product_brand":[],"product_cat":[105,555],"product_tag":[],"class_list":{"0":"post-1097377","1":"product","2":"type-product","3":"status-publish","4":"has-post-thumbnail","6":"product_cat-regal","7":"product_cat-regalo","9":"first","10":"instock","11":"taxable","12":"shipping-taxable","13":"purchasable","14":"product-type-simple"},"acf":{"autor":"ROSA COLLADO BASCOMPTE","codart":"841500336","libros-coleccion":"","ediciones":"1","encuadernacion":"Grapado","fecha_de_publicacion":"01\/03\/2026","novedad":"1","paginas":"24","subtitulo":"","orden":"0","portada":"0","idioma":"cat","booktrailer":"","resenas":"","editorial":[{"ID":147375,"post_author":"3","post_date":"2022-10-14 11:50:05","post_date_gmt":"2022-10-14 09:50:05","post_content":"","post_title":"ACV Edicions","post_excerpt":"","post_status":"publish","comment_status":"closed","ping_status":"closed","post_password":"","post_name":"acv-edicions-2","to_ping":"","pinged":"","post_modified":"2022-10-14 11:50:05","post_modified_gmt":"2022-10-14 09:50:05","post_content_filtered":"","post_parent":0,"guid":"http:\/\/dev.claret.cat\/editorial\/acv-edicions-2\/","menu_order":0,"post_type":"editorial","post_mime_type":"","comment_count":"0","filter":"raw"}]},"aioseo_notices":[],"_links":{"self":[{"href":"https:\/\/www.claret.cat\/es\/wp-json\/wp\/v2\/product\/1097377","targetHints":{"allow":["GET"]}}],"collection":[{"href":"https:\/\/www.claret.cat\/es\/wp-json\/wp\/v2\/product"}],"about":[{"href":"https:\/\/www.claret.cat\/es\/wp-json\/wp\/v2\/types\/product"}],"wp:featuredmedia":[{"embeddable":true,"href":"https:\/\/www.claret.cat\/es\/wp-json\/wp\/v2\/media\/1097378"}],"wp:attachment":[{"href":"https:\/\/www.claret.cat\/es\/wp-json\/wp\/v2\/media?parent=1097377"}],"wp:term":[{"taxonomy":"product_brand","embeddable":true,"href":"https:\/\/www.claret.cat\/es\/wp-json\/wp\/v2\/product_brand?post=1097377"},{"taxonomy":"product_cat","embeddable":true,"href":"https:\/\/www.claret.cat\/es\/wp-json\/wp\/v2\/product_cat?post=1097377"},{"taxonomy":"product_tag","embeddable":true,"href":"https:\/\/www.claret.cat\/es\/wp-json\/wp\/v2\/product_tag?post=1097377"}],"curies":[{"name":"wp","href":"https:\/\/api.w.org\/{rel}","templated":true}]}}