{"id":1097380,"date":"2026-04-17T10:35:36","date_gmt":"2026-04-17T08:35:36","guid":{"rendered":"https:\/\/www.claret.cat\/llibre\/2009-el-ano-que-tu-naciste-9788415003359\/"},"modified":"2026-04-17T10:40:05","modified_gmt":"2026-04-17T08:40:05","slug":"2009-el-ano-que-tu-naciste-9788415003359","status":"publish","type":"product","link":"https:\/\/www.claret.cat\/es\/libro\/2009-el-ano-que-tu-naciste-9788415003359\/","title":{"rendered":"2009 EL A\u00d1O QUE T\u00da NACISTE"},"content":{"rendered":"<p>2009 El a\u00f1o que t\u00fa naciste es un libro pensado para quienes cumplen 17 a\u00f1os en 2026. Un regalo de cumplea\u00f1os personal y emotivo que, a trav\u00e9s de una cuidada selecci\u00f3n de hechos hist\u00f3ricos, sociales y culturales, permite descubrir c\u00f3mo era la vida en 2009: qu\u00e9 ocurr\u00eda en aquel a\u00f1o, c\u00f3mo era la moda, cu\u00e1les eran las canciones m\u00e1s escuchadas, las pel\u00edculas m\u00e1s destacadas o qu\u00e9 inventos y descubrimientos marcaron el momento, junto con muchas otras curiosidades que sorprenden y despiertan recuerdos. Un volumen que invita a la memoria, a la conversaci\u00f3n y al descubrimiento compartido, convirti\u00e9ndose en un detalle original y lleno de significado. Forma parte de la popular colecci\u00f3n \u00abEl a\u00f1o que t\u00fa naciste\u00bb, que abarca los a\u00f1os comprendidos entre 1920 y 2009.<\/p>\n","protected":false},"excerpt":{"rendered":"<p>ROSA COLLADO BASCOMPTE<\/p>\n","protected":false},"featured_media":1097381,"template":"","meta":{"_acf_changed":false,"om_disable_all_campaigns":false,"rs_blank_template":"","rs_page_bg_color":"","slide_template_v7":"","inline_featured_image":false,"_monsterinsights_skip_tracking":false,"_monsterinsights_sitenote_active":false,"_monsterinsights_sitenote_note":"","_monsterinsights_sitenote_category":0},"product_brand":[],"product_cat":[105,555],"product_tag":[],"class_list":{"0":"post-1097380","1":"product","2":"type-product","3":"status-publish","4":"has-post-thumbnail","6":"product_cat-regal","7":"product_cat-regalo","9":"first","10":"instock","11":"taxable","12":"shipping-taxable","13":"purchasable","14":"product-type-simple"},"acf":{"autor":"ROSA COLLADO BASCOMPTE","codart":"841500335","libros-coleccion":"","ediciones":"1","encuadernacion":"Grapado","fecha_de_publicacion":"01\/03\/2026","novedad":"1","paginas":"24","subtitulo":"","orden":"0","portada":"0","idioma":"spa","booktrailer":"","resenas":"","editorial":[{"ID":147375,"post_author":"3","post_date":"2022-10-14 11:50:05","post_date_gmt":"2022-10-14 09:50:05","post_content":"","post_title":"ACV Edicions","post_excerpt":"","post_status":"publish","comment_status":"closed","ping_status":"closed","post_password":"","post_name":"acv-edicions-2","to_ping":"","pinged":"","post_modified":"2022-10-14 11:50:05","post_modified_gmt":"2022-10-14 09:50:05","post_content_filtered":"","post_parent":0,"guid":"http:\/\/dev.claret.cat\/editorial\/acv-edicions-2\/","menu_order":0,"post_type":"editorial","post_mime_type":"","comment_count":"0","filter":"raw"}]},"aioseo_notices":[],"_links":{"self":[{"href":"https:\/\/www.claret.cat\/es\/wp-json\/wp\/v2\/product\/1097380","targetHints":{"allow":["GET"]}}],"collection":[{"href":"https:\/\/www.claret.cat\/es\/wp-json\/wp\/v2\/product"}],"about":[{"href":"https:\/\/www.claret.cat\/es\/wp-json\/wp\/v2\/types\/product"}],"wp:featuredmedia":[{"embeddable":true,"href":"https:\/\/www.claret.cat\/es\/wp-json\/wp\/v2\/media\/1097381"}],"wp:attachment":[{"href":"https:\/\/www.claret.cat\/es\/wp-json\/wp\/v2\/media?parent=1097380"}],"wp:term":[{"taxonomy":"product_brand","embeddable":true,"href":"https:\/\/www.claret.cat\/es\/wp-json\/wp\/v2\/product_brand?post=1097380"},{"taxonomy":"product_cat","embeddable":true,"href":"https:\/\/www.claret.cat\/es\/wp-json\/wp\/v2\/product_cat?post=1097380"},{"taxonomy":"product_tag","embeddable":true,"href":"https:\/\/www.claret.cat\/es\/wp-json\/wp\/v2\/product_tag?post=1097380"}],"curies":[{"name":"wp","href":"https:\/\/api.w.org\/{rel}","templated":true}]}}