{"id":1097386,"date":"2026-04-17T11:50:10","date_gmt":"2026-04-17T09:50:10","guid":{"rendered":"https:\/\/www.claret.cat\/llibre\/la-plegaria-eucaristica-9788430122103\/"},"modified":"2026-04-17T16:40:06","modified_gmt":"2026-04-17T14:40:06","slug":"la-plegaria-eucaristica-9788430122103","status":"publish","type":"product","link":"https:\/\/www.claret.cat\/es\/libro\/la-plegaria-eucaristica-9788430122103\/","title":{"rendered":"LA PLEGARIA EUCAR\u00cdSTICA"},"content":{"rendered":"<p class='ql-align-justify'>El profesor Cesare Giraudo nos ofrece en esta obra una reflexi\u00f3n sobre el significado de la celebraci\u00f3n eucar\u00edstica siguiendo el ejemplo de los Padres de la Iglesia, que \u00aboraban y despu\u00e9s cre\u00edan, oraban para poder creer, oraban para saber c\u00f3mo y qu\u00e9 deb\u00edan creer\u00bb.<\/p>\n<p class='ql-align-justify'>Estas p\u00e1ginas \u00e1giles y profundas constituyen una serie de catequesis mistag\u00f3gicas sobre los diversos momentos de la plegaria eucar\u00edstica, concebidos no como una sucesi\u00f3n de partes deslavazadas, sino como una unidad capaz de conducirnos al coraz\u00f3n del misterio cristiano.<\/p>\n<p class='ql-align-justify'>Se trata de un intento de analizar la eucarist\u00eda no desde la mesa de estudio, sino \u00aben la iglesia\u00bb, a partir del lugar y el momento de la misma celebraci\u00f3n. As\u00ed, el redescubrimiento de la eucarist\u00eda ser\u00e1 tambi\u00e9n el de la Iglesia, es decir, el del cuerpo eclesial formado por los participantes.<\/p>\n<p><\/p>\n","protected":false},"excerpt":{"rendered":"<p>GIRAUDO, CESARE<\/p>\n","protected":false},"featured_media":1097387,"template":"","meta":{"_acf_changed":false,"om_disable_all_campaigns":false,"rs_blank_template":"","rs_page_bg_color":"","slide_template_v7":"","inline_featured_image":false,"_monsterinsights_skip_tracking":false,"_monsterinsights_sitenote_active":false,"_monsterinsights_sitenote_note":"","_monsterinsights_sitenote_category":0},"product_brand":[],"product_cat":[90,540],"product_tag":[],"class_list":{"0":"post-1097386","1":"product","2":"type-product","3":"status-publish","4":"has-post-thumbnail","6":"product_cat-altres","7":"product_cat-otros","9":"first","10":"instock","11":"taxable","12":"shipping-taxable","13":"purchasable","14":"product-type-simple"},"acf":{"autor":"GIRAUDO, CESARE","codart":"843012210","libros-coleccion":"VERDAD E IMAGEN-MINOR","ediciones":"2","encuadernacion":"R\u00fastica","fecha_de_publicacion":"17\/04\/2026","novedad":"0","paginas":"160","subtitulo":"CULMEN Y FUENTE DE LA DIVINA LITURGIA","orden":"999","portada":"0","idioma":"spa","booktrailer":"","resenas":"","editorial":[{"ID":6364,"post_author":"3","post_date":"2022-07-28 17:50:36","post_date_gmt":"2022-07-28 15:50:36","post_content":"","post_title":"S\u00edgueme","post_excerpt":"","post_status":"publish","comment_status":"closed","ping_status":"closed","post_password":"","post_name":"sigueme","to_ping":"","pinged":"","post_modified":"2022-07-28 17:50:36","post_modified_gmt":"2022-07-28 15:50:36","post_content_filtered":"","post_parent":0,"guid":"http:\/\/dev.claret.cat\/editorial\/sigueme\/","menu_order":0,"post_type":"editorial","post_mime_type":"","comment_count":"0","filter":"raw"}]},"aioseo_notices":[],"_links":{"self":[{"href":"https:\/\/www.claret.cat\/es\/wp-json\/wp\/v2\/product\/1097386","targetHints":{"allow":["GET"]}}],"collection":[{"href":"https:\/\/www.claret.cat\/es\/wp-json\/wp\/v2\/product"}],"about":[{"href":"https:\/\/www.claret.cat\/es\/wp-json\/wp\/v2\/types\/product"}],"wp:featuredmedia":[{"embeddable":true,"href":"https:\/\/www.claret.cat\/es\/wp-json\/wp\/v2\/media\/1097387"}],"wp:attachment":[{"href":"https:\/\/www.claret.cat\/es\/wp-json\/wp\/v2\/media?parent=1097386"}],"wp:term":[{"taxonomy":"product_brand","embeddable":true,"href":"https:\/\/www.claret.cat\/es\/wp-json\/wp\/v2\/product_brand?post=1097386"},{"taxonomy":"product_cat","embeddable":true,"href":"https:\/\/www.claret.cat\/es\/wp-json\/wp\/v2\/product_cat?post=1097386"},{"taxonomy":"product_tag","embeddable":true,"href":"https:\/\/www.claret.cat\/es\/wp-json\/wp\/v2\/product_tag?post=1097386"}],"curies":[{"name":"wp","href":"https:\/\/api.w.org\/{rel}","templated":true}]}}