{"id":1097406,"date":"2026-04-17T12:55:02","date_gmt":"2026-04-17T10:55:02","guid":{"rendered":"https:\/\/www.claret.cat\/llibre\/benvolguda-debbie-9791387653873\/"},"modified":"2026-04-17T13:50:05","modified_gmt":"2026-04-17T11:50:05","slug":"benvolguda-debbie-9791387653873","status":"publish","type":"product","link":"https:\/\/www.claret.cat\/es\/libro\/benvolguda-debbie-9791387653873\/","title":{"rendered":"BENVOLGUDA DEBBIE"},"content":{"rendered":"<p>L&#8217;autora supervendes del fenomen literari internacional L&#8217;assistenta torna amb un thriller inquietant i provocador sobre una dona que ja no pensa callar, i que far\u00e0 just\u00edcia&#8230; costi el que costi. La Debbie Mullen est\u00e0 al l\u00edmit. Durant anys, ha donat consells \u00fatils i assenyats a la seva columna setmanal, &#8216;Benvolguda Debbie&#8217;, on les dones de Nova Anglaterra acudeixen a la recerca d&#8221;empatia i orientaci\u00f3 pr\u00e0ctica. Per la seva feina, la Debbie ha escoltat innombrables dones ignorades, menyspreades i fins i tot maltractades pels seus marits. I ella sempre fa el possible per ajudar-les a trobar el cam\u00ed correcte. O aix\u00f2 \u00e9s el que feia abans&#8230; Darrerament, la seva vida est\u00e0 fora de control. Acaba de perdre la feina. Alguna cosa estranya est\u00e0 passant amb les seves filles adolescents. I el seu marit guarda secrets, o aix\u00f2 sembla quan revisa l&#8217;aplicaci\u00f3 de geolocalitzaci\u00f3 que ella mateixa li ha instal\u00b7lat al m\u00f2bil. Ara la Debbie ja est\u00e0 farta de fer el que \u00e9s moralment correcte. Est\u00e0 farta de ser sensata i pr\u00e0ctica. Ha arribat el moment de posar en pr\u00e0ctica els seus propis consells. I ha arribat, tamb\u00e9, l&#8217;hora de passar comptes amb totes les persones de la seva vida que m\u00e9s s&#8217;ho mereixen. &#8216;Una hist\u00f2ria de venjan\u00e7a perfectament constru\u00efda i diab\u00f2licament divertida. No podia parar de llegir! &#8216;<br \/>Shari Lapena, autora de La parella del costat<\/p>\n","protected":false},"excerpt":{"rendered":"<p>FREIDA MCFADDEN<\/p>\n","protected":false},"featured_media":1097407,"template":"","meta":{"_acf_changed":false,"om_disable_all_campaigns":false,"rs_blank_template":"","rs_page_bg_color":"","slide_template_v7":"","inline_featured_image":false,"_monsterinsights_skip_tracking":false,"_monsterinsights_sitenote_active":false,"_monsterinsights_sitenote_note":"","_monsterinsights_sitenote_category":0},"product_brand":[],"product_cat":[127,357],"product_tag":[],"class_list":{"0":"post-1097406","1":"product","2":"type-product","3":"status-publish","4":"has-post-thumbnail","6":"product_cat-novella-contemporania","7":"product_cat-novela-contemporanea","9":"first","10":"instock","11":"taxable","12":"shipping-taxable","13":"purchasable","14":"product-type-simple"},"acf":{"autor":"FREIDA MCFADDEN","codart":"138765387","libros-coleccion":"","ediciones":"1","encuadernacion":"R\u00fastica","fecha_de_publicacion":"21\/04\/2026","novedad":"1","paginas":"320","subtitulo":"","orden":"0","portada":"0","idioma":"cat","booktrailer":"","resenas":"","editorial":[{"ID":6350,"post_author":"3","post_date":"2022-07-28 17:50:18","post_date_gmt":"2022-07-28 15:50:18","post_content":"","post_title":"ROSA DELS VENTS","post_excerpt":"","post_status":"publish","comment_status":"closed","ping_status":"closed","post_password":"","post_name":"rosa-dels-vents","to_ping":"","pinged":"","post_modified":"2022-07-28 17:50:18","post_modified_gmt":"2022-07-28 15:50:18","post_content_filtered":"","post_parent":0,"guid":"http:\/\/dev.claret.cat\/editorial\/rosa-dels-vents\/","menu_order":0,"post_type":"editorial","post_mime_type":"","comment_count":"0","filter":"raw"}]},"aioseo_notices":[],"_links":{"self":[{"href":"https:\/\/www.claret.cat\/es\/wp-json\/wp\/v2\/product\/1097406","targetHints":{"allow":["GET"]}}],"collection":[{"href":"https:\/\/www.claret.cat\/es\/wp-json\/wp\/v2\/product"}],"about":[{"href":"https:\/\/www.claret.cat\/es\/wp-json\/wp\/v2\/types\/product"}],"wp:featuredmedia":[{"embeddable":true,"href":"https:\/\/www.claret.cat\/es\/wp-json\/wp\/v2\/media\/1097407"}],"wp:attachment":[{"href":"https:\/\/www.claret.cat\/es\/wp-json\/wp\/v2\/media?parent=1097406"}],"wp:term":[{"taxonomy":"product_brand","embeddable":true,"href":"https:\/\/www.claret.cat\/es\/wp-json\/wp\/v2\/product_brand?post=1097406"},{"taxonomy":"product_cat","embeddable":true,"href":"https:\/\/www.claret.cat\/es\/wp-json\/wp\/v2\/product_cat?post=1097406"},{"taxonomy":"product_tag","embeddable":true,"href":"https:\/\/www.claret.cat\/es\/wp-json\/wp\/v2\/product_tag?post=1097406"}],"curies":[{"name":"wp","href":"https:\/\/api.w.org\/{rel}","templated":true}]}}