{"id":1097409,"date":"2026-04-17T13:00:08","date_gmt":"2026-04-17T11:00:08","guid":{"rendered":"https:\/\/www.claret.cat\/llibre\/el-hombre-sentimental-9788420477718\/"},"modified":"2026-04-22T17:15:36","modified_gmt":"2026-04-22T15:15:36","slug":"el-hombre-sentimental-9788420477718","status":"publish","type":"product","link":"https:\/\/www.claret.cat\/es\/libro\/el-hombre-sentimental-9788420477718\/","title":{"rendered":"EL HOMBRE SENTIMENTAL"},"content":{"rendered":"<p>El hombre sentimental, escrita con un ritmo que se acelera progresivamente hasta un inesperado desenlace, es el libro que, como se\u00f1al\u00f3 Juan Benet, dio inicio a una etapa nueva y m\u00e1s \u00edntima en la obra de Javier Mar\u00edas. \u00abEl hombre sentimental es una historia de amor en la que el amor no se ve ni se vive, sino que se anuncia y recuerda\u00bb, dice Javier Mar\u00edas en su ep\u00edlogo. Y se pregunta: \u00ab\u00bfPuede esto ocurrir?\u00bb. Un famoso tenor, conocido como el Le\u00f3n de N\u00e1poles, es el encargado de contar esa historia sucedida cuatro a\u00f1os atr\u00e1s, durante una visita a Madrid para ensayar el Otello de Verdi. Los personajes son la misteriosa y melanc\u00f3lica Natalia Manur; su marido, el banquero Manur, y el imperturbable y obsequioso se\u00f1or Dato, acompa\u00f1ante de profesi\u00f3n. A su alrededor se mueven otros secundarios: una prostituta apresurada, una vieja gloria de la escena oper\u00edstica, un minucioso viudo, un antiguo amor. Es esta una novela sobre pasiones llevadas hasta las \u00faltimas consecuencias, que en los tiempos que corren s\u00f3lo son verdaderamente \u00faltimas para el hombre sentimental, que parece ser el artista o el pensador, pero que tal vez sea, por el contrario, el hombre de negocios, el hombre de acci\u00f3n. En este libro, que contiene una declaraci\u00f3n de amor gravemente encendida, el autor no ha renunciado a la iron\u00eda, a la leve burla impl\u00edcita de sus h\u00e9roes, a los que no puede evitar tomarse muy en serio y algo a broma al mismo tiempo, mientras el ritmo se acelera progresivamente hasta un inesperado desenlace. El hombre sentimental fue galardonada en 2000 con el Premio Internazionale Ennio Flaiano de Novela. Rese\u00f1a:<br \/>\u00abJavier Mar\u00edas ha escrito una excelente novela. Sutil en los an\u00e1lisis psicol\u00f3gicos, preciosista en su desarrollo, insospechada en su final. He pensado -pienso- en Proust y Unamuno\u00bb.<br \/>Manuel Alvar, ABC \u00abGloriosa frase tras gloriosa frase&#8230; \u00bfHay en Europa mejor escritor que Javier Mar\u00edas?\u00bb.<br \/>The Independent \u00abJavier Mar\u00edas es un escritor maravilloso\u00bb.<br \/>John Banville\u00abMar\u00edas es sencillamente asombroso\u00bb.<br \/>Ali Smith \u00abEncontr\u00f3 una voz, una tem\u00e1tica y un estilo tan propios que lo convirtieron en un fen\u00f3meno exc\u00e9ntrico, dentro de la literatura espa\u00f1ola y quiz\u00e1 tambi\u00e9n para s\u00ed mismo. La escritura de Javier Mar\u00edas no se parece a ninguna otra\u00bb.<br \/>Eduardo Mendoza\u00abEs uno de esos raros y preciosos seres, un simple novelista que ama las historias e intrigado por el mal\u00bb.<br \/>Colm T\u00f3ib\u00edn \u00abMar\u00edas representa a las letras hispanas en el mundo por su prosa de fuerza expresiva\u00bb.<br \/>Mircea Cartarescu<\/p>\n","protected":false},"excerpt":{"rendered":"<p>JAVIER MAR\u00cdAS<\/p>\n","protected":false},"featured_media":1097410,"template":"","meta":{"_acf_changed":false,"om_disable_all_campaigns":false,"rs_blank_template":"","rs_page_bg_color":"","slide_template_v7":"","inline_featured_image":false,"_monsterinsights_skip_tracking":false,"_monsterinsights_sitenote_active":false,"_monsterinsights_sitenote_note":"","_monsterinsights_sitenote_category":0},"product_brand":[],"product_cat":[127,357],"product_tag":[],"class_list":{"0":"post-1097409","1":"product","2":"type-product","3":"status-publish","4":"has-post-thumbnail","6":"product_cat-novella-contemporania","7":"product_cat-novela-contemporanea","9":"first","10":"instock","11":"taxable","12":"shipping-taxable","13":"purchasable","14":"product-type-simple"},"acf":{"autor":"JAVIER MAR\u00cdAS","codart":"842047771","libros-coleccion":"HISP\u00c1NICA","ediciones":"1","encuadernacion":"R\u00fastica","fecha_de_publicacion":"01\/09\/2024","novedad":"1","paginas":"160","subtitulo":"","orden":"0","portada":"0","idioma":"spa","booktrailer":"","resenas":"","editorial":[{"ID":6118,"post_author":"3","post_date":"2022-07-28 17:45:17","post_date_gmt":"2022-07-28 15:45:17","post_content":"","post_title":"ALFAGUARA","post_excerpt":"","post_status":"publish","comment_status":"closed","ping_status":"closed","post_password":"","post_name":"alfaguara","to_ping":"","pinged":"","post_modified":"2022-07-28 17:45:17","post_modified_gmt":"2022-07-28 15:45:17","post_content_filtered":"","post_parent":0,"guid":"http:\/\/dev.claret.cat\/editorial\/alfaguara\/","menu_order":0,"post_type":"editorial","post_mime_type":"","comment_count":"0","filter":"raw"}]},"aioseo_notices":[],"_links":{"self":[{"href":"https:\/\/www.claret.cat\/es\/wp-json\/wp\/v2\/product\/1097409","targetHints":{"allow":["GET"]}}],"collection":[{"href":"https:\/\/www.claret.cat\/es\/wp-json\/wp\/v2\/product"}],"about":[{"href":"https:\/\/www.claret.cat\/es\/wp-json\/wp\/v2\/types\/product"}],"wp:featuredmedia":[{"embeddable":true,"href":"https:\/\/www.claret.cat\/es\/wp-json\/wp\/v2\/media\/1097410"}],"wp:attachment":[{"href":"https:\/\/www.claret.cat\/es\/wp-json\/wp\/v2\/media?parent=1097409"}],"wp:term":[{"taxonomy":"product_brand","embeddable":true,"href":"https:\/\/www.claret.cat\/es\/wp-json\/wp\/v2\/product_brand?post=1097409"},{"taxonomy":"product_cat","embeddable":true,"href":"https:\/\/www.claret.cat\/es\/wp-json\/wp\/v2\/product_cat?post=1097409"},{"taxonomy":"product_tag","embeddable":true,"href":"https:\/\/www.claret.cat\/es\/wp-json\/wp\/v2\/product_tag?post=1097409"}],"curies":[{"name":"wp","href":"https:\/\/api.w.org\/{rel}","templated":true}]}}