{"id":1097469,"date":"2026-04-17T17:00:26","date_gmt":"2026-04-17T15:00:26","guid":{"rendered":"https:\/\/www.claret.cat\/llibre\/josafat-9791399079050\/"},"modified":"2026-04-17T17:00:56","modified_gmt":"2026-04-17T15:00:56","slug":"josafat-9791399079050","status":"publish","type":"product","link":"https:\/\/www.claret.cat\/es\/libro\/josafat-9791399079050\/","title":{"rendered":"JOSAFAT"},"content":{"rendered":"<p>En el cor ombr\u00edvol de l\u2019esgl\u00e9sia de Santa Maria, entre l\u2019olor d\u2019encens i la pedra freda, batega la hist\u00f2ria de Josafat, un \u00e9sser solitari, de for\u00e7a primitiva, atrapat entre la pulsi\u00f3 carnal i el pes asfixiant de la moral religiosa. La irrupci\u00f3 de Fineta sacseja l\u2019ordre aparent del temple i desencadena una tensi\u00f3 creixent que aboca el protagonista a un conflicte intern devastador. Amb una ploma magistral i un llenguatge fer\u00e9stec, Bertrana construeix un univers gaireb\u00e9 claustrof\u00f2bic, un relat ple de simbolisme que ha despertat tant esc\u00e0ndol com fascinaci\u00f3 entre diverses generacions de lectors.<\/p>\n<p> Josafat (1906) \u00e9s sens dubte l\u2019obra que va consagrar Bertrana com a escriptor. Aquesta edici\u00f3 especial del 120\u00e8 aniversari, a cura de Xavier Pla, proposa una nova lectura d\u2019una de les novel\u00b7les m\u00e9s singulars i torbadores de la literatura catalana. El volum es completa amb tres ep\u00edlegs d\u2019Adri\u00e0 Pujol, Cl\u00e0udia Rius i N\u00faria Bendicho Gir\u00f3, que dialoguen amb el text i en revelen les m\u00faltiples lectures i resson\u00e0ncies en el present.<\/p>\n","protected":false},"excerpt":{"rendered":"<p>PRUDENCI BERTRANA COMPTE<\/p>\n","protected":false},"featured_media":1097470,"template":"","meta":{"_acf_changed":false,"om_disable_all_campaigns":false,"rs_blank_template":"","rs_page_bg_color":"","slide_template_v7":"","inline_featured_image":false,"_monsterinsights_skip_tracking":false,"_monsterinsights_sitenote_active":false,"_monsterinsights_sitenote_note":"","_monsterinsights_sitenote_category":0},"product_brand":[],"product_cat":[127,357],"product_tag":[],"class_list":{"0":"post-1097469","1":"product","2":"type-product","3":"status-publish","4":"has-post-thumbnail","6":"product_cat-novella-contemporania","7":"product_cat-novela-contemporanea","9":"first","10":"instock","11":"taxable","12":"shipping-taxable","13":"purchasable","14":"product-type-simple"},"acf":{"autor":"PRUDENCI BERTRANA COMPTE","codart":"139907905","libros-coleccion":"","ediciones":"1","encuadernacion":"R\u00fastica","fecha_de_publicacion":"01\/03\/2026","novedad":"1","paginas":"144","subtitulo":"EDICI\u00d3 ESPECIAL 120\u00c8 ANIVERSARI","orden":"0","portada":"0","idioma":"cat","booktrailer":"","resenas":"","editorial":[{"ID":6212,"post_author":"3","post_date":"2022-07-28 17:47:16","post_date_gmt":"2022-07-28 15:47:16","post_content":"","post_title":"EDICIONS DE LA ELA GEMINADA","post_excerpt":"","post_status":"publish","comment_status":"closed","ping_status":"closed","post_password":"","post_name":"edicions-de-la-ela-geminada","to_ping":"","pinged":"","post_modified":"2022-07-28 17:47:16","post_modified_gmt":"2022-07-28 15:47:16","post_content_filtered":"","post_parent":0,"guid":"http:\/\/dev.claret.cat\/editorial\/edicions-de-la-ela-geminada\/","menu_order":0,"post_type":"editorial","post_mime_type":"","comment_count":"0","filter":"raw"}]},"aioseo_notices":[],"_links":{"self":[{"href":"https:\/\/www.claret.cat\/es\/wp-json\/wp\/v2\/product\/1097469","targetHints":{"allow":["GET"]}}],"collection":[{"href":"https:\/\/www.claret.cat\/es\/wp-json\/wp\/v2\/product"}],"about":[{"href":"https:\/\/www.claret.cat\/es\/wp-json\/wp\/v2\/types\/product"}],"wp:featuredmedia":[{"embeddable":true,"href":"https:\/\/www.claret.cat\/es\/wp-json\/wp\/v2\/media\/1097470"}],"wp:attachment":[{"href":"https:\/\/www.claret.cat\/es\/wp-json\/wp\/v2\/media?parent=1097469"}],"wp:term":[{"taxonomy":"product_brand","embeddable":true,"href":"https:\/\/www.claret.cat\/es\/wp-json\/wp\/v2\/product_brand?post=1097469"},{"taxonomy":"product_cat","embeddable":true,"href":"https:\/\/www.claret.cat\/es\/wp-json\/wp\/v2\/product_cat?post=1097469"},{"taxonomy":"product_tag","embeddable":true,"href":"https:\/\/www.claret.cat\/es\/wp-json\/wp\/v2\/product_tag?post=1097469"}],"curies":[{"name":"wp","href":"https:\/\/api.w.org\/{rel}","templated":true}]}}