{"id":1097536,"date":"2026-04-18T10:35:07","date_gmt":"2026-04-18T08:35:07","guid":{"rendered":"https:\/\/www.claret.cat\/llibre\/li-receptare-un-altre-gat-9788466434973-5\/"},"modified":"2026-04-18T10:35:42","modified_gmt":"2026-04-18T08:35:42","slug":"li-receptare-un-altre-gat-9788466434973-5","status":"publish","type":"product","link":"https:\/\/www.claret.cat\/es\/libro\/li-receptare-un-altre-gat-9788466434973-5\/","title":{"rendered":"LI RECEPTAR\u00c9 UN ALTRE GAT"},"content":{"rendered":"<p>Despr\u00e9s del gran \u00e8xit de Li receptar\u00e9 un gat, la Cl\u00ednica Kokoro torna a obrir les portes amb m\u00e9s casos d\u2019humans perduts que necessiten, sense saber-ho, l\u2019amor d\u2019un fel\u00ed.Torna la Cl\u00ednica Kokoro, el lloc on et donaran la recepta infal\u00b7lible per a l\u2019\u00e0nima&#8230; i sense contraindicacions.<br \/> Encara que la seva adre\u00e7a sigui un misteri, la Cl\u00ednica Kokoro sempre apareix davant de les persones que la necessiten. All\u00e0 els esperen la infermera Chitose i el doctor Nike, disposats a escoltar les seves dificultats i a donar-los el remei peludet que m\u00e9s els convingui.<br \/> I \u00e9s que compten amb una nova colla de gats irresistibles: en Kotetsu, un cadell de bengal\u00ed amb tanta energia que sembla incontrolable; la Shasha, una gateta tan petita com intr\u00e8pida, o la senyoreta Michiko, una felina tan mandrosa, suau i reconfortant com un motxi.<br \/> A trav\u00e9s d\u2019hist\u00f2ries que s\u2019entrellacen de personatges amb dificultats \u2014amors impossibles, p\u00e8rdues doloroses o segones oportunitats\u2014, aquesta novel\u00b7la tendra i m\u00e0gica ens recorda que els gats poden ser imprevisibles\u2026 per\u00f2 tamb\u00e9 capa\u00e7os de canviar-nos la vida.<br \/> Una lectura lluminosa, profundament reconfortant, plena d\u2019emoci\u00f3 i calidesa, per a tots aquells que creuen en el poder guaridor dels gats.<br \/> \u00a0<br \/> \u00ab\u2014Els gats s\u00f3n especialment efica\u00e7os en persones com vost\u00e8, que se\u2019n preocupen. Li receptar\u00e9 aquesta gateta, senyoreta Kajiwara, per\u00f2 no oblidi de prendre-se-la juntament amb la gata que ja t\u00e9 a casa. Duplicarem la dosi per atacar la zona afectada \u2014va dir el metge, com si anunci\u00e9s un remei per als refredats\u00bb.<\/p>\n","protected":false},"excerpt":{"rendered":"<p>SYOU ISHIDA<\/p>\n","protected":false},"featured_media":1097537,"template":"","meta":{"_acf_changed":false,"om_disable_all_campaigns":false,"rs_blank_template":"","rs_page_bg_color":"","slide_template_v7":"","inline_featured_image":false,"_monsterinsights_skip_tracking":false,"_monsterinsights_sitenote_active":false,"_monsterinsights_sitenote_note":"","_monsterinsights_sitenote_category":0},"product_brand":[],"product_cat":[127,357],"product_tag":[],"class_list":{"0":"post-1097536","1":"product","2":"type-product","3":"status-publish","4":"has-post-thumbnail","6":"product_cat-novella-contemporania","7":"product_cat-novela-contemporanea","9":"first","10":"instock","11":"taxable","12":"shipping-taxable","13":"purchasable","14":"product-type-simple"},"acf":{"autor":"SYOU ISHIDA","codart":"846643497","libros-coleccion":"","ediciones":"1","encuadernacion":"Carton\u00e9","fecha_de_publicacion":"01\/04\/2026","novedad":"1","paginas":"302","subtitulo":"","orden":"0","portada":"0","idioma":"cat","booktrailer":"","resenas":"","editorial":[{"ID":6166,"post_author":"3","post_date":"2022-07-28 17:46:19","post_date_gmt":"2022-07-28 15:46:19","post_content":"","post_title":"Columna CAT","post_excerpt":"","post_status":"publish","comment_status":"closed","ping_status":"closed","post_password":"","post_name":"columna-cat","to_ping":"","pinged":"","post_modified":"2022-07-28 17:46:19","post_modified_gmt":"2022-07-28 15:46:19","post_content_filtered":"","post_parent":0,"guid":"http:\/\/dev.claret.cat\/editorial\/columna-cat\/","menu_order":0,"post_type":"editorial","post_mime_type":"","comment_count":"0","filter":"raw"}]},"aioseo_notices":[],"_links":{"self":[{"href":"https:\/\/www.claret.cat\/es\/wp-json\/wp\/v2\/product\/1097536","targetHints":{"allow":["GET"]}}],"collection":[{"href":"https:\/\/www.claret.cat\/es\/wp-json\/wp\/v2\/product"}],"about":[{"href":"https:\/\/www.claret.cat\/es\/wp-json\/wp\/v2\/types\/product"}],"wp:featuredmedia":[{"embeddable":true,"href":"https:\/\/www.claret.cat\/es\/wp-json\/wp\/v2\/media\/1097537"}],"wp:attachment":[{"href":"https:\/\/www.claret.cat\/es\/wp-json\/wp\/v2\/media?parent=1097536"}],"wp:term":[{"taxonomy":"product_brand","embeddable":true,"href":"https:\/\/www.claret.cat\/es\/wp-json\/wp\/v2\/product_brand?post=1097536"},{"taxonomy":"product_cat","embeddable":true,"href":"https:\/\/www.claret.cat\/es\/wp-json\/wp\/v2\/product_cat?post=1097536"},{"taxonomy":"product_tag","embeddable":true,"href":"https:\/\/www.claret.cat\/es\/wp-json\/wp\/v2\/product_tag?post=1097536"}],"curies":[{"name":"wp","href":"https:\/\/api.w.org\/{rel}","templated":true}]}}