{"id":1097541,"date":"2026-04-18T10:50:52","date_gmt":"2026-04-18T08:50:52","guid":{"rendered":"https:\/\/www.claret.cat\/llibre\/historia-de-la-alegria-9791370091927\/"},"modified":"2026-04-18T10:51:03","modified_gmt":"2026-04-18T08:51:03","slug":"historia-de-la-alegria-9791370091927","status":"publish","type":"product","link":"https:\/\/www.claret.cat\/es\/libro\/historia-de-la-alegria-9791370091927\/","title":{"rendered":"HISTORIA DE LA ALEGR\u00cdA"},"content":{"rendered":"<p>Dejando de lado las pasiones multitudinarias, Alain Corbin esboza, con un estilo asequible, rico en referencias y detalles, la historia de la emoci\u00f3n m\u00e1s huidiza: \u00abla alegr\u00eda \u00edntima experimentada en lo m\u00e1s profundo del ser\u00bb.<\/p>\n<p> Como ya hiciera con Historia del silencio, en este ensayo breve, apasionante y bien documentado, Alain Corbin rastrea qu\u00e9 experiencias han desencadenado alegr\u00eda entre las personas desde la antig\u00fcedad hasta el siglo xx, seg\u00fan las circunstancias y las etapas de la vida.<\/p>\n<p> Sirvi\u00e9ndose de numerosas referencias filos\u00f3ficas, literarias, epistolares, teol\u00f3gicas y jur\u00eddicas, el gran historiador de las sensibilidades muestra c\u00f3mo la b\u00fasqueda de la alegr\u00eda ha sido una fuerza impulsora para la transformaci\u00f3n personal y de la sociedad en Occidente a lo largo de los siglos.<\/p>\n","protected":false},"excerpt":{"rendered":"<p>ALAIN CORBIN<\/p>\n","protected":false},"featured_media":1097542,"template":"","meta":{"_acf_changed":false,"om_disable_all_campaigns":false,"rs_blank_template":"","rs_page_bg_color":"","slide_template_v7":"","inline_featured_image":false,"_monsterinsights_skip_tracking":false,"_monsterinsights_sitenote_active":false,"_monsterinsights_sitenote_note":"","_monsterinsights_sitenote_category":0},"product_brand":[],"product_cat":[157,370],"product_tag":[],"class_list":{"0":"post-1097541","1":"product","2":"type-product","3":"status-publish","4":"has-post-thumbnail","6":"product_cat-investigacio-i-corrents","7":"product_cat-investigacion-y-corrientes","9":"first","10":"instock","11":"taxable","12":"shipping-taxable","13":"purchasable","14":"product-type-simple"},"acf":{"autor":"ALAIN CORBIN","codart":"137009192","libros-coleccion":"","ediciones":"1","encuadernacion":"R\u00fastica","fecha_de_publicacion":"01\/03\/2026","novedad":"1","paginas":"184","subtitulo":"UN VIAJE AL INTERIOR DE NUESTRA INTIMIDAD","orden":"0","portada":"1","idioma":"spa","booktrailer":"","resenas":"","editorial":[{"ID":6119,"post_author":"3","post_date":"2022-07-28 17:45:18","post_date_gmt":"2022-07-28 15:45:18","post_content":"","post_title":"Alianza Editorial","post_excerpt":"","post_status":"publish","comment_status":"closed","ping_status":"closed","post_password":"","post_name":"alianza-editorial","to_ping":"","pinged":"","post_modified":"2022-07-28 17:45:18","post_modified_gmt":"2022-07-28 15:45:18","post_content_filtered":"","post_parent":0,"guid":"http:\/\/dev.claret.cat\/editorial\/alianza-editorial\/","menu_order":0,"post_type":"editorial","post_mime_type":"","comment_count":"0","filter":"raw"}]},"aioseo_notices":[],"_links":{"self":[{"href":"https:\/\/www.claret.cat\/es\/wp-json\/wp\/v2\/product\/1097541","targetHints":{"allow":["GET"]}}],"collection":[{"href":"https:\/\/www.claret.cat\/es\/wp-json\/wp\/v2\/product"}],"about":[{"href":"https:\/\/www.claret.cat\/es\/wp-json\/wp\/v2\/types\/product"}],"wp:featuredmedia":[{"embeddable":true,"href":"https:\/\/www.claret.cat\/es\/wp-json\/wp\/v2\/media\/1097542"}],"wp:attachment":[{"href":"https:\/\/www.claret.cat\/es\/wp-json\/wp\/v2\/media?parent=1097541"}],"wp:term":[{"taxonomy":"product_brand","embeddable":true,"href":"https:\/\/www.claret.cat\/es\/wp-json\/wp\/v2\/product_brand?post=1097541"},{"taxonomy":"product_cat","embeddable":true,"href":"https:\/\/www.claret.cat\/es\/wp-json\/wp\/v2\/product_cat?post=1097541"},{"taxonomy":"product_tag","embeddable":true,"href":"https:\/\/www.claret.cat\/es\/wp-json\/wp\/v2\/product_tag?post=1097541"}],"curies":[{"name":"wp","href":"https:\/\/api.w.org\/{rel}","templated":true}]}}