{"id":1097674,"date":"2026-04-20T16:30:23","date_gmt":"2026-04-20T14:30:23","guid":{"rendered":"https:\/\/www.claret.cat\/llibre\/cuentos-gringos-9791388224034\/"},"modified":"2026-04-20T16:31:54","modified_gmt":"2026-04-20T14:31:54","slug":"cuentos-gringos-9791388224034","status":"publish","type":"product","link":"https:\/\/www.claret.cat\/es\/libro\/cuentos-gringos-9791388224034\/","title":{"rendered":"CUENTOS GRINGOS"},"content":{"rendered":"<p>En Cuentos gringos hay tornados, campos de ma\u00edz, animales salvajes, reptilianos, muertes inesperadas y mucho, mucho fr\u00edo. Una docena de relatos que proponen un viaje hacia lo m\u00e1s profundo de los Estados Unidos. Desasosiego y violencia, fen\u00f3menos naturales<\/p>\n","protected":false},"excerpt":{"rendered":"<p>LARA DOPAZO RUIBAL<\/p>\n","protected":false},"featured_media":1097675,"template":"","meta":{"_acf_changed":false,"om_disable_all_campaigns":false,"rs_blank_template":"","rs_page_bg_color":"","slide_template_v7":"","inline_featured_image":false,"_monsterinsights_skip_tracking":false,"_monsterinsights_sitenote_active":false,"_monsterinsights_sitenote_note":"","_monsterinsights_sitenote_category":0},"product_brand":[],"product_cat":[127,357],"product_tag":[],"class_list":{"0":"post-1097674","1":"product","2":"type-product","3":"status-publish","4":"has-post-thumbnail","6":"product_cat-novella-contemporania","7":"product_cat-novela-contemporanea","9":"first","10":"instock","11":"taxable","12":"shipping-taxable","13":"purchasable","14":"product-type-simple"},"acf":{"autor":"LARA DOPAZO RUIBAL","codart":"138822403","libros-coleccion":"","ediciones":"1","encuadernacion":"R\u00fastica","fecha_de_publicacion":"01\/03\/2026","novedad":"1","paginas":"120","subtitulo":"","orden":"0","portada":"0","idioma":"spa","booktrailer":"","resenas":"","editorial":[{"ID":1097673,"post_author":"3","post_date":"2026-04-20 16:30:19","post_date_gmt":"2026-04-20 14:30:19","post_content":"","post_title":"Merl\u00edn Comunicaci\u00f3n","post_excerpt":"","post_status":"publish","comment_status":"closed","ping_status":"closed","post_password":"","post_name":"merlin-comunicacion","to_ping":"","pinged":"","post_modified":"2026-04-20 16:30:19","post_modified_gmt":"2026-04-20 14:30:19","post_content_filtered":"","post_parent":0,"guid":"https:\/\/www.claret.cat\/editorial\/merlin-comunicacion\/","menu_order":0,"post_type":"editorial","post_mime_type":"","comment_count":"0","filter":"raw"}]},"aioseo_notices":[],"_links":{"self":[{"href":"https:\/\/www.claret.cat\/es\/wp-json\/wp\/v2\/product\/1097674","targetHints":{"allow":["GET"]}}],"collection":[{"href":"https:\/\/www.claret.cat\/es\/wp-json\/wp\/v2\/product"}],"about":[{"href":"https:\/\/www.claret.cat\/es\/wp-json\/wp\/v2\/types\/product"}],"wp:featuredmedia":[{"embeddable":true,"href":"https:\/\/www.claret.cat\/es\/wp-json\/wp\/v2\/media\/1097675"}],"wp:attachment":[{"href":"https:\/\/www.claret.cat\/es\/wp-json\/wp\/v2\/media?parent=1097674"}],"wp:term":[{"taxonomy":"product_brand","embeddable":true,"href":"https:\/\/www.claret.cat\/es\/wp-json\/wp\/v2\/product_brand?post=1097674"},{"taxonomy":"product_cat","embeddable":true,"href":"https:\/\/www.claret.cat\/es\/wp-json\/wp\/v2\/product_cat?post=1097674"},{"taxonomy":"product_tag","embeddable":true,"href":"https:\/\/www.claret.cat\/es\/wp-json\/wp\/v2\/product_tag?post=1097674"}],"curies":[{"name":"wp","href":"https:\/\/api.w.org\/{rel}","templated":true}]}}