{"id":109768,"date":"2022-10-12T13:37:05","date_gmt":"2022-10-12T11:37:05","guid":{"rendered":"http:\/\/dev.claret.cat\/producte\/secretos-imperfectos\/"},"modified":"2023-01-28T13:06:58","modified_gmt":"2023-01-28T12:06:58","slug":"secretos-imperfectos-9788408170372","status":"publish","type":"product","link":"https:\/\/www.claret.cat\/es\/libro\/secretos-imperfectos-9788408170372\/","title":{"rendered":"SECRETOS IMPERFECTOS"},"content":{"rendered":"<p>Un joven de diecis\u00e9is a\u00f1os ha sido brutalmente asesinado. Un brillante\u00a0equipo policial, dirigido por el experto crimin\u00f3logo Torkel H\u00f6glund\u00a0y el\u00a0eminente psiquiatra criminal Sebastian Bergman, sigue la pista al asesino.<br \/>Todo son callejones sin salida y secretos por todas partes. Un misterio\u00a0de dif\u00edcil resoluci\u00f3n y una trama adictiva hasta el insomnio.\u00a0<\/p>\n<p>La fuerza de Larsson, el atractivo de House y la intriga de Twin Peaks.<\/p>\n<p>Prep\u00e1rate para conocer a Sebastian Bergman.<br \/>Torturado y con una inteligencia fuera de serie.<br \/>Brusco, mujeriego, borde y autodestructivo,<br \/>pero brillante y totalmente adictivo:<br \/>Querr\u00e1s saber m\u00e1s de \u00e9l, conocerlo y acompa\u00f1arle en su camino.<\/p>\n<p>\u00abUna trama criminal emocionante con un mont\u00f3n de giros y m\u00e1s giros&#8230;\u00a0Lo mejor que ha exportado el g\u00e9nero negro sueco este a\u00f1o.\u00bb Die Welt<\/p>\n","protected":false},"excerpt":{"rendered":"<p>HJORTH, MICHAEL \/ ROSENFELDT, HANS<\/p>\n","protected":false},"featured_media":274342,"template":"","meta":{"_acf_changed":false,"om_disable_all_campaigns":false,"rs_blank_template":"","rs_page_bg_color":"","slide_template_v7":"","inline_featured_image":false,"_monsterinsights_skip_tracking":false,"_monsterinsights_sitenote_active":false,"_monsterinsights_sitenote_note":"","_monsterinsights_sitenote_category":0},"product_brand":[],"product_cat":[90,540],"product_tag":[],"class_list":{"0":"post-109768","1":"product","2":"type-product","3":"status-publish","4":"has-post-thumbnail","6":"product_cat-altres","7":"product_cat-otros","9":"first","10":"instock","11":"taxable","12":"shipping-taxable","13":"purchasable","14":"product-type-simple"},"acf":{"editorial":[{"ID":6233,"post_author":"3","post_date":"2022-07-28 17:47:48","post_date_gmt":"2022-07-28 15:47:48","post_content":"","post_title":"EDITORIAL PLANETA","post_excerpt":"","post_status":"publish","comment_status":"closed","ping_status":"closed","post_password":"","post_name":"editorial-planeta","to_ping":"","pinged":"","post_modified":"2022-07-28 17:47:48","post_modified_gmt":"2022-07-28 15:47:48","post_content_filtered":"","post_parent":0,"guid":"http:\/\/dev.claret.cat\/editorial\/editorial-planeta\/","menu_order":0,"post_type":"editorial","post_mime_type":"","comment_count":"0","filter":"raw"}],"autores-libros":[{"ID":164804,"post_author":"3","post_date":"2022-10-14 17:50:01","post_date_gmt":"2022-10-14 15:50:01","post_content":"","post_title":"MICHAEL HJORTH","post_excerpt":"","post_status":"publish","comment_status":"closed","ping_status":"closed","post_password":"","post_name":"michael-hjorth","to_ping":"","pinged":"","post_modified":"2022-10-14 17:50:01","post_modified_gmt":"2022-10-14 15:50:01","post_content_filtered":"","post_parent":0,"guid":"http:\/\/dev.claret.cat\/autor\/michael-hjorth\/","menu_order":0,"post_type":"autor","post_mime_type":"","comment_count":"0","filter":"raw"},{"ID":157361,"post_author":"3","post_date":"2022-10-14 15:28:13","post_date_gmt":"2022-10-14 13:28:13","post_content":"","post_title":"HANS ROSENFELDT","post_excerpt":"","post_status":"publish","comment_status":"closed","ping_status":"closed","post_password":"","post_name":"hans-rosenfeldt","to_ping":"","pinged":"","post_modified":"2022-10-14 15:28:13","post_modified_gmt":"2022-10-14 13:28:13","post_content_filtered":"","post_parent":0,"guid":"http:\/\/dev.claret.cat\/autor\/hans-rosenfeldt\/","menu_order":0,"post_type":"autor","post_mime_type":"","comment_count":"0","filter":"raw"}],"autor":"HJORTH, MICHAEL \/ ROSENFELDT, HANS","codart":"840817037","libros-coleccion":"Crimen y Misterio","ediciones":"1","encuadernacion":"R\u00fastica","fecha_de_publicacion":"01\/01\/2018","novedad":"1","paginas":"528","subtitulo":"SERIE BERGMAN 1","orden":"0","portada":"0","idioma":"spa"},"aioseo_notices":[],"_links":{"self":[{"href":"https:\/\/www.claret.cat\/es\/wp-json\/wp\/v2\/product\/109768","targetHints":{"allow":["GET"]}}],"collection":[{"href":"https:\/\/www.claret.cat\/es\/wp-json\/wp\/v2\/product"}],"about":[{"href":"https:\/\/www.claret.cat\/es\/wp-json\/wp\/v2\/types\/product"}],"wp:featuredmedia":[{"embeddable":true,"href":"https:\/\/www.claret.cat\/es\/wp-json\/wp\/v2\/media\/274342"}],"wp:attachment":[{"href":"https:\/\/www.claret.cat\/es\/wp-json\/wp\/v2\/media?parent=109768"}],"wp:term":[{"taxonomy":"product_brand","embeddable":true,"href":"https:\/\/www.claret.cat\/es\/wp-json\/wp\/v2\/product_brand?post=109768"},{"taxonomy":"product_cat","embeddable":true,"href":"https:\/\/www.claret.cat\/es\/wp-json\/wp\/v2\/product_cat?post=109768"},{"taxonomy":"product_tag","embeddable":true,"href":"https:\/\/www.claret.cat\/es\/wp-json\/wp\/v2\/product_tag?post=109768"}],"curies":[{"name":"wp","href":"https:\/\/api.w.org\/{rel}","templated":true}]}}