{"id":1097796,"date":"2026-04-21T11:05:02","date_gmt":"2026-04-21T09:05:02","guid":{"rendered":"https:\/\/www.claret.cat\/llibre\/evangelio-segun-mateo-9788430122943\/"},"modified":"2026-04-21T11:15:31","modified_gmt":"2026-04-21T09:15:31","slug":"evangelio-segun-mateo-9788430122943","status":"publish","type":"product","link":"https:\/\/www.claret.cat\/es\/libro\/evangelio-segun-mateo-9788430122943\/","title":{"rendered":"EVANGELIO SEG\u00daN MATEO"},"content":{"rendered":"<p>Pocos a\u00f1os despu\u00e9s de empezar a difundirse el <strong>Evangelio seg\u00fan Marcos<\/strong>, surgieron diversas versiones revisadas y ampliadas&nbsp;del mismo.&nbsp;Una de ellas es el <strong>Evangelio seg\u00fan Mateo<\/strong>, donde la viveza del relato marquiano adquiere un ritmo m\u00e1s reposado, adem\u00e1s de a\u00f1adirse abundantes ense\u00f1anzas y de incorporarse distintos recuerdos sobre <strong>el principio y el final de la vida de Jesucristo<\/strong>.<\/p>\n<p> La reescritura mateana de Marcos viene determinada por el nuevo contexto en el que surge, y se caracteriza por <strong>una matizada visi\u00f3n de Cristo<\/strong> y de los disc\u00edpulos, por la propuesta de un c\u00f3digo \u00e9tico m\u00e1s expl\u00edcito y completo, y por el dise\u00f1o de un nuevo horizonte vital para los <strong>seguidores del Se\u00f1or<\/strong>.<\/p>\n<p> El particular proceso creativo hace de la lectura de este evangelio una experiencia \u00fanica. Ahora bien, esta singularidad \u00fanicamente se percibe cuando, en vez de ser le\u00eddo como un conjunto de fragmentos desconectados con sus correspondientes t\u00edtulos, <strong>se lee de forma ininterrumpida<\/strong> como una \u00fanica secuencia narrativa.<\/p>\n<p> Quien se anima a realizar esta experiencia sintoniza con los lectores antiguos, los cuales<strong> le\u00edan el evangelio en manuscritos<\/strong> sin divisiones que predeterminaran la comprensi\u00f3n del relato. Es en un segundo momento cuando cobra sentido acceder al comentario per\u00edcopa a per\u00edcopa, donde las notas, aclaraciones y claves ayudan a <strong>leer el texto de forma m\u00e1s reflexiva<\/strong>.<\/p>\n<p class='ql-align-justify'><\/p>\n","protected":false},"excerpt":{"rendered":"<p>GUIJARRO OPORTO, SANTIAGO<\/p>\n","protected":false},"featured_media":1097817,"template":"","meta":{"_acf_changed":false,"om_disable_all_campaigns":false,"rs_blank_template":"","rs_page_bg_color":"","slide_template_v7":"","inline_featured_image":false,"_monsterinsights_skip_tracking":false,"_monsterinsights_sitenote_active":false,"_monsterinsights_sitenote_note":"","_monsterinsights_sitenote_category":0},"product_brand":[],"product_cat":[202,463,464,203],"product_tag":[],"class_list":{"0":"post-1097796","1":"product","2":"type-product","3":"status-publish","4":"has-post-thumbnail","6":"product_cat-introduccio-n-t","7":"product_cat-introduccion-n-t","8":"product_cat-sinopticos","9":"product_cat-sinoptics","11":"first","12":"instock","13":"taxable","14":"shipping-taxable","15":"purchasable","16":"product-type-simple"},"acf":{"autor":"GUIJARRO OPORTO, SANTIAGO","codart":"843012294","libros-coleccion":"Biblioteca de Estudios B\u00edblicos","ediciones":"1","encuadernacion":"R\u00fastica","fecha_de_publicacion":"20\/04\/2026","novedad":"1","paginas":"320","subtitulo":"TEXTO Y COMENTARIO ","orden":"0","portada":"1","idioma":"spa","booktrailer":"","resenas":"","editorial":[{"ID":6364,"post_author":"3","post_date":"2022-07-28 17:50:36","post_date_gmt":"2022-07-28 15:50:36","post_content":"","post_title":"S\u00edgueme","post_excerpt":"","post_status":"publish","comment_status":"closed","ping_status":"closed","post_password":"","post_name":"sigueme","to_ping":"","pinged":"","post_modified":"2022-07-28 17:50:36","post_modified_gmt":"2022-07-28 15:50:36","post_content_filtered":"","post_parent":0,"guid":"http:\/\/dev.claret.cat\/editorial\/sigueme\/","menu_order":0,"post_type":"editorial","post_mime_type":"","comment_count":"0","filter":"raw"}]},"aioseo_notices":[],"_links":{"self":[{"href":"https:\/\/www.claret.cat\/es\/wp-json\/wp\/v2\/product\/1097796","targetHints":{"allow":["GET"]}}],"collection":[{"href":"https:\/\/www.claret.cat\/es\/wp-json\/wp\/v2\/product"}],"about":[{"href":"https:\/\/www.claret.cat\/es\/wp-json\/wp\/v2\/types\/product"}],"wp:featuredmedia":[{"embeddable":true,"href":"https:\/\/www.claret.cat\/es\/wp-json\/wp\/v2\/media\/1097817"}],"wp:attachment":[{"href":"https:\/\/www.claret.cat\/es\/wp-json\/wp\/v2\/media?parent=1097796"}],"wp:term":[{"taxonomy":"product_brand","embeddable":true,"href":"https:\/\/www.claret.cat\/es\/wp-json\/wp\/v2\/product_brand?post=1097796"},{"taxonomy":"product_cat","embeddable":true,"href":"https:\/\/www.claret.cat\/es\/wp-json\/wp\/v2\/product_cat?post=1097796"},{"taxonomy":"product_tag","embeddable":true,"href":"https:\/\/www.claret.cat\/es\/wp-json\/wp\/v2\/product_tag?post=1097796"}],"curies":[{"name":"wp","href":"https:\/\/api.w.org\/{rel}","templated":true}]}}