{"id":109780,"date":"2022-10-12T13:37:16","date_gmt":"2022-10-12T11:37:16","guid":{"rendered":"http:\/\/dev.claret.cat\/producte\/el-santo-la-revolucion-del-padre-pio\/"},"modified":"2026-02-23T16:21:12","modified_gmt":"2026-02-23T15:21:12","slug":"el-santo-la-revolucion-del-padre-pio-9788427047044","status":"publish","type":"product","link":"https:\/\/www.claret.cat\/es\/libro\/el-santo-la-revolucion-del-padre-pio-9788427047044\/","title":{"rendered":"EL SANTO. LA REVOLUCI\u00d3N DEL PADRE P\u00cdO"},"content":{"rendered":"<p>El Padre P\u00edo de Pietrelcina naci\u00f3 en 1887 y muri\u00f3 en 1968 en el convento capuchino de San Giovanni Rotondo. All\u00ed dedic\u00f3 medio siglo, casi exclusivamente, a confesar a decenas de miles de personas que acud\u00edan a verle, atra\u00eddas por su fama de santidad y por los numerosos milagros y hechos extraordinarios que rodearon su vida. Sobre todo, los estigmas, que recibi\u00f3 siendo muy joven y le hicieron vivir en su propia carne la Pasi\u00f3n de Cristo.\u00a0<\/p>\n<p>Juan Pablo II lo elev\u00f3 a los altares en 2002, ante la mayor asistencia jam\u00e1s registrada en una canonizaci\u00f3n. Y desde entonces su nombre, que ya era venerado masivamente en Italia, se ha extendido por toda la tierra.\u00a0<\/p>\n<p>Jos\u00e9 Mar\u00eda Zavala, con ocasi\u00f3n del 50\u00ba aniversario de su muerte, escribe su libro m\u00e1s personal sobre un personaje que dar\u00e1 a\u00fan mucho que hablar.<\/p>\n","protected":false},"excerpt":{"rendered":"<p>ZAVALA, JOS\u00c9 MAR\u00cdA<\/p>\n","protected":false},"featured_media":1085665,"template":"","meta":{"_acf_changed":false,"om_disable_all_campaigns":false,"rs_blank_template":"","rs_page_bg_color":"","slide_template_v7":"","inline_featured_image":false,"_monsterinsights_skip_tracking":false,"_monsterinsights_sitenote_active":false,"_monsterinsights_sitenote_note":"","_monsterinsights_sitenote_category":0},"product_brand":[],"product_cat":[92,542],"product_tag":[],"class_list":{"0":"post-109780","1":"product","2":"type-product","3":"status-publish","4":"has-post-thumbnail","6":"product_cat-vida-religiosa","7":"product_cat-vida-religiosa-1_espiritualidad-spa","9":"first","10":"instock","11":"taxable","12":"shipping-taxable","13":"purchasable","14":"product-type-simple"},"acf":{"editorial":[{"ID":6303,"post_author":"3","post_date":"2022-07-28 17:49:17","post_date_gmt":"2022-07-28 15:49:17","post_content":"","post_title":"MARTINEZ ROCA","post_excerpt":"","post_status":"publish","comment_status":"closed","ping_status":"closed","post_password":"","post_name":"martinez-roca","to_ping":"","pinged":"","post_modified":"2022-07-28 17:49:17","post_modified_gmt":"2022-07-28 15:49:17","post_content_filtered":"","post_parent":0,"guid":"http:\/\/dev.claret.cat\/editorial\/martinez-roca\/","menu_order":0,"post_type":"editorial","post_mime_type":"","comment_count":"0","filter":"raw"}],"autores-libros":[{"ID":5646,"post_author":"3","post_date":"2022-07-28 17:28:27","post_date_gmt":"2022-07-28 15:28:27","post_content":"","post_title":"JOS\u00c9 MAR\u00cdA ZAVALA","post_excerpt":"","post_status":"publish","comment_status":"closed","ping_status":"closed","post_password":"","post_name":"jose-maria-zavala","to_ping":"","pinged":"","post_modified":"2022-07-28 17:28:27","post_modified_gmt":"2022-07-28 15:28:27","post_content_filtered":"","post_parent":0,"guid":"http:\/\/dev.claret.cat\/autor\/jose-maria-zavala\/","menu_order":0,"post_type":"autor","post_mime_type":"","comment_count":"0","filter":"raw"}],"autor":"ZAVALA, JOS\u00c9 MAR\u00cdA","codart":"842704704","libros-coleccion":"Divulgaci\u00f3n","ediciones":"1","encuadernacion":"R\u00fastica","fecha_de_publicacion":"01\/06\/2020","novedad":"1","paginas":"432","subtitulo":"LA REVOLUCI\u00d3N DEL PADRE P\u00cdO","orden":"0","portada":"0","idioma":"spa","booktrailer":"","resenas":""},"aioseo_notices":[],"_links":{"self":[{"href":"https:\/\/www.claret.cat\/es\/wp-json\/wp\/v2\/product\/109780","targetHints":{"allow":["GET"]}}],"collection":[{"href":"https:\/\/www.claret.cat\/es\/wp-json\/wp\/v2\/product"}],"about":[{"href":"https:\/\/www.claret.cat\/es\/wp-json\/wp\/v2\/types\/product"}],"wp:featuredmedia":[{"embeddable":true,"href":"https:\/\/www.claret.cat\/es\/wp-json\/wp\/v2\/media\/1085665"}],"wp:attachment":[{"href":"https:\/\/www.claret.cat\/es\/wp-json\/wp\/v2\/media?parent=109780"}],"wp:term":[{"taxonomy":"product_brand","embeddable":true,"href":"https:\/\/www.claret.cat\/es\/wp-json\/wp\/v2\/product_brand?post=109780"},{"taxonomy":"product_cat","embeddable":true,"href":"https:\/\/www.claret.cat\/es\/wp-json\/wp\/v2\/product_cat?post=109780"},{"taxonomy":"product_tag","embeddable":true,"href":"https:\/\/www.claret.cat\/es\/wp-json\/wp\/v2\/product_tag?post=109780"}],"curies":[{"name":"wp","href":"https:\/\/api.w.org\/{rel}","templated":true}]}}