{"id":1097804,"date":"2026-04-21T11:05:48","date_gmt":"2026-04-21T09:05:48","guid":{"rendered":"https:\/\/www.claret.cat\/llibre\/la-gimnasia-de-la-mente-9788430122950\/"},"modified":"2026-04-21T13:27:04","modified_gmt":"2026-04-21T11:27:04","slug":"la-gimnasia-de-la-mente-9788430122950","status":"publish","type":"product","link":"https:\/\/www.claret.cat\/es\/libro\/la-gimnasia-de-la-mente-9788430122950\/","title":{"rendered":"LA GIMNASIA DE LA MENTE"},"content":{"rendered":"<p><strong>El ideal de la sociedad griega culta era la formaci\u00f3n integral (<em>paideia<\/em>)<\/strong>, que preparaba para desempe\u00f1ar cargos relevantes en la vida p\u00fablica. Sin embargo, su adquisici\u00f3n representaba una dura labor, que requer\u00eda un entrenamiento mental <strong>(<em>gymnas\u00eda<\/em>) <\/strong>y un ejercicio literario progresivo, mediante el cual se adquir\u00edan las habilidades necesarias para pensar y expresarse.<\/p>\n<p>Al conocimiento y dominio de la lengua con que se empezaba este itinerario, segu\u00eda el esforzado entrenamiento de los ejercicios preparatorios <strong>(<em>progymn\u00e1smata<\/em>)<\/strong>,<strong> <\/strong>desde el que se pasaba a la capacitaci\u00f3n para el arte de la ret\u00f3rica, aut\u00e9ntica meta de la&nbsp;<em>paideia<\/em>. Este itinerario <strong>estructurado en tres etapas <\/strong>fue el soporte de la formaci\u00f3n en el mundo antiguo.<\/p>\n<p>Este libro, convertido ya en <strong>un cl\u00e1sico de la pedagog\u00eda<\/strong>, ofrece las claves y formas de la educaci\u00f3n en el mundo antiguo, que son adem\u00e1s ilustradas con algunos de los textos de aquellos maestros, con referencias a los papiros y con ejemplos de <strong>escuelas tradicionales en Egipto<\/strong>.&nbsp;<\/p>\n<p>Se trata, en definitiva, de un recurso imprescindible <strong>para conocer los inicios de la educaci\u00f3n en Occidente<\/strong>, as\u00ed como la manera de formar a los escritores en la Antig\u00fcedad, entre los que se encuentran los autores de los evangelios y del <strong>resto de escritos del cristianismo naciente<\/strong>.<\/p>\n<p class='ql-align-justify'><\/p>\n","protected":false},"excerpt":{"rendered":"<p>Raffaella Cribiore<\/p>\n","protected":false},"featured_media":1097864,"template":"","meta":{"_acf_changed":false,"om_disable_all_campaigns":false,"rs_blank_template":"","rs_page_bg_color":"","slide_template_v7":"","inline_featured_image":false,"_monsterinsights_skip_tracking":false,"_monsterinsights_sitenote_active":false,"_monsterinsights_sitenote_note":"","_monsterinsights_sitenote_category":0},"product_brand":[],"product_cat":[373,166,451,186],"product_tag":[],"class_list":{"0":"post-1097804","1":"product","2":"type-product","3":"status-publish","4":"has-post-thumbnail","6":"product_cat-autores","7":"product_cat-autors-filosofia","8":"product_cat-estudios-e-investigacion-pedagogia-2_humanidades","9":"product_cat-estudis-i-investigacio-pedagogia-2_humanitats","11":"first","12":"instock","13":"taxable","14":"shipping-taxable","15":"purchasable","16":"product-type-simple"},"acf":{"autor":"Raffaella Cribiore","codart":"843012295","libros-coleccion":"","ediciones":"1","encuadernacion":"R\u00fastica","fecha_de_publicacion":"20\/04\/2026","novedad":"1","paginas":"304","subtitulo":"LA EDUCACI\u00d3N GRIEGA EN EGIPTO DURANTE LA \u00c9POCA HELENISTA Y ROMANA ","orden":"0","portada":"1","idioma":"spa","booktrailer":"","resenas":"","editorial":[{"ID":6364,"post_author":"3","post_date":"2022-07-28 17:50:36","post_date_gmt":"2022-07-28 15:50:36","post_content":"","post_title":"S\u00edgueme","post_excerpt":"","post_status":"publish","comment_status":"closed","ping_status":"closed","post_password":"","post_name":"sigueme","to_ping":"","pinged":"","post_modified":"2022-07-28 17:50:36","post_modified_gmt":"2022-07-28 15:50:36","post_content_filtered":"","post_parent":0,"guid":"http:\/\/dev.claret.cat\/editorial\/sigueme\/","menu_order":0,"post_type":"editorial","post_mime_type":"","comment_count":"0","filter":"raw"}]},"aioseo_notices":[],"_links":{"self":[{"href":"https:\/\/www.claret.cat\/es\/wp-json\/wp\/v2\/product\/1097804","targetHints":{"allow":["GET"]}}],"collection":[{"href":"https:\/\/www.claret.cat\/es\/wp-json\/wp\/v2\/product"}],"about":[{"href":"https:\/\/www.claret.cat\/es\/wp-json\/wp\/v2\/types\/product"}],"wp:featuredmedia":[{"embeddable":true,"href":"https:\/\/www.claret.cat\/es\/wp-json\/wp\/v2\/media\/1097864"}],"wp:attachment":[{"href":"https:\/\/www.claret.cat\/es\/wp-json\/wp\/v2\/media?parent=1097804"}],"wp:term":[{"taxonomy":"product_brand","embeddable":true,"href":"https:\/\/www.claret.cat\/es\/wp-json\/wp\/v2\/product_brand?post=1097804"},{"taxonomy":"product_cat","embeddable":true,"href":"https:\/\/www.claret.cat\/es\/wp-json\/wp\/v2\/product_cat?post=1097804"},{"taxonomy":"product_tag","embeddable":true,"href":"https:\/\/www.claret.cat\/es\/wp-json\/wp\/v2\/product_tag?post=1097804"}],"curies":[{"name":"wp","href":"https:\/\/api.w.org\/{rel}","templated":true}]}}