{"id":109786,"date":"2022-10-12T13:37:21","date_gmt":"2022-10-12T11:37:21","guid":{"rendered":"http:\/\/dev.claret.cat\/producte\/romancero-gitano-2\/"},"modified":"2023-01-28T08:43:22","modified_gmt":"2023-01-28T07:43:22","slug":"romancero-gitano-9788417858407","status":"publish","type":"product","link":"https:\/\/www.claret.cat\/es\/libro\/romancero-gitano-9788417858407\/","title":{"rendered":"ROMANCERO GITANO"},"content":{"rendered":"<p>Una de las creaciones l\u00edricas m\u00e1s significativas del siglo XX reinterpretada a trav\u00e9s de la inconfundible mirada de uno de nuestros ilustradores contempor\u00e1neos m\u00e1s originales.<br \/> Los inmortales poemas de Garc\u00eda Lorca cobran nueva vida en unas p\u00e1ginas rebosantes de colores y s\u00edmbolos en cada esquina. Un hermoso ejemplo de c\u00f3mo dos artistas aparentemente lejanos pueden fundir sus mundos creativos para crear Belleza.<\/p>\n","protected":false},"excerpt":{"rendered":"<p>CAVOLO, RICARDO \/ GARC\u00cdA LORCA, FEDERICO<\/p>\n","protected":false},"featured_media":109787,"template":"","meta":{"_acf_changed":false,"om_disable_all_campaigns":false,"rs_blank_template":"","rs_page_bg_color":"","slide_template_v7":"","inline_featured_image":false,"_monsterinsights_skip_tracking":false,"_monsterinsights_sitenote_active":false,"_monsterinsights_sitenote_note":"","_monsterinsights_sitenote_category":0},"product_brand":[],"product_cat":[121,128,105],"product_tag":[],"class_list":{"0":"post-109786","1":"product","2":"type-product","3":"status-publish","4":"has-post-thumbnail","6":"product_cat-poesia","7":"product_cat-poesia-contemporania","8":"product_cat-regal","10":"first","11":"instock","12":"taxable","13":"shipping-taxable","14":"purchasable","15":"product-type-simple"},"acf":{"autor":"CAVOLO, RICARDO \/ GARC\u00cdA LORCA, FEDERICO","codart":"841785840","libros-coleccion":"Literatura ilustrada","ediciones":"1","encuadernacion":"Carton\u00e9","fecha_de_publicacion":"01\/06\/2020","novedad":"1","paginas":"256","subtitulo":"","orden":"0","portada":"0","idioma":"spa","editorial":[{"ID":148476,"post_author":"3","post_date":"2022-10-14 11:58:32","post_date_gmt":"2022-10-14 09:58:32","post_content":"","post_title":"Lunwerg Editores","post_excerpt":"","post_status":"publish","comment_status":"closed","ping_status":"closed","post_password":"","post_name":"lunwerg-editores","to_ping":"","pinged":"","post_modified":"2022-10-14 11:58:32","post_modified_gmt":"2022-10-14 09:58:32","post_content_filtered":"","post_parent":0,"guid":"http:\/\/dev.claret.cat\/editorial\/lunwerg-editores\/","menu_order":0,"post_type":"editorial","post_mime_type":"","comment_count":"0","filter":"raw"}],"autores-libros":[{"ID":168043,"post_author":"3","post_date":"2022-10-14 18:16:04","post_date_gmt":"2022-10-14 16:16:04","post_content":"","post_title":"RICARDO CAVOLO","post_excerpt":"","post_status":"publish","comment_status":"closed","ping_status":"closed","post_password":"","post_name":"ricardo-cavolo","to_ping":"","pinged":"","post_modified":"2022-10-14 18:16:04","post_modified_gmt":"2022-10-14 16:16:04","post_content_filtered":"","post_parent":0,"guid":"http:\/\/dev.claret.cat\/autor\/ricardo-cavolo\/","menu_order":0,"post_type":"autor","post_mime_type":"","comment_count":"0","filter":"raw"},{"ID":155689,"post_author":"3","post_date":"2022-10-14 15:14:50","post_date_gmt":"2022-10-14 13:14:50","post_content":"","post_title":"FEDERICO GARC\u00cdA LORCA","post_excerpt":"","post_status":"publish","comment_status":"closed","ping_status":"closed","post_password":"","post_name":"federico-garcia-lorca","to_ping":"","pinged":"","post_modified":"2022-10-14 15:14:50","post_modified_gmt":"2022-10-14 13:14:50","post_content_filtered":"","post_parent":0,"guid":"http:\/\/dev.claret.cat\/autor\/federico-garcia-lorca\/","menu_order":0,"post_type":"autor","post_mime_type":"","comment_count":"0","filter":"raw"}]},"aioseo_notices":[],"_links":{"self":[{"href":"https:\/\/www.claret.cat\/es\/wp-json\/wp\/v2\/product\/109786","targetHints":{"allow":["GET"]}}],"collection":[{"href":"https:\/\/www.claret.cat\/es\/wp-json\/wp\/v2\/product"}],"about":[{"href":"https:\/\/www.claret.cat\/es\/wp-json\/wp\/v2\/types\/product"}],"wp:featuredmedia":[{"embeddable":true,"href":"https:\/\/www.claret.cat\/es\/wp-json\/wp\/v2\/media\/109787"}],"wp:attachment":[{"href":"https:\/\/www.claret.cat\/es\/wp-json\/wp\/v2\/media?parent=109786"}],"wp:term":[{"taxonomy":"product_brand","embeddable":true,"href":"https:\/\/www.claret.cat\/es\/wp-json\/wp\/v2\/product_brand?post=109786"},{"taxonomy":"product_cat","embeddable":true,"href":"https:\/\/www.claret.cat\/es\/wp-json\/wp\/v2\/product_cat?post=109786"},{"taxonomy":"product_tag","embeddable":true,"href":"https:\/\/www.claret.cat\/es\/wp-json\/wp\/v2\/product_tag?post=109786"}],"curies":[{"name":"wp","href":"https:\/\/api.w.org\/{rel}","templated":true}]}}