{"id":1097932,"date":"2026-04-21T16:45:05","date_gmt":"2026-04-21T14:45:05","guid":{"rendered":"https:\/\/www.claret.cat\/llibre\/biblia-rvr60-mi-gran-viaje-bolsillo-ipiel-con-cierre-azul-globos-9798885163729\/"},"modified":"2026-04-21T17:30:05","modified_gmt":"2026-04-21T15:30:05","slug":"biblia-rvr60-mi-gran-viaje-bolsillo-ipiel-con-cierre-azul-globos-9798885163729","status":"publish","type":"product","link":"https:\/\/www.claret.cat\/es\/libro\/biblia-rvr60-mi-gran-viaje-bolsillo-ipiel-con-cierre-azul-globos-9798885163729\/","title":{"rendered":"BIBLIA RVR60 MI GRAN VIAJE BOLSILLO I\/PIEL CON CIERRE AZUL GLOBOS"},"content":{"rendered":"<p>\u00a1La Biblia Mi Gran viaje RVR60 ya est\u00e1 disponible en Abba!<\/p>\n<p>En la Biblia Mi gran viaje podr\u00e1s disfrutar del texto completo de las Escrituras en Reina Valera del 60 combinado con l\u00e1minas a todo color con dibujos de las escenas m\u00e1s relevantes de la Biblia. En las l\u00e1minas podr\u00e1s encontrar: Dibujos del tabern\u00e1culo y del templo, de los H\u00e9roes de la Fe, de Salmos ilustrados\u2026 \u00a1Entre muchas otras! Adem\u00e1s contiene el plan de salvaci\u00f3n explicado para ni\u00f1os y vers\u00edculos clave de la Biblia para memorizar.<\/p>\n<p>Tama\u00f1o: 15x11cm<br \/>Tapa: Imitaci\u00f3n piel con cremallera<br \/>Letra: 8,5 puntos (Tipograf\u00eda mejorada para mejor legibilidad)<br \/>P\u00e1ginas: 1536 + 100 l\u00e1minas a todo color con los populares dibujos de la Biblia para todos los ni\u00f1os<br \/>Plan para leer la Biblia en un a\u00f1o<br \/>Vers\u00edculos para memorizar<br \/>Plan de salvaci\u00f3n para los m\u00e1s peque\u00f1os<br \/>Mapas B\u00edblicos<br \/>P\u00e1gina de dedicatoria<br \/>C\u00f3mo leer la Biblia<\/p>\n<p>Y en esta nueva edici\u00f3n 32 p\u00e1ginas a todo color con:<br \/>&#8211; Juegos las 7 diferencias<br \/>&#8211; Juegos Busca y encuentra<\/p>\n","protected":false},"excerpt":{"rendered":"<p>REINA VALERA<\/p>\n","protected":false},"featured_media":1097933,"template":"","meta":{"_acf_changed":false,"om_disable_all_campaigns":false,"rs_blank_template":"","rs_page_bg_color":"","slide_template_v7":"","inline_featured_image":false,"_monsterinsights_skip_tracking":false,"_monsterinsights_sitenote_active":false,"_monsterinsights_sitenote_note":"","_monsterinsights_sitenote_category":0},"product_brand":[],"product_cat":[420,296],"product_tag":[],"class_list":{"0":"post-1097932","1":"product","2":"type-product","3":"status-publish","4":"has-post-thumbnail","6":"product_cat-biblias","7":"product_cat-biblies","9":"first","10":"instock","11":"taxable","12":"shipping-taxable","13":"purchasable","14":"product-type-simple"},"acf":{"autor":"REINA VALERA","codart":"888516372","libros-coleccion":"","ediciones":"1","encuadernacion":"R\u00fastica","fecha_de_publicacion":"21\/04\/2026","novedad":"1","paginas":"0","subtitulo":"","orden":"0","portada":"0","idioma":"spa","booktrailer":"","resenas":"","editorial":[{"ID":446640,"post_author":"3","post_date":"2023-06-09 17:25:13","post_date_gmt":"2023-06-09 15:25:13","post_content":"","post_title":"MUNDO BIBLIA","post_excerpt":"","post_status":"publish","comment_status":"closed","ping_status":"closed","post_password":"","post_name":"mundo-biblia","to_ping":"","pinged":"","post_modified":"2023-06-09 17:25:13","post_modified_gmt":"2023-06-09 15:25:13","post_content_filtered":"","post_parent":0,"guid":"https:\/\/www.claret.cat\/editorial\/mundo-biblia\/","menu_order":0,"post_type":"editorial","post_mime_type":"","comment_count":"0","filter":"raw"}]},"aioseo_notices":[],"_links":{"self":[{"href":"https:\/\/www.claret.cat\/es\/wp-json\/wp\/v2\/product\/1097932","targetHints":{"allow":["GET"]}}],"collection":[{"href":"https:\/\/www.claret.cat\/es\/wp-json\/wp\/v2\/product"}],"about":[{"href":"https:\/\/www.claret.cat\/es\/wp-json\/wp\/v2\/types\/product"}],"wp:featuredmedia":[{"embeddable":true,"href":"https:\/\/www.claret.cat\/es\/wp-json\/wp\/v2\/media\/1097933"}],"wp:attachment":[{"href":"https:\/\/www.claret.cat\/es\/wp-json\/wp\/v2\/media?parent=1097932"}],"wp:term":[{"taxonomy":"product_brand","embeddable":true,"href":"https:\/\/www.claret.cat\/es\/wp-json\/wp\/v2\/product_brand?post=1097932"},{"taxonomy":"product_cat","embeddable":true,"href":"https:\/\/www.claret.cat\/es\/wp-json\/wp\/v2\/product_cat?post=1097932"},{"taxonomy":"product_tag","embeddable":true,"href":"https:\/\/www.claret.cat\/es\/wp-json\/wp\/v2\/product_tag?post=1097932"}],"curies":[{"name":"wp","href":"https:\/\/api.w.org\/{rel}","templated":true}]}}