{"id":1097947,"date":"2026-04-21T17:10:20","date_gmt":"2026-04-21T15:10:20","guid":{"rendered":"https:\/\/www.claret.cat\/llibre\/biblia-obsequios-y-premios-rvr60-letra-grande-edicion-verde-mariposas-9798893842869\/"},"modified":"2026-04-21T17:30:11","modified_gmt":"2026-04-21T15:30:11","slug":"biblia-obsequios-y-premios-rvr60-letra-grande-edicion-verde-mariposas-9798893842869","status":"publish","type":"product","link":"https:\/\/www.claret.cat\/es\/libro\/biblia-obsequios-y-premios-rvr60-letra-grande-edicion-verde-mariposas-9798893842869\/","title":{"rendered":"BIBLIA OBSEQUIOS Y PREMIOS RVR60 LETRA GRANDE EDICI\u00d3N VERDE MARIPOSAS"},"content":{"rendered":"<p>Renovaci\u00f3n y Belleza en tu Estudio: Santa Biblia Reina Valera 1960 Edici\u00f3n Mariposas<\/p>\n<p>Experimenta la frescura de la Palabra de Dios con esta hermosa edici\u00f3n de la cl\u00e1sica y amada traducci\u00f3n Reina Valera 1960. Dise\u00f1ada para inspirar paz y renovaci\u00f3n espiritual, su delicada cubierta en tono verde menta presenta un sutil dise\u00f1o primaveral con mariposas y detalles dorados, evocando la nueva vida y la transformaci\u00f3n que encontramos en Cristo.<\/p>\n<p>Lo m\u00e1s sorprendente de esta preciosa Biblia es que pone herramientas de estudio de alta calidad y un dise\u00f1o excepcional a tu alcance por un precio extraordinario de solo 14,99 Euros. Es la oportunidad perfecta para bendecir a alguien especial con un regalo lleno de significado o para enriquecer tu propio tiempo devocional.<\/p>\n<p>Caracter\u00edsticas destacadas que enriquecer\u00e1n tu fe:<\/p>\n<p>&#8216; Dise\u00f1o Fresco y Manejable: Hermosa encuadernaci\u00f3n en imitaci\u00f3n piel color menta, bellamente realzada por un elegante canto dorado. Su pr\u00e1ctico tama\u00f1o manual (13.8 x 21.2 cm) la convierte en tu compa\u00f1era ideal para llevar a la iglesia, al parque o leer c\u00f3modamente en casa.<\/p>\n<p>&#8216; Lectura C\u00f3moda y Descansada: Disfruta de una experiencia visual placentera en tus tiempos de estudio gracias a su letra grande de 11 puntos. Adem\u00e1s, las palabras de Jes\u00fas destacadas en rojo te permitir\u00e1n encontrar y meditar r\u00e1pidamente en las ense\u00f1anzas directas del Maestro.<\/p>\n<p>&#8216; Herramientas de Estudio Esenciales: * Referencias cruzadas para descubrir la asombrosa conexi\u00f3n entre los pasajes de toda la Escritura.<\/p>\n<p>o Concordancia general que te ayudar\u00e1 a localizar r\u00e1pidamente esos vers\u00edculos clave que buscas.<\/p>\n<p>o Concordancia de personajes b\u00edblicos, un recurso invaluable para estudiar a fondo las vidas, desaf\u00edos y lecciones de los protagonistas de la fe.<\/p>\n<p>&#8216; Un Viaje Visual por la Biblia: Ampl\u00eda tu comprensi\u00f3n del contexto hist\u00f3rico y geogr\u00e1fico con 32 p\u00e1ginas a todo color repletas de esquemas y ayudas pr\u00e1cticas, excelentemente complementadas con 12 mapas a todo color.<\/p>\n<p>No dejes pasar esta oportunidad \u00fanica de llevarte una Biblia con acabados premium, hermosa por fuera y profunda por dentro, por solo 14,99 \u20ac. \u00a1Una verdadera joya espiritual a un precio inmejorable!<\/p>\n","protected":false},"excerpt":{"rendered":"<p>REINA VALERA<\/p>\n","protected":false},"featured_media":1097948,"template":"","meta":{"_acf_changed":false,"om_disable_all_campaigns":false,"rs_blank_template":"","rs_page_bg_color":"","slide_template_v7":"","inline_featured_image":false,"_monsterinsights_skip_tracking":false,"_monsterinsights_sitenote_active":false,"_monsterinsights_sitenote_note":"","_monsterinsights_sitenote_category":0},"product_brand":[],"product_cat":[420,296],"product_tag":[],"class_list":{"0":"post-1097947","1":"product","2":"type-product","3":"status-publish","4":"has-post-thumbnail","6":"product_cat-biblias","7":"product_cat-biblies","9":"first","10":"instock","11":"taxable","12":"shipping-taxable","13":"purchasable","14":"product-type-simple"},"acf":{"autor":"REINA VALERA","codart":"889384286","libros-coleccion":"","ediciones":"1","encuadernacion":"Carpeta","fecha_de_publicacion":"21\/04\/2026","novedad":"1","paginas":"0","subtitulo":"","orden":"0","portada":"0","idioma":"spa","booktrailer":"","resenas":"","editorial":[{"ID":446640,"post_author":"3","post_date":"2023-06-09 17:25:13","post_date_gmt":"2023-06-09 15:25:13","post_content":"","post_title":"MUNDO BIBLIA","post_excerpt":"","post_status":"publish","comment_status":"closed","ping_status":"closed","post_password":"","post_name":"mundo-biblia","to_ping":"","pinged":"","post_modified":"2023-06-09 17:25:13","post_modified_gmt":"2023-06-09 15:25:13","post_content_filtered":"","post_parent":0,"guid":"https:\/\/www.claret.cat\/editorial\/mundo-biblia\/","menu_order":0,"post_type":"editorial","post_mime_type":"","comment_count":"0","filter":"raw"}]},"aioseo_notices":[],"_links":{"self":[{"href":"https:\/\/www.claret.cat\/es\/wp-json\/wp\/v2\/product\/1097947","targetHints":{"allow":["GET"]}}],"collection":[{"href":"https:\/\/www.claret.cat\/es\/wp-json\/wp\/v2\/product"}],"about":[{"href":"https:\/\/www.claret.cat\/es\/wp-json\/wp\/v2\/types\/product"}],"wp:featuredmedia":[{"embeddable":true,"href":"https:\/\/www.claret.cat\/es\/wp-json\/wp\/v2\/media\/1097948"}],"wp:attachment":[{"href":"https:\/\/www.claret.cat\/es\/wp-json\/wp\/v2\/media?parent=1097947"}],"wp:term":[{"taxonomy":"product_brand","embeddable":true,"href":"https:\/\/www.claret.cat\/es\/wp-json\/wp\/v2\/product_brand?post=1097947"},{"taxonomy":"product_cat","embeddable":true,"href":"https:\/\/www.claret.cat\/es\/wp-json\/wp\/v2\/product_cat?post=1097947"},{"taxonomy":"product_tag","embeddable":true,"href":"https:\/\/www.claret.cat\/es\/wp-json\/wp\/v2\/product_tag?post=1097947"}],"curies":[{"name":"wp","href":"https:\/\/api.w.org\/{rel}","templated":true}]}}