{"id":1097950,"date":"2026-04-21T17:15:02","date_gmt":"2026-04-21T15:15:02","guid":{"rendered":"https:\/\/www.claret.cat\/llibre\/biblia-rvr60-tamano-manual-letra-grande-con-cierre-japones-negrogris-9798893843033\/"},"modified":"2026-04-21T17:30:27","modified_gmt":"2026-04-21T15:30:27","slug":"biblia-rvr60-tamano-manual-letra-grande-con-cierre-japones-negrogris-9798893843033","status":"publish","type":"product","link":"https:\/\/www.claret.cat\/es\/libro\/biblia-rvr60-tamano-manual-letra-grande-con-cierre-japones-negrogris-9798893843033\/","title":{"rendered":"BIBLIA RVR60 TAMA\u00d1O MANUAL LETRA GRANDE CON CIERRE JAPON\u00c9S. NEGRO\/GRIS"},"content":{"rendered":"<p>Elegancia y Profundidad en tu Estudio: Santa Biblia Reina Valera 1960 con Cierre Japon\u00e9s<\/p>\n<p>Descubre una experiencia de lectura \u00fanica con esta hermosa edici\u00f3n de la Biblia Reina Valera 1960. Dise\u00f1ada para quienes buscan un equilibrio perfecto entre un estilo sofisticado y herramientas de estudio excepcionales, esta Biblia destaca por su inconfundible cubierta y su elegante cierre de estilo japon\u00e9s, que no solo aporta un toque de distinci\u00f3n, sino que protege cuidadosamente las p\u00e1ginas de la Palabra de Dios.<\/p>\n<p>Es la compa\u00f1era ideal para tu tiempo devocional diario, estudios b\u00edblicos o para llevar contigo a la iglesia, combinando un exterior premium con un interior rico en recursos.<\/p>\n<p>Caracter\u00edsticas principales que enriquecer\u00e1n tu lectura:<\/p>\n<p>&#8216; Dise\u00f1o Premium y Seguro: Hermosa encuadernaci\u00f3n en imitaci\u00f3n piel bicolor, realzada por un brillante canto dorado y un distintivo cierre japon\u00e9s de cord\u00f3n que mantiene tu Biblia cerrada y protegida en todo momento.<\/p>\n<p>&#8216; Formato Pr\u00e1ctico: Su tama\u00f1o manual (13.8 x 21.2 cm) ofrece la portabilidad perfecta para que te acompa\u00f1e a donde vayas sin sacrificar comodidad visual.<\/p>\n<p>&#8216; Lectura C\u00f3moda y Clara: Olv\u00eddate de forzar la vista gracias a su letra de 11 puntos. Adem\u00e1s, podr\u00e1s identificar r\u00e1pidamente las ense\u00f1anzas del Maestro con las palabras de Jes\u00fas destacadas en rojo.<\/p>\n<p>&#8216; Herramientas para un Estudio Profundo: * Referencias cruzadas para conectar pasajes y temas.<\/p>\n<p>o Concordancia general para encontrar vers\u00edculos clave.<br \/>o Concordancia de personajes b\u00edblicos, ideal para estudiar la vida y el legado de las figuras m\u00e1s importantes de la fe.<\/p>\n<p>&#8216; Un Fest\u00edn Visual de Aprendizaje: Comprende mejor el contexto hist\u00f3rico y geogr\u00e1fico de las Escrituras con 32 p\u00e1ginas a todo color repletas de ayudas y esquemas, acompa\u00f1adas de 12 mapas a todo color.<\/p>\n<p>Ya sea como un regalo inolvidable para un ser querido o como tu nueva herramienta personal de fe, esta edici\u00f3n de la Reina Valera 1960 es una invitaci\u00f3n a sumergirte en las promesas de Dios con estilo, claridad y devoci\u00f3n.<\/p>\n","protected":false},"excerpt":{"rendered":"<p>REINA VALERA<\/p>\n","protected":false},"featured_media":1097951,"template":"","meta":{"_acf_changed":false,"om_disable_all_campaigns":false,"rs_blank_template":"","rs_page_bg_color":"","slide_template_v7":"","inline_featured_image":false,"_monsterinsights_skip_tracking":false,"_monsterinsights_sitenote_active":false,"_monsterinsights_sitenote_note":"","_monsterinsights_sitenote_category":0},"product_brand":[],"product_cat":[420,296],"product_tag":[],"class_list":{"0":"post-1097950","1":"product","2":"type-product","3":"status-publish","4":"has-post-thumbnail","6":"product_cat-biblias","7":"product_cat-biblies","9":"first","10":"instock","11":"taxable","12":"shipping-taxable","13":"purchasable","14":"product-type-simple"},"acf":{"autor":"REINA VALERA","codart":"889384303","libros-coleccion":"","ediciones":"1","encuadernacion":"R\u00fastica","fecha_de_publicacion":"21\/04\/2026","novedad":"1","paginas":"0","subtitulo":"","orden":"0","portada":"0","idioma":"spa","booktrailer":"","resenas":"","editorial":[{"ID":446640,"post_author":"3","post_date":"2023-06-09 17:25:13","post_date_gmt":"2023-06-09 15:25:13","post_content":"","post_title":"MUNDO BIBLIA","post_excerpt":"","post_status":"publish","comment_status":"closed","ping_status":"closed","post_password":"","post_name":"mundo-biblia","to_ping":"","pinged":"","post_modified":"2023-06-09 17:25:13","post_modified_gmt":"2023-06-09 15:25:13","post_content_filtered":"","post_parent":0,"guid":"https:\/\/www.claret.cat\/editorial\/mundo-biblia\/","menu_order":0,"post_type":"editorial","post_mime_type":"","comment_count":"0","filter":"raw"}]},"aioseo_notices":[],"_links":{"self":[{"href":"https:\/\/www.claret.cat\/es\/wp-json\/wp\/v2\/product\/1097950","targetHints":{"allow":["GET"]}}],"collection":[{"href":"https:\/\/www.claret.cat\/es\/wp-json\/wp\/v2\/product"}],"about":[{"href":"https:\/\/www.claret.cat\/es\/wp-json\/wp\/v2\/types\/product"}],"wp:featuredmedia":[{"embeddable":true,"href":"https:\/\/www.claret.cat\/es\/wp-json\/wp\/v2\/media\/1097951"}],"wp:attachment":[{"href":"https:\/\/www.claret.cat\/es\/wp-json\/wp\/v2\/media?parent=1097950"}],"wp:term":[{"taxonomy":"product_brand","embeddable":true,"href":"https:\/\/www.claret.cat\/es\/wp-json\/wp\/v2\/product_brand?post=1097950"},{"taxonomy":"product_cat","embeddable":true,"href":"https:\/\/www.claret.cat\/es\/wp-json\/wp\/v2\/product_cat?post=1097950"},{"taxonomy":"product_tag","embeddable":true,"href":"https:\/\/www.claret.cat\/es\/wp-json\/wp\/v2\/product_tag?post=1097950"}],"curies":[{"name":"wp","href":"https:\/\/api.w.org\/{rel}","templated":true}]}}