{"id":109798,"date":"2022-10-12T13:37:31","date_gmt":"2022-10-12T11:37:31","guid":{"rendered":"http:\/\/dev.claret.cat\/producte\/pack-tc-un-perfecto-caballero-album-de-fotos\/"},"modified":"2023-01-28T18:47:13","modified_gmt":"2023-01-28T17:47:13","slug":"pack-tc-un-perfecto-caballero-album-de-fotos-9788408230335","status":"publish","type":"product","link":"https:\/\/www.claret.cat\/es\/libro\/pack-tc-un-perfecto-caballero-album-de-fotos-9788408230335\/","title":{"rendered":"PACK TC UN PERFECTO CABALLERO + \u00c1LBUM DE FOTOS"},"content":{"rendered":"<p>En enero de 1939, las tropas de Franco entran triunfantes en Barcelona. Con ellas va Mauricio Casasnovas, guapo como un artista de cine. Es el heredero de una empresa textil, al que espera una mujer sumisa y un futuro dorado de noches en el Liceo, los mejores sastres y fulanas de lujo. Pero la brutalidad de la guerra ha abierto una grieta en su coraz\u00f3n que no deja de agrandarse. Mauricio, a pesar de estar casado, conoce por primera vez el amor y la pasi\u00f3n con una obrera de su f\u00e1brica, cuyo marido est\u00e1 encarcelado. Atormentado al no poder poseer a esta mujer por completo, Mauricio comete un hecho terrible cuya culpa lo perseguir\u00e1 para siempre. Adem\u00e1s, su vida conyugal esconde un enigma tan devastador y sorprendente que ni \u00e9l ni nadie ha podido sospecharlo jam\u00e1s.<br \/>Pilar Eyre nos invita a mirar por el ojo de la cerradura los secretos m\u00e1s ocultos, fascinantes y vergonzosos de una Barcelona de contrastes, desde las org\u00edas en el hotel Ritz a las devotas misas de doce. La vida \u00edntima de sus protagonistas en pisos elegantes o en humildes cuevas. Criados y se\u00f1ores, pobres y ricos, honrados y canallas cuentan su magn\u00e9tica historia con un final tan arrebatador como todo el libro.<\/p>\n<p>El pack contiene el libro\u00a0Un perfecto caballero\u00a0de Pilar Eyre y de regalo un \u00e1lbum de fotos de los a\u00f1os 40-60 de la familia de la autora comentadas por ella.<\/p>\n","protected":false},"excerpt":{"rendered":"<p>EYRE, PILAR<\/p>\n","protected":false},"featured_media":274567,"template":"","meta":{"_acf_changed":false,"om_disable_all_campaigns":false,"rs_blank_template":"","rs_page_bg_color":"","slide_template_v7":"","inline_featured_image":false,"_monsterinsights_skip_tracking":false,"_monsterinsights_sitenote_active":false,"_monsterinsights_sitenote_note":"","_monsterinsights_sitenote_category":0},"product_brand":[],"product_cat":[90,540],"product_tag":[],"class_list":{"0":"post-109798","1":"product","2":"type-product","3":"status-publish","4":"has-post-thumbnail","6":"product_cat-altres","7":"product_cat-otros","9":"first","10":"instock","11":"taxable","12":"shipping-taxable","13":"purchasable","14":"product-type-simple"},"acf":{"editorial":[{"ID":6233,"post_author":"3","post_date":"2022-07-28 17:47:48","post_date_gmt":"2022-07-28 15:47:48","post_content":"","post_title":"EDITORIAL PLANETA","post_excerpt":"","post_status":"publish","comment_status":"closed","ping_status":"closed","post_password":"","post_name":"editorial-planeta","to_ping":"","pinged":"","post_modified":"2022-07-28 17:47:48","post_modified_gmt":"2022-07-28 15:47:48","post_content_filtered":"","post_parent":0,"guid":"http:\/\/dev.claret.cat\/editorial\/editorial-planeta\/","menu_order":0,"post_type":"editorial","post_mime_type":"","comment_count":"0","filter":"raw"}],"autores-libros":[{"ID":167302,"post_author":"3","post_date":"2022-10-14 18:10:07","post_date_gmt":"2022-10-14 16:10:07","post_content":"","post_title":"PILAR EYRE","post_excerpt":"","post_status":"publish","comment_status":"closed","ping_status":"closed","post_password":"","post_name":"pilar-eyre","to_ping":"","pinged":"","post_modified":"2022-10-14 18:10:07","post_modified_gmt":"2022-10-14 16:10:07","post_content_filtered":"","post_parent":0,"guid":"http:\/\/dev.claret.cat\/autor\/pilar-eyre\/","menu_order":0,"post_type":"autor","post_mime_type":"","comment_count":"0","filter":"raw"}],"autor":"EYRE, PILAR","codart":"840823033","libros-coleccion":"Autores Espa\u00f1oles e Iberoamericanos","ediciones":"1","encuadernacion":"Carton\u00e9","fecha_de_publicacion":"01\/06\/2020","novedad":"1","paginas":"368","subtitulo":"","orden":"0","portada":"0","idioma":"spa"},"aioseo_notices":[],"_links":{"self":[{"href":"https:\/\/www.claret.cat\/es\/wp-json\/wp\/v2\/product\/109798","targetHints":{"allow":["GET"]}}],"collection":[{"href":"https:\/\/www.claret.cat\/es\/wp-json\/wp\/v2\/product"}],"about":[{"href":"https:\/\/www.claret.cat\/es\/wp-json\/wp\/v2\/types\/product"}],"wp:featuredmedia":[{"embeddable":true,"href":"https:\/\/www.claret.cat\/es\/wp-json\/wp\/v2\/media\/274567"}],"wp:attachment":[{"href":"https:\/\/www.claret.cat\/es\/wp-json\/wp\/v2\/media?parent=109798"}],"wp:term":[{"taxonomy":"product_brand","embeddable":true,"href":"https:\/\/www.claret.cat\/es\/wp-json\/wp\/v2\/product_brand?post=109798"},{"taxonomy":"product_cat","embeddable":true,"href":"https:\/\/www.claret.cat\/es\/wp-json\/wp\/v2\/product_cat?post=109798"},{"taxonomy":"product_tag","embeddable":true,"href":"https:\/\/www.claret.cat\/es\/wp-json\/wp\/v2\/product_tag?post=109798"}],"curies":[{"name":"wp","href":"https:\/\/api.w.org\/{rel}","templated":true}]}}