{"id":1098335,"date":"2026-04-24T13:05:31","date_gmt":"2026-04-24T11:05:31","guid":{"rendered":"https:\/\/www.claret.cat\/llibre\/inmaculada-9791387839345\/"},"modified":"2026-04-24T13:13:22","modified_gmt":"2026-04-24T11:13:22","slug":"inmaculada-9791387839345","status":"publish","type":"product","link":"https:\/\/www.claret.cat\/es\/libro\/inmaculada-9791387839345\/","title":{"rendered":"INMACULADA"},"content":{"rendered":"<p>El 19 de septiembre de 1983, una chica de catorce a\u00f1os muri\u00f3 al precipitarse desde el tercer piso de un reformatorio de San Fernando de Henares vinculado al Patronato de Protecci\u00f3n a la Mujer. Pese a la gravedad del caso, ya que la joven muri\u00f3 bajo tutela del Estado, los jueces dieron carpetazo a la investigaci\u00f3n con una rapidez pasmosa y la historia de aquella chica acab\u00f3 perdi\u00e9ndose en el olvido. Hasta ahora. Marta Garc\u00eda Carbonell, Esther L\u00f3pez Barcel\u00f3 y Mar\u00eda Palau Gald\u00f3n se propusieron dignificar la memoria de Inmaculada Valderrama, que as\u00ed se llamaba la protagonista de aquella tragedia. Sirvi\u00e9ndose de archivos y de testimonios, las autoras sacan a la luz muchos detalles desconocidos del caso y se adentran en el siniestro funcionamiento del Patronato de Protecci\u00f3n a la Mujer, una instituci\u00f3n franquista dirigida al control de las mujeres y que sigui\u00f3 operando hasta 1985, bien entrada la democracia.<\/p>\n","protected":false},"excerpt":{"rendered":"<p>MARTA GARC\u00cdA CARBONELL<\/p>\n","protected":false},"featured_media":1098336,"template":"","meta":{"_acf_changed":false,"om_disable_all_campaigns":false,"rs_blank_template":"","rs_page_bg_color":"","slide_template_v7":"","inline_featured_image":false,"_monsterinsights_skip_tracking":false,"_monsterinsights_sitenote_active":false,"_monsterinsights_sitenote_note":"","_monsterinsights_sitenote_category":0},"product_brand":[],"product_cat":[240,395],"product_tag":[],"class_list":{"0":"post-1098335","1":"product","2":"type-product","3":"status-publish","4":"has-post-thumbnail","6":"product_cat-vida-religiosa-espiritualitat","7":"product_cat-vida-religiosa-espiritualidad-1_espiritualidad","9":"first","10":"instock","11":"taxable","12":"shipping-taxable","13":"purchasable","14":"product-type-simple"},"acf":{"autor":"MARTA GARC\u00cdA CARBONELL","codart":"138783934","libros-coleccion":"","ediciones":"1","encuadernacion":"R\u00fastica","fecha_de_publicacion":"01\/04\/2026","novedad":"1","paginas":"218","subtitulo":"LA MUERTE QUE PRECIPIT\u00d3 EL FINAL DEL PATRONATO","orden":"0","portada":"1","idioma":"spa","booktrailer":"","resenas":"","editorial":[{"ID":262259,"post_author":"3","post_date":"2022-10-24 11:22:01","post_date_gmt":"2022-10-24 09:22:01","post_content":"","post_title":"LIBROS DEL K.O.","post_excerpt":"","post_status":"publish","comment_status":"closed","ping_status":"closed","post_password":"","post_name":"libros-del-k-o-2","to_ping":"","pinged":"","post_modified":"2022-10-24 11:22:01","post_modified_gmt":"2022-10-24 09:22:01","post_content_filtered":"","post_parent":0,"guid":"http:\/\/dev.claret.cat\/editorial\/libros-del-k-o-2\/","menu_order":0,"post_type":"editorial","post_mime_type":"","comment_count":"0","filter":"raw"}]},"aioseo_notices":[],"_links":{"self":[{"href":"https:\/\/www.claret.cat\/es\/wp-json\/wp\/v2\/product\/1098335","targetHints":{"allow":["GET"]}}],"collection":[{"href":"https:\/\/www.claret.cat\/es\/wp-json\/wp\/v2\/product"}],"about":[{"href":"https:\/\/www.claret.cat\/es\/wp-json\/wp\/v2\/types\/product"}],"wp:featuredmedia":[{"embeddable":true,"href":"https:\/\/www.claret.cat\/es\/wp-json\/wp\/v2\/media\/1098336"}],"wp:attachment":[{"href":"https:\/\/www.claret.cat\/es\/wp-json\/wp\/v2\/media?parent=1098335"}],"wp:term":[{"taxonomy":"product_brand","embeddable":true,"href":"https:\/\/www.claret.cat\/es\/wp-json\/wp\/v2\/product_brand?post=1098335"},{"taxonomy":"product_cat","embeddable":true,"href":"https:\/\/www.claret.cat\/es\/wp-json\/wp\/v2\/product_cat?post=1098335"},{"taxonomy":"product_tag","embeddable":true,"href":"https:\/\/www.claret.cat\/es\/wp-json\/wp\/v2\/product_tag?post=1098335"}],"curies":[{"name":"wp","href":"https:\/\/api.w.org\/{rel}","templated":true}]}}