{"id":1098341,"date":"2026-04-24T13:06:53","date_gmt":"2026-04-24T11:06:53","guid":{"rendered":"https:\/\/www.claret.cat\/llibre\/honrar-la-vida-9788410428409\/"},"modified":"2026-04-24T13:07:05","modified_gmt":"2026-04-24T11:07:05","slug":"honrar-la-vida-9788410428409","status":"publish","type":"product","link":"https:\/\/www.claret.cat\/es\/libro\/honrar-la-vida-9788410428409\/","title":{"rendered":"HONRAR LA VIDA"},"content":{"rendered":"<p>Honrar la vida es mucho m\u00e1s que un libro: es un acto de amor. Una invitaci\u00f3n serena y poderosa a mirar de frente la existencia, con todas sus luces y sombras, y a reconciliarnos con lo que somos. En sus p\u00e1ginas habita una filosof\u00eda profundamente humana -el virmor- que nos recuerda algo esencial: que vivir con amor, conciencia y gratitud no es un privilegio, sino una decisi\u00f3n.Con una voz \u00edntima, c\u00e1lida y a la vez desafiante, la autora nos gu\u00eda por los grandes temas que nos atraviesan: qui\u00e9nes somos, qu\u00e9 hacemos con nuestro tiempo, c\u00f3mo amamos, c\u00f3mo nos despedimos&#8230; y c\u00f3mo dejar de sobrevivir para empezar, por fin, a vivir. A trav\u00e9s de reflexiones conmovedoras y cuestiones profundas, este libro acompa\u00f1a a quienes est\u00e1n en b\u00fasqueda de sentido, atravesando un duelo, reinvent\u00e1ndose o simplemente deseando volver a sentirse vivos.Honrar la vida no busca respuestas absolutas, sino despertar preguntas reales. Es un libro que se siente como una conversaci\u00f3n que uno no quiere que termine. Esta obra toca el alma, pero tambi\u00e9n mueve a la acci\u00f3n. Porque al final, lo que cuenta no es cu\u00e1nto duramos, sino c\u00f3mo elegimos vivir.<\/p>\n","protected":false},"excerpt":{"rendered":"<p>TATI BALLESTEROS<\/p>\n","protected":false},"featured_media":1098342,"template":"","meta":{"_acf_changed":false,"om_disable_all_campaigns":false,"rs_blank_template":"","rs_page_bg_color":"","slide_template_v7":"","inline_featured_image":false,"_monsterinsights_skip_tracking":false,"_monsterinsights_sitenote_active":false,"_monsterinsights_sitenote_note":"","_monsterinsights_sitenote_category":0},"product_brand":[],"product_cat":[495,245],"product_tag":[],"class_list":{"0":"post-1098341","1":"product","2":"type-product","3":"status-publish","4":"has-post-thumbnail","6":"product_cat-diversa-espiritualidad-1_espiritualidad","7":"product_cat-diversa","9":"first","10":"instock","11":"taxable","12":"shipping-taxable","13":"purchasable","14":"product-type-simple"},"acf":{"autor":"TATI BALLESTEROS","codart":"841042840","libros-coleccion":"","ediciones":"1","encuadernacion":"R\u00fastica","fecha_de_publicacion":"01\/03\/2026","novedad":"1","paginas":"192","subtitulo":"VIRMOR, EL ARTE DE VIVIR CON AMOR","orden":"0","portada":"0","idioma":"spa","booktrailer":"","resenas":"","editorial":[{"ID":990516,"post_author":"3","post_date":"2024-11-08 13:15:45","post_date_gmt":"2024-11-08 12:15:45","post_content":"","post_title":"Kitaeru Libros","post_excerpt":"","post_status":"publish","comment_status":"closed","ping_status":"closed","post_password":"","post_name":"kitaeru-libros","to_ping":"","pinged":"","post_modified":"2024-11-08 13:15:45","post_modified_gmt":"2024-11-08 12:15:45","post_content_filtered":"","post_parent":0,"guid":"https:\/\/www.claret.cat\/editorial\/kitaeru-libros\/","menu_order":0,"post_type":"editorial","post_mime_type":"","comment_count":"0","filter":"raw"}]},"aioseo_notices":[],"_links":{"self":[{"href":"https:\/\/www.claret.cat\/es\/wp-json\/wp\/v2\/product\/1098341","targetHints":{"allow":["GET"]}}],"collection":[{"href":"https:\/\/www.claret.cat\/es\/wp-json\/wp\/v2\/product"}],"about":[{"href":"https:\/\/www.claret.cat\/es\/wp-json\/wp\/v2\/types\/product"}],"wp:featuredmedia":[{"embeddable":true,"href":"https:\/\/www.claret.cat\/es\/wp-json\/wp\/v2\/media\/1098342"}],"wp:attachment":[{"href":"https:\/\/www.claret.cat\/es\/wp-json\/wp\/v2\/media?parent=1098341"}],"wp:term":[{"taxonomy":"product_brand","embeddable":true,"href":"https:\/\/www.claret.cat\/es\/wp-json\/wp\/v2\/product_brand?post=1098341"},{"taxonomy":"product_cat","embeddable":true,"href":"https:\/\/www.claret.cat\/es\/wp-json\/wp\/v2\/product_cat?post=1098341"},{"taxonomy":"product_tag","embeddable":true,"href":"https:\/\/www.claret.cat\/es\/wp-json\/wp\/v2\/product_tag?post=1098341"}],"curies":[{"name":"wp","href":"https:\/\/api.w.org\/{rel}","templated":true}]}}