{"id":1098443,"date":"2026-04-25T12:50:17","date_gmt":"2026-04-25T10:50:17","guid":{"rendered":"https:\/\/www.claret.cat\/llibre\/leon-xiv-y-la-iglesia-despues-de-francisco-9788491366508\/"},"modified":"2026-04-25T12:55:26","modified_gmt":"2026-04-25T10:55:26","slug":"leon-xiv-y-la-iglesia-despues-de-francisco-9788491366508","status":"publish","type":"product","link":"https:\/\/www.claret.cat\/es\/libro\/leon-xiv-y-la-iglesia-despues-de-francisco-9788491366508\/","title":{"rendered":"LE\u00d3N XIV Y LA IGLESIA DESPU\u00c9S DE FRANCISCO"},"content":{"rendered":"<p class='ql-align-justify'>\u00bfQui\u00e9n es Le\u00f3n XIV y qu\u00e9 retos le esperan como l\u00edder de la Iglesia cat\u00f3lica? <em>Le\u00f3n XIV y la Iglesia despu\u00e9s de Francisco<\/em> responde a esta pregunta mediante la revisi\u00f3n de la trayectoria eclesial de Robert Prevost hasta su elecci\u00f3n papal, el an\u00e1lisis de sus primeros ocho meses de pontificado y la exposici\u00f3n de los principales desaf\u00edos que afronta tras los doce a\u00f1os de pontificado de Jorge Mario Bergoglio.<\/p>\n<p><\/p>\n","protected":false},"excerpt":{"rendered":"<p>JORDI PACHECO<\/p>\n","protected":false},"featured_media":1098444,"template":"","meta":{"_acf_changed":false,"om_disable_all_campaigns":false,"rs_blank_template":"","rs_page_bg_color":"","slide_template_v7":"","inline_featured_image":false,"_monsterinsights_skip_tracking":false,"_monsterinsights_sitenote_active":false,"_monsterinsights_sitenote_note":"","_monsterinsights_sitenote_category":0},"product_brand":[],"product_cat":[581,92,542],"product_tag":[],"class_list":{"0":"post-1098443","1":"product","2":"type-product","3":"status-publish","4":"has-post-thumbnail","6":"product_cat-editorial-claret","7":"product_cat-vida-religiosa","8":"product_cat-vida-religiosa-1_espiritualidad-spa","10":"first","11":"instock","12":"taxable","13":"shipping-taxable","14":"purchasable","15":"product-type-simple"},"acf":{"autor":"JORDI PACHECO","codart":"849136650","libros-coleccion":"FORA DE COL.LECCI\u00d3","ediciones":"1","encuadernacion":"R\u00fastica","fecha_de_publicacion":"05\/05\/2026","novedad":"0","paginas":"184","subtitulo":"","orden":"0","portada":"1","idioma":"spa","booktrailer":"","resenas":"","editorial":[{"ID":6158,"post_author":"3","post_date":"2022-07-28 17:46:08","post_date_gmt":"2022-07-28 15:46:08","post_content":"","post_title":"CLARET","post_excerpt":"","post_status":"publish","comment_status":"closed","ping_status":"closed","post_password":"","post_name":"claret","to_ping":"","pinged":"","post_modified":"2022-07-28 17:46:08","post_modified_gmt":"2022-07-28 15:46:08","post_content_filtered":"","post_parent":0,"guid":"http:\/\/dev.claret.cat\/editorial\/claret\/","menu_order":0,"post_type":"editorial","post_mime_type":"","comment_count":"0","filter":"raw"}],"autores-libros":[{"ID":884326,"post_author":"3","post_date":"2023-10-20 16:00:29","post_date_gmt":"2023-10-20 14:00:29","post_content":"Jordi Pacheco (Girona,1980) \u00e9s periodista, director de l\u2019ag\u00e8ncia <em>Flama<\/em> i de la revista <em>Foc Nou<\/em>. Des de 2007 ha col\u00b7laborat amb nombrosos mitjans escrits i audiovisuals cobrint temes relacionats amb la cultura, la religi\u00f3 i els drets humans. \u00c9s graduat en Comunicaci\u00f3 per la UOC i membre del Col.legi de Periodistes de Catalunya.","post_title":"JORDI PACHECO","post_excerpt":"","post_status":"publish","comment_status":"closed","ping_status":"closed","post_password":"","post_name":"jordi-pacheco","to_ping":"","pinged":"","post_modified":"2025-10-22 07:49:48","post_modified_gmt":"2025-10-22 05:49:48","post_content_filtered":"","post_parent":0,"guid":"https:\/\/www.claret.cat\/autor\/jordi-pacheco\/","menu_order":0,"post_type":"autor","post_mime_type":"","comment_count":"0","filter":"raw"}]},"aioseo_notices":[],"_links":{"self":[{"href":"https:\/\/www.claret.cat\/es\/wp-json\/wp\/v2\/product\/1098443","targetHints":{"allow":["GET"]}}],"collection":[{"href":"https:\/\/www.claret.cat\/es\/wp-json\/wp\/v2\/product"}],"about":[{"href":"https:\/\/www.claret.cat\/es\/wp-json\/wp\/v2\/types\/product"}],"wp:featuredmedia":[{"embeddable":true,"href":"https:\/\/www.claret.cat\/es\/wp-json\/wp\/v2\/media\/1098444"}],"wp:attachment":[{"href":"https:\/\/www.claret.cat\/es\/wp-json\/wp\/v2\/media?parent=1098443"}],"wp:term":[{"taxonomy":"product_brand","embeddable":true,"href":"https:\/\/www.claret.cat\/es\/wp-json\/wp\/v2\/product_brand?post=1098443"},{"taxonomy":"product_cat","embeddable":true,"href":"https:\/\/www.claret.cat\/es\/wp-json\/wp\/v2\/product_cat?post=1098443"},{"taxonomy":"product_tag","embeddable":true,"href":"https:\/\/www.claret.cat\/es\/wp-json\/wp\/v2\/product_tag?post=1098443"}],"curies":[{"name":"wp","href":"https:\/\/api.w.org\/{rel}","templated":true}]}}