{"id":1098555,"date":"2026-04-27T13:35:17","date_gmt":"2026-04-27T11:35:17","guid":{"rendered":"https:\/\/www.claret.cat\/llibre\/el-libro-del-tao-serie-great-ideas-9788491057901\/"},"modified":"2026-04-27T13:56:49","modified_gmt":"2026-04-27T11:56:49","slug":"el-libro-del-tao-serie-great-ideas-9788491057901","status":"publish","type":"product","link":"https:\/\/www.claret.cat\/es\/libro\/el-libro-del-tao-serie-great-ideas-9788491057901\/","title":{"rendered":"EL LIBRO DEL TAO (SERIE GREAT IDEAS)"},"content":{"rendered":"<p>Ideas que han cambiado el mundo. A lo largo de la historia, algunos libros han cambiado el mundo. Han transformado la manera en que nos vemos a nosotros mismos y a los dem\u00e1s. Han inspirado el debate, la discordia, la guerra y la revoluci\u00f3n. Han iluminado, indignado, provocado y consolado. Han enriquecido vidas, y tambi\u00e9n las han destruido. Taurus publica las obras de los grandes pensadores, pioneros, radicales y visionarios cuyas ideas sacudieron la civilizaci\u00f3n y nos impulsaron a ser quienes somos. Obra fundamental para la religi\u00f3n y la filosof\u00eda chinas, El libro del Tao es una sencilla gu\u00eda de la virtud que incita a la paz, el entendimiento y la humildad. Ofrece desde consejos pol\u00edticos a recomendaciones de sabidur\u00eda popular y ha servido de inspiraci\u00f3n a artistas a trav\u00e9s de los tiempos y por todo el mundo.Comentarios sobre la colecci\u00f3n Great Ideas:<br \/>\u00abDe veras que la edici\u00f3n es primorosa y pocas veces contenido y continente pueden encontrarse mejor ensamblados y unidos. \u00a1Qu\u00e9 portadas! Para enmarcar. [&#8230;] Ante las Great Ideas, solo cabe quitarse el sombrero. \u00a1Chapeau!\u00bb<br \/>ABC \u00abTaurus propone un doble envite con este lanzamiento. Por un lado aumenta su compromiso con el ensayo; por otro, recupera el gusto por la est\u00e9tica. A los vol\u00famenes se les ha proporcionado una portada delicada y cuidada (copian el original brit\u00e1nico) que invita a la lectura.\u00bb<br \/>La Raz\u00f3n \u00abUn fen\u00f3meno editorial.\u00bb<br \/>The Guardian \u00abAparte de los contenidos, en general muy bien elegidos, son tan bonitos que si los ven seguro que cae alguno.\u00bb<br \/>El Pa\u00eds\u00abIdeas revolucionarias, cr\u00f3nicas de exploraciones, pensamientos radicales&#8230; vuelven a la vida en estas cuidad\u00edsimas ediciones, muy atractivas para nuevos lectores.\u00bb<br \/>Mujer Hoy \u00abGrandes ideas bien envueltas. De Cicer\u00f3n a Darwin, esta colecci\u00f3n entra por los ojos.\u00bb<br \/>Rolling Stone \u00abOriginal y bella iniciativa la emprendida por Taurus con su colecci\u00f3n Great Ideas.\u00bb<br \/>Cambio 16\u00abHay libros inmortales, libros \u00fanicos que contienen pensamientos y reflexiones capaces de cambiar el mundo, tesoros en miniatura reagrupados en la colecci\u00f3n Great Ideas.\u00bb<br \/>Diario de Le\u00f3n<\/p>\n","protected":false},"excerpt":{"rendered":"<p>LAO TSE<\/p>\n","protected":false},"featured_media":1098556,"template":"","meta":{"_acf_changed":false,"om_disable_all_campaigns":false,"rs_blank_template":"","rs_page_bg_color":"","slide_template_v7":"","inline_featured_image":false,"_monsterinsights_skip_tracking":false,"_monsterinsights_sitenote_active":false,"_monsterinsights_sitenote_note":"","_monsterinsights_sitenote_category":0},"product_brand":[],"product_cat":[485,232,495,245],"product_tag":[],"class_list":{"0":"post-1098555","1":"product","2":"type-product","3":"status-publish","4":"has-post-thumbnail","6":"product_cat-autores-espiritualidad-1_espiritualidad","7":"product_cat-autors-espiritualitat","8":"product_cat-diversa-espiritualidad-1_espiritualidad","9":"product_cat-diversa","11":"first","12":"instock","13":"taxable","14":"shipping-taxable","15":"purchasable","16":"product-type-simple"},"acf":{"autor":"LAO TSE","codart":"849105790","libros-coleccion":"","ediciones":"1","encuadernacion":"R\u00fastica","fecha_de_publicacion":"01\/04\/2026","novedad":"1","paginas":"134","subtitulo":"SERIE GREAT IDEAS","orden":"0","portada":"0","idioma":"spa","booktrailer":"","resenas":"","editorial":[{"ID":148656,"post_author":"3","post_date":"2022-10-14 11:59:57","post_date_gmt":"2022-10-14 09:59:57","post_content":"","post_title":"PENGUIN CLASICOS","post_excerpt":"","post_status":"publish","comment_status":"closed","ping_status":"closed","post_password":"","post_name":"penguin-clasicos","to_ping":"","pinged":"","post_modified":"2022-10-14 11:59:57","post_modified_gmt":"2022-10-14 09:59:57","post_content_filtered":"","post_parent":0,"guid":"http:\/\/dev.claret.cat\/editorial\/penguin-clasicos\/","menu_order":0,"post_type":"editorial","post_mime_type":"","comment_count":"0","filter":"raw"}]},"aioseo_notices":[],"_links":{"self":[{"href":"https:\/\/www.claret.cat\/es\/wp-json\/wp\/v2\/product\/1098555","targetHints":{"allow":["GET"]}}],"collection":[{"href":"https:\/\/www.claret.cat\/es\/wp-json\/wp\/v2\/product"}],"about":[{"href":"https:\/\/www.claret.cat\/es\/wp-json\/wp\/v2\/types\/product"}],"wp:featuredmedia":[{"embeddable":true,"href":"https:\/\/www.claret.cat\/es\/wp-json\/wp\/v2\/media\/1098556"}],"wp:attachment":[{"href":"https:\/\/www.claret.cat\/es\/wp-json\/wp\/v2\/media?parent=1098555"}],"wp:term":[{"taxonomy":"product_brand","embeddable":true,"href":"https:\/\/www.claret.cat\/es\/wp-json\/wp\/v2\/product_brand?post=1098555"},{"taxonomy":"product_cat","embeddable":true,"href":"https:\/\/www.claret.cat\/es\/wp-json\/wp\/v2\/product_cat?post=1098555"},{"taxonomy":"product_tag","embeddable":true,"href":"https:\/\/www.claret.cat\/es\/wp-json\/wp\/v2\/product_tag?post=1098555"}],"curies":[{"name":"wp","href":"https:\/\/api.w.org\/{rel}","templated":true}]}}