{"id":1098686,"date":"2026-04-28T13:35:10","date_gmt":"2026-04-28T11:35:10","guid":{"rendered":"https:\/\/www.claret.cat\/llibre\/el-secreto-de-los-nombres-de-dios-9791370202392\/"},"modified":"2026-04-28T13:35:31","modified_gmt":"2026-04-28T11:35:31","slug":"el-secreto-de-los-nombres-de-dios-9791370202392","status":"publish","type":"product","link":"https:\/\/www.claret.cat\/es\/libro\/el-secreto-de-los-nombres-de-dios-9791370202392\/","title":{"rendered":"EL SECRETO DE LOS NOMBRES DE DIOS"},"content":{"rendered":"<p>Al comentario de los 99 Nombres Divinos, doctrina isl\u00e1mica reflejada tanto en el Cor\u00e1n (\u00abA Dios pertenecen los Nombres m\u00e1s bellos; \u00a1invocadlo con ellos!\u00bb, 7:180) como en la Sunna (\u00abDios tiene noventa y nueve nombres, cien menos uno, y quien los enumera entra en el Para\u00edso\u00bb), Ibn Arabi dedic\u00f3 varios escritos espec\u00edficos.\u00a0<br \/> En este libro se traducen dos de sus comentarios. El primero, titulado La develaci\u00f3n del significado que revela el secreto de los M\u00e1s Bellos Nombres de Dios, expone diversos aspectos de cada Nombre divino desde tres perspectivas complementarias: \u00abnecesidad\u00bb, \u00abrealizaci\u00f3n\u00bb y \u00abadopci\u00f3n\u00bb.<br \/> El segundo forma parte de otro comentario mucho m\u00e1s extenso, el cap\u00edtulo 558 de su obra magna, Las revelaciones de La Meca (al-Futu?at al-makkiyya), que contiene de hecho dos comentarios sucesivos. Aqu\u00ed se traduce la breve secci\u00f3n que cierra el cap\u00edtulo, la cual presenta un comentario completo de los 99 Nombres que, por su estilo, estructura y contenido, puede considerarse independientemente.<br \/> Estos dos textos aqu\u00ed reunidos permiten adentrarse, con rigor y profundidad, en el pensamiento m\u00edstico suf\u00ed de Ibn Arabi, quien, con la inspirada maestr\u00eda de su escritura, ilumina el secreto de los Nombres divinos.<\/p>\n","protected":false},"excerpt":{"rendered":"<p>IBN ARABI<\/p>\n","protected":false},"featured_media":1098687,"template":"","meta":{"_acf_changed":false,"om_disable_all_campaigns":false,"rs_blank_template":"","rs_page_bg_color":"","slide_template_v7":"","inline_featured_image":false,"_monsterinsights_skip_tracking":false,"_monsterinsights_sitenote_active":false,"_monsterinsights_sitenote_note":"","_monsterinsights_sitenote_category":0},"product_brand":[],"product_cat":[544,94],"product_tag":[],"class_list":{"0":"post-1098686","1":"product","2":"type-product","3":"status-publish","4":"has-post-thumbnail","6":"product_cat-religiones","7":"product_cat-religions","9":"first","10":"instock","11":"taxable","12":"shipping-taxable","13":"purchasable","14":"product-type-simple"},"acf":{"autor":"IBN ARABI","codart":"137020239","libros-coleccion":"","ediciones":"1","encuadernacion":"R\u00fastica","fecha_de_publicacion":"01\/05\/2026","novedad":"1","paginas":"302","subtitulo":"","orden":"0","portada":"0","idioma":"spa","booktrailer":"","resenas":"","editorial":[{"ID":147409,"post_author":"3","post_date":"2022-10-14 11:50:21","post_date_gmt":"2022-10-14 09:50:21","post_content":"","post_title":"ALMUZARA EDITORIAL","post_excerpt":"","post_status":"publish","comment_status":"closed","ping_status":"closed","post_password":"","post_name":"almuzara-editorial","to_ping":"","pinged":"","post_modified":"2022-10-14 11:50:21","post_modified_gmt":"2022-10-14 09:50:21","post_content_filtered":"","post_parent":0,"guid":"http:\/\/dev.claret.cat\/editorial\/almuzara-editorial\/","menu_order":0,"post_type":"editorial","post_mime_type":"","comment_count":"0","filter":"raw"}]},"aioseo_notices":[],"_links":{"self":[{"href":"https:\/\/www.claret.cat\/es\/wp-json\/wp\/v2\/product\/1098686","targetHints":{"allow":["GET"]}}],"collection":[{"href":"https:\/\/www.claret.cat\/es\/wp-json\/wp\/v2\/product"}],"about":[{"href":"https:\/\/www.claret.cat\/es\/wp-json\/wp\/v2\/types\/product"}],"wp:featuredmedia":[{"embeddable":true,"href":"https:\/\/www.claret.cat\/es\/wp-json\/wp\/v2\/media\/1098687"}],"wp:attachment":[{"href":"https:\/\/www.claret.cat\/es\/wp-json\/wp\/v2\/media?parent=1098686"}],"wp:term":[{"taxonomy":"product_brand","embeddable":true,"href":"https:\/\/www.claret.cat\/es\/wp-json\/wp\/v2\/product_brand?post=1098686"},{"taxonomy":"product_cat","embeddable":true,"href":"https:\/\/www.claret.cat\/es\/wp-json\/wp\/v2\/product_cat?post=1098686"},{"taxonomy":"product_tag","embeddable":true,"href":"https:\/\/www.claret.cat\/es\/wp-json\/wp\/v2\/product_tag?post=1098686"}],"curies":[{"name":"wp","href":"https:\/\/api.w.org\/{rel}","templated":true}]}}