{"id":1098965,"date":"2026-04-29T16:15:02","date_gmt":"2026-04-29T14:15:02","guid":{"rendered":"https:\/\/www.claret.cat\/llibre\/pack-fifa-world-cup-2026-ggss-album-4-sobres-8424248927523\/"},"modified":"2026-04-29T16:15:13","modified_gmt":"2026-04-29T14:15:13","slug":"pack-fifa-world-cup-2026-ggss-album-4-sobres-8424248927523","status":"publish","type":"product","link":"https:\/\/www.claret.cat\/es\/libro\/pack-fifa-world-cup-2026-ggss-album-4-sobres-8424248927523\/","title":{"rendered":"PACK FIFA WORLD CUP 2026 , GGSS ALBUM + 4 SOBRES"},"content":{"rendered":"<p>Descubre la Colecci\u00f3n Oficial de Cromos de la Copa Mundial de la FIFA 2026\u2122, el \u00e1lbum de cromos Panini dedicado a la Copa Mundial de la FIFA 2026\u2122: el primer torneo con 48 selecciones, celebrado en Norteam\u00e9rica. Un viaje a trav\u00e9s de las estrellas del f\u00fatbol y los talentos emergentes en una de las colecciones m\u00e1s completas jam\u00e1s creadas: un \u00e1lbum de 112 p\u00e1ginas con un total de 980 cromos, incluyendo 68 cromos especiales en material premium.<\/p>\n<p>Y para los m\u00e1s afortunados, comienza la b\u00fasqueda de los Panini Extra Stickers: \u00a120 cromos \u00fanicos, cada uno disponible en 4 colores diferentes para que abrir los sobres sea a\u00fan m\u00e1s emocionante!<\/p>\n<p>(Los cromos Panini Extra Stickers no est\u00e1n incluidos en el surtido b\u00e1sico de la colecci\u00f3n y se insertan aleatoriamente, de promedio, 1 cada 100 sobres).<\/p>\n<p>No la dejes escapar!<\/p>\n","protected":false},"excerpt":{"rendered":"<p>PANINI<\/p>\n","protected":false},"featured_media":1098966,"template":"","meta":{"_acf_changed":false,"om_disable_all_campaigns":false,"rs_blank_template":"","rs_page_bg_color":"","slide_template_v7":"","inline_featured_image":false,"_monsterinsights_skip_tracking":false,"_monsterinsights_sitenote_active":false,"_monsterinsights_sitenote_note":"","_monsterinsights_sitenote_category":0},"product_brand":[],"product_cat":[133,132,362,363],"product_tag":[],"class_list":{"0":"post-1098965","1":"product","2":"type-product","3":"status-publish","4":"has-post-thumbnail","6":"product_cat-lectures-per-adolescents-12-18-anys","7":"product_cat-lectures-per-preadolescents-6-12-anys","8":"product_cat-libros-preadolescentes-6-12-anos","9":"product_cat-lecturas-por-adolescentes-12-18-anos","11":"first","12":"instock","13":"taxable","14":"shipping-taxable","15":"purchasable","16":"product-type-simple"},"acf":{"autor":"PANINI","codart":"424892752","libros-coleccion":"","ediciones":"1","encuadernacion":"R\u00fastica","fecha_de_publicacion":"29\/04\/2026","novedad":"1","paginas":"1","subtitulo":"","orden":"0","portada":"0","idioma":"spa","booktrailer":"","resenas":"","editorial":[{"ID":148633,"post_author":"3","post_date":"2022-10-14 11:59:46","post_date_gmt":"2022-10-14 09:59:46","post_content":"","post_title":"PANINI","post_excerpt":"","post_status":"publish","comment_status":"closed","ping_status":"closed","post_password":"","post_name":"panini","to_ping":"","pinged":"","post_modified":"2022-10-14 11:59:46","post_modified_gmt":"2022-10-14 09:59:46","post_content_filtered":"","post_parent":0,"guid":"http:\/\/dev.claret.cat\/editorial\/panini\/","menu_order":0,"post_type":"editorial","post_mime_type":"","comment_count":"0","filter":"raw"}]},"aioseo_notices":[],"_links":{"self":[{"href":"https:\/\/www.claret.cat\/es\/wp-json\/wp\/v2\/product\/1098965","targetHints":{"allow":["GET"]}}],"collection":[{"href":"https:\/\/www.claret.cat\/es\/wp-json\/wp\/v2\/product"}],"about":[{"href":"https:\/\/www.claret.cat\/es\/wp-json\/wp\/v2\/types\/product"}],"wp:featuredmedia":[{"embeddable":true,"href":"https:\/\/www.claret.cat\/es\/wp-json\/wp\/v2\/media\/1098966"}],"wp:attachment":[{"href":"https:\/\/www.claret.cat\/es\/wp-json\/wp\/v2\/media?parent=1098965"}],"wp:term":[{"taxonomy":"product_brand","embeddable":true,"href":"https:\/\/www.claret.cat\/es\/wp-json\/wp\/v2\/product_brand?post=1098965"},{"taxonomy":"product_cat","embeddable":true,"href":"https:\/\/www.claret.cat\/es\/wp-json\/wp\/v2\/product_cat?post=1098965"},{"taxonomy":"product_tag","embeddable":true,"href":"https:\/\/www.claret.cat\/es\/wp-json\/wp\/v2\/product_tag?post=1098965"}],"curies":[{"name":"wp","href":"https:\/\/api.w.org\/{rel}","templated":true}]}}