{"id":1099562,"date":"2026-05-07T10:51:46","date_gmt":"2026-05-07T08:51:46","guid":{"rendered":"https:\/\/www.claret.cat\/llibre\/germana-mort-9788491366515\/"},"modified":"2026-05-12T17:40:57","modified_gmt":"2026-05-12T15:40:57","slug":"germana-mort-9788491366515","status":"publish","type":"product","link":"https:\/\/www.claret.cat\/es\/libro\/germana-mort-9788491366515\/","title":{"rendered":"GERMANA MORT"},"content":{"rendered":"<p><em>Germana Mort<\/em> \u00e9s una <strong>guia pastoral<\/strong> dedicada a l\u2019<strong>acompanyament de persones en la fase final de la vida<\/strong>, combinant <strong>orientaci\u00f3 pr\u00e0ctica<\/strong>, <strong>reflexi\u00f3 espiritual<\/strong> i <strong>acompanyament cristi\u00e0<\/strong> davant la mort.<\/p>\n<p> Inspirant-se en l\u2019exemple de Sant Francesc d\u2019Ass\u00eds i Sant Joan de la Creu, l\u2019obra proposa un <strong>itinerari espiritual<\/strong> que facilita la <strong>uni\u00f3 amb D\u00e9u<\/strong> i ajuda a afrontar la <strong>mort amb serenitat, esperan\u00e7a i fe<\/strong>. El llibre aprofundeix en el sentit cristi\u00e0 del <strong>final de la vida<\/strong>, oferint eines per viure aquest moment amb <strong>pau interior<\/strong> i <strong>acompanyament espiritual<\/strong>.<\/p>\n<p> Inclou <strong>catequesis estructurades<\/strong>, recursos de <strong>pastoral de la salut<\/strong> i adaptacions de la <strong>tradici\u00f3 cristiana<\/strong> juntament amb aportacions d\u2019<strong>autors contemporanis<\/strong> especialitzats en l\u2019<strong>acompanyament del malalt<\/strong> i les <strong>cures espirituals<\/strong>. Tot plegat est\u00e0 pensat per a una aplicaci\u00f3 directa en la <strong>pr\u00e0ctica pastoral<\/strong>, tant en parr\u00f2quies com en hospitals, resid\u00e8ncies i espais d\u2019acompanyament hum\u00e0 i religi\u00f3s.<\/p>\n<p> Una obra de refer\u00e8ncia per a <strong>agents de pastoral<\/strong>, <strong>capellans<\/strong>, <strong>familiars<\/strong>, <strong>voluntaris<\/strong> i totes les persones interessades en l\u2019<strong>acompanyament espiritual al final de la vida<\/strong> des d\u2019una mirada cristiana, humana i esperan\u00e7adora.<\/p>\n<p><\/p>\n","protected":false},"excerpt":{"rendered":"<p>FRA ENRIC CASANOVAS VILA, OFM CAP<\/p>\n","protected":false},"featured_media":1100222,"template":"","meta":{"_acf_changed":false,"om_disable_all_campaigns":false,"rs_blank_template":"","rs_page_bg_color":"","slide_template_v7":"","inline_featured_image":false,"_monsterinsights_skip_tracking":false,"_monsterinsights_sitenote_active":false,"_monsterinsights_sitenote_note":"","_monsterinsights_sitenote_category":0},"product_brand":[],"product_cat":[485,232,581,118,567],"product_tag":[],"class_list":{"0":"post-1099562","1":"product","2":"type-product","3":"status-publish","4":"has-post-thumbnail","6":"product_cat-autores-espiritualidad-1_espiritualidad","7":"product_cat-autors-espiritualitat","8":"product_cat-editorial-claret","9":"product_cat-mort-i-dol","10":"product_cat-muerte-y-duelo","12":"first","13":"instock","14":"taxable","15":"shipping-taxable","16":"purchasable","17":"product-type-simple"},"acf":{"autor":"FRA ENRIC CASANOVAS VILA, OFM CAP","codart":"849136651","libros-coleccion":"","ediciones":"1","encuadernacion":"R\u00fastica","fecha_de_publicacion":"19\/05\/2026","novedad":"0","paginas":"134","subtitulo":"UNIR-SE AMB D\u00c9U AL FINAL DE LA VIDA","orden":"0","portada":"1","idioma":"cat","booktrailer":"","resenas":"","editorial":[{"ID":6158,"post_author":"3","post_date":"2022-07-28 17:46:08","post_date_gmt":"2022-07-28 15:46:08","post_content":"","post_title":"CLARET","post_excerpt":"","post_status":"publish","comment_status":"closed","ping_status":"closed","post_password":"","post_name":"claret","to_ping":"","pinged":"","post_modified":"2022-07-28 17:46:08","post_modified_gmt":"2022-07-28 15:46:08","post_content_filtered":"","post_parent":0,"guid":"http:\/\/dev.claret.cat\/editorial\/claret\/","menu_order":0,"post_type":"editorial","post_mime_type":"","comment_count":"0","filter":"raw"}],"linkebook":"","ficha":"849136651_1778154346.pdf","muestra":"","precioebook":"0","presentacion":""},"aioseo_notices":[],"_links":{"self":[{"href":"https:\/\/www.claret.cat\/es\/wp-json\/wp\/v2\/product\/1099562","targetHints":{"allow":["GET"]}}],"collection":[{"href":"https:\/\/www.claret.cat\/es\/wp-json\/wp\/v2\/product"}],"about":[{"href":"https:\/\/www.claret.cat\/es\/wp-json\/wp\/v2\/types\/product"}],"wp:featuredmedia":[{"embeddable":true,"href":"https:\/\/www.claret.cat\/es\/wp-json\/wp\/v2\/media\/1100222"}],"wp:attachment":[{"href":"https:\/\/www.claret.cat\/es\/wp-json\/wp\/v2\/media?parent=1099562"}],"wp:term":[{"taxonomy":"product_brand","embeddable":true,"href":"https:\/\/www.claret.cat\/es\/wp-json\/wp\/v2\/product_brand?post=1099562"},{"taxonomy":"product_cat","embeddable":true,"href":"https:\/\/www.claret.cat\/es\/wp-json\/wp\/v2\/product_cat?post=1099562"},{"taxonomy":"product_tag","embeddable":true,"href":"https:\/\/www.claret.cat\/es\/wp-json\/wp\/v2\/product_tag?post=1099562"}],"curies":[{"name":"wp","href":"https:\/\/api.w.org\/{rel}","templated":true}]}}