{"id":1099834,"date":"2026-05-07T11:37:25","date_gmt":"2026-05-07T09:37:25","guid":{"rendered":"https:\/\/www.claret.cat\/llibre\/el-milagro-de-mindfulness-9788410427457\/"},"modified":"2026-05-07T11:37:36","modified_gmt":"2026-05-07T09:37:36","slug":"el-milagro-de-mindfulness-9788410427457","status":"publish","type":"product","link":"https:\/\/www.claret.cat\/es\/libro\/el-milagro-de-mindfulness-9788410427457\/","title":{"rendered":"EL MILAGRO DE MINDFULNESS"},"content":{"rendered":"<p>El libro m\u00e1s querido del maestro Thay, el gran cl\u00e1sico del mindfulness, ahora en una nueva edici\u00f3n de NEKO Books.Medio siglo despu\u00e9s de su primera publicaci\u00f3n, El milagro de mindfulness sigue siendo un cl\u00e1sico atemporal: una de las obras m\u00e1s queridas del maestro zen vietnamita Thich Nhat Hanh y un libro indispensable para aprender el arte de la atenci\u00f3n plena.<br \/> \u00abLa gente cree que caminar sobre el agua o sobre el aire es un milagro, pero para m\u00ed el verdadero milagro es caminar sobre la tierra\u00bb, nos recuerda el maestro.<br \/> A trav\u00e9s de ejercicios pr\u00e1cticos y relatos de la vida cotidiana, Thich Nhat Hanh nos muestra que siempre podemos elegir volver a lo esencial. Cada gesto, desde lavar los platos, responder al tel\u00e9fono o pelar una naranja, se convierte en una oportunidad para detenernos, respirar y conocernos con mayor profundidad.<\/p>\n","protected":false},"excerpt":{"rendered":"<p>THICH NHAT HANH<\/p>\n","protected":false},"featured_media":1099835,"template":"","meta":{"_acf_changed":false,"om_disable_all_campaigns":false,"rs_blank_template":"","rs_page_bg_color":"","slide_template_v7":"","inline_featured_image":false,"_monsterinsights_skip_tracking":false,"_monsterinsights_sitenote_active":false,"_monsterinsights_sitenote_note":"","_monsterinsights_sitenote_category":0},"product_brand":[],"product_cat":[485,232],"product_tag":[],"class_list":{"0":"post-1099834","1":"product","2":"type-product","3":"status-publish","4":"has-post-thumbnail","6":"product_cat-autores-espiritualidad-1_espiritualidad","7":"product_cat-autors-espiritualitat","9":"first","10":"instock","11":"taxable","12":"shipping-taxable","13":"purchasable","14":"product-type-simple"},"acf":{"autor":"THICH NHAT HANH","codart":"841042745","libros-coleccion":"","ediciones":"1","encuadernacion":"R\u00fastica","fecha_de_publicacion":"01\/05\/2026","novedad":"1","paginas":"184","subtitulo":"UNA INTRODUCCI\u00d3N A LA PR\u00c1CTICA DE LA MEDITACI\u00d3N","orden":"0","portada":"0","idioma":"spa","booktrailer":"","resenas":"","editorial":[{"ID":1004588,"post_author":"3","post_date":"2025-02-11 14:21:09","post_date_gmt":"2025-02-11 13:21:09","post_content":"","post_title":"NEKO Books","post_excerpt":"","post_status":"publish","comment_status":"closed","ping_status":"closed","post_password":"","post_name":"neko-books","to_ping":"","pinged":"","post_modified":"2025-02-11 14:21:09","post_modified_gmt":"2025-02-11 13:21:09","post_content_filtered":"","post_parent":0,"guid":"https:\/\/www.claret.cat\/editorial\/neko-books\/","menu_order":0,"post_type":"editorial","post_mime_type":"","comment_count":"0","filter":"raw"}]},"aioseo_notices":[],"_links":{"self":[{"href":"https:\/\/www.claret.cat\/es\/wp-json\/wp\/v2\/product\/1099834","targetHints":{"allow":["GET"]}}],"collection":[{"href":"https:\/\/www.claret.cat\/es\/wp-json\/wp\/v2\/product"}],"about":[{"href":"https:\/\/www.claret.cat\/es\/wp-json\/wp\/v2\/types\/product"}],"wp:featuredmedia":[{"embeddable":true,"href":"https:\/\/www.claret.cat\/es\/wp-json\/wp\/v2\/media\/1099835"}],"wp:attachment":[{"href":"https:\/\/www.claret.cat\/es\/wp-json\/wp\/v2\/media?parent=1099834"}],"wp:term":[{"taxonomy":"product_brand","embeddable":true,"href":"https:\/\/www.claret.cat\/es\/wp-json\/wp\/v2\/product_brand?post=1099834"},{"taxonomy":"product_cat","embeddable":true,"href":"https:\/\/www.claret.cat\/es\/wp-json\/wp\/v2\/product_cat?post=1099834"},{"taxonomy":"product_tag","embeddable":true,"href":"https:\/\/www.claret.cat\/es\/wp-json\/wp\/v2\/product_tag?post=1099834"}],"curies":[{"name":"wp","href":"https:\/\/api.w.org\/{rel}","templated":true}]}}