{"id":109997,"date":"2022-10-12T13:40:31","date_gmt":"2022-10-12T11:40:31","guid":{"rendered":"http:\/\/dev.claret.cat\/producte\/el-secreto-del-hijo\/"},"modified":"2023-01-28T09:02:18","modified_gmt":"2023-01-28T08:02:18","slug":"el-secreto-del-hijo-9788433964526","status":"publish","type":"product","link":"https:\/\/www.claret.cat\/es\/libro\/el-secreto-del-hijo-9788433964526\/","title":{"rendered":"EL SECRETO DEL HIJO"},"content":{"rendered":"<p>\u00bfQu\u00e9 significa ser hijo? \u00bfCu\u00e1l es el papel de los padres hoy? \u00bfQu\u00e9 consecuencias ha tenido el cuestionamiento de su autoridad? \u00bfCu\u00e1l es el secreto del hijo y por qu\u00e9 debe preservarse? \u00bfQu\u00e9 significa ser hijo? \u00bfCu\u00e1l es el papel de los padres hoy? \u00bfQu\u00e9 consecuencias ha tenido el cuestionamiento de su autoridad? \u00bfCu\u00e1l es el secreto del hijo y por qu\u00e9 debe preservarse?El psicoanalista Massimo Recalcati aborda el cambio que se ha producido en nuestra sociedad cuando la verticalidad que reg\u00eda las relaciones paternofiliales se ha puesto en cuesti\u00f3n y ha sido sustituida por la horizontalidad de los padres emp\u00e1ticos, amigos y confidentes. El autor no propone, obviamente, un regreso al autoritarismo y al modelo tir\u00e1nico del padre padrone, pero s\u00ed cuestiona los resultados del debilitamiento de la autoridad moral paterna auspiciada por el modelo educativo pretendidamente progresista, que convierte al hijo en un pr\u00edncipe al que todo se le concede y consiente.Para abordar este tema, acude a dos mitos contrapuestos: el del Edipo de S\u00f3focles y el de la par\u00e1bola b\u00edblica del hijo pr\u00f3digo de Lucas. Y, junto con ellos, el de Abraham y el sacrificio de Isaac y el del Hamlet shakespeariano, as\u00ed como las reflexiones de fil\u00f3sofos como Kierkegaard y psicoanalistas como Freud y Lacan.Recalcati, que ya ha dedicado sendos libros imprescindibles a las figuras paterna (El complejo de Tel\u00e9maco) y materna (Las manos de la madre), completa ahora una suerte de trilog\u00eda. El resultado es un ensayo de vasta ambici\u00f3n intelectual que propone un nuevo modelo de relaciones paternofiliales.<\/p>\n","protected":false},"excerpt":{"rendered":"<p>RECALCATI, MASSIMO<\/p>\n","protected":false},"featured_media":109998,"template":"","meta":{"_acf_changed":false,"om_disable_all_campaigns":false,"rs_blank_template":"","rs_page_bg_color":"","slide_template_v7":"","inline_featured_image":false,"_monsterinsights_skip_tracking":false,"_monsterinsights_sitenote_active":false,"_monsterinsights_sitenote_note":"","_monsterinsights_sitenote_category":0},"product_brand":[],"product_cat":[178],"product_tag":[],"class_list":{"0":"post-109997","1":"product","2":"type-product","3":"status-publish","4":"has-post-thumbnail","6":"product_cat-autors-psicologia","8":"first","9":"instock","10":"taxable","11":"shipping-taxable","12":"purchasable","13":"product-type-simple"},"acf":{"editorial":[{"ID":6219,"post_author":"3","post_date":"2022-07-28 17:47:26","post_date_gmt":"2022-07-28 15:47:26","post_content":"","post_title":"Editorial Anagrama S.A.","post_excerpt":"","post_status":"publish","comment_status":"closed","ping_status":"closed","post_password":"","post_name":"editorial-anagrama-s-a","to_ping":"","pinged":"","post_modified":"2022-07-28 17:47:26","post_modified_gmt":"2022-07-28 15:47:26","post_content_filtered":"","post_parent":0,"guid":"http:\/\/dev.claret.cat\/editorial\/editorial-anagrama-s-a\/","menu_order":0,"post_type":"editorial","post_mime_type":"","comment_count":"0","filter":"raw"}],"autor":"RECALCATI, MASSIMO","codart":"843396452","libros-coleccion":"Argumentos","ediciones":"1","encuadernacion":"R\u00fastica","fecha_de_publicacion":"01\/07\/2020","novedad":"1","paginas":"142","subtitulo":"","orden":"0","portada":"0","idioma":"spa","autores-libros":[{"ID":164414,"post_author":"3","post_date":"2022-10-14 17:46:52","post_date_gmt":"2022-10-14 15:46:52","post_content":"","post_title":"MASSIMO RECALCATI","post_excerpt":"","post_status":"publish","comment_status":"closed","ping_status":"closed","post_password":"","post_name":"massimo-recalcati","to_ping":"","pinged":"","post_modified":"2022-10-14 17:46:52","post_modified_gmt":"2022-10-14 15:46:52","post_content_filtered":"","post_parent":0,"guid":"http:\/\/dev.claret.cat\/autor\/massimo-recalcati\/","menu_order":0,"post_type":"autor","post_mime_type":"","comment_count":"0","filter":"raw"}]},"aioseo_notices":[],"_links":{"self":[{"href":"https:\/\/www.claret.cat\/es\/wp-json\/wp\/v2\/product\/109997","targetHints":{"allow":["GET"]}}],"collection":[{"href":"https:\/\/www.claret.cat\/es\/wp-json\/wp\/v2\/product"}],"about":[{"href":"https:\/\/www.claret.cat\/es\/wp-json\/wp\/v2\/types\/product"}],"wp:featuredmedia":[{"embeddable":true,"href":"https:\/\/www.claret.cat\/es\/wp-json\/wp\/v2\/media\/109998"}],"wp:attachment":[{"href":"https:\/\/www.claret.cat\/es\/wp-json\/wp\/v2\/media?parent=109997"}],"wp:term":[{"taxonomy":"product_brand","embeddable":true,"href":"https:\/\/www.claret.cat\/es\/wp-json\/wp\/v2\/product_brand?post=109997"},{"taxonomy":"product_cat","embeddable":true,"href":"https:\/\/www.claret.cat\/es\/wp-json\/wp\/v2\/product_cat?post=109997"},{"taxonomy":"product_tag","embeddable":true,"href":"https:\/\/www.claret.cat\/es\/wp-json\/wp\/v2\/product_tag?post=109997"}],"curies":[{"name":"wp","href":"https:\/\/api.w.org\/{rel}","templated":true}]}}