{"id":1100005,"date":"2026-05-07T15:25:36","date_gmt":"2026-05-07T13:25:36","guid":{"rendered":"https:\/\/www.claret.cat\/llibre\/condenado-a-desaparecer-9791388067358\/"},"modified":"2026-05-07T15:33:21","modified_gmt":"2026-05-07T13:33:21","slug":"condenado-a-desaparecer-9791388067358","status":"publish","type":"product","link":"https:\/\/www.claret.cat\/es\/libro\/condenado-a-desaparecer-9791388067358\/","title":{"rendered":"CONDENADO A DESAPARECER"},"content":{"rendered":"<p><span>Sacerdote de dilatada trayectoria, Vicente Altaba (Mosqueruela,Teruel,1944) dedic\u00f3 un decenio de sus primeros a\u00f1os \u00abde Cruz y de Esperanza\u00bb a tareas pastorales y docentes<\/span><\/p>\n<p><span>en Miramar, di\u00f3cesis de Mar del Plata, Argentina, durante la cruenta dictadura del pa\u00eds austral. Contrasta la fruct\u00edfera relaci\u00f3n con sus feligreses \u2013en particular los j\u00f3venes y los m\u00e1s pobres\u2013 con numerosos episodios de tensi\u00f3n y de riesgo en el trato con las autoridades. Medio siglo despu\u00e9s, aunando memoria, reflexi\u00f3n y reconocimiento, el libro da cuenta, a veces con detalles muy precisos, de una etapa desgarradora, pero tambi\u00e9n de gozoso servicio. Apreciar\u00e1 el lector la amena reconstrucci\u00f3n de ese periodo en un relato que combina obst\u00e1culos, intrigas y presiones con las referencias doctrinales y el agradecimiento a quienes le apoyaron, tanto desde la jerarqu\u00eda eclesi\u00e1stica (merece cap\u00edtulo propio el cardenal Pironio) como desde la comunidad de fieles, a los que Vicente ha seguido vinculado. He aqu\u00ed, en suma, un testimonio de luz sobre una \u00e9poca tenebrosa.<\/span><\/p>\n","protected":false},"excerpt":{"rendered":"<p>ALTABA GARGALLO, VICENTE<\/p>\n","protected":false},"featured_media":1100006,"template":"","meta":{"_acf_changed":false,"om_disable_all_campaigns":false,"rs_blank_template":"","rs_page_bg_color":"","slide_template_v7":"","inline_featured_image":false,"_monsterinsights_skip_tracking":false,"_monsterinsights_sitenote_active":false,"_monsterinsights_sitenote_note":"","_monsterinsights_sitenote_category":0},"product_brand":[],"product_cat":[491,241],"product_tag":[],"class_list":{"0":"post-1100005","1":"product","2":"type-product","3":"status-publish","4":"has-post-thumbnail","6":"product_cat-testimonios","7":"product_cat-testimonis","9":"first","10":"instock","11":"taxable","12":"shipping-taxable","13":"purchasable","14":"product-type-simple"},"acf":{"autor":"ALTABA GARGALLO, VICENTE","codart":"138806735","libros-coleccion":"La otra mirada","ediciones":"1","encuadernacion":"R\u00fastica","fecha_de_publicacion":"07\/05\/2026","novedad":"1","paginas":"188","subtitulo":"TESTIMONIO DE UN MISIONERO ESPA\u00d1OL EN LA DICTADURA ARGENTINA","orden":"0","portada":"0","idioma":"spa","booktrailer":"","resenas":"","editorial":[{"ID":6309,"post_author":"3","post_date":"2022-07-28 17:49:25","post_date_gmt":"2022-07-28 15:49:25","post_content":"","post_title":"Monte Carmelo","post_excerpt":"","post_status":"publish","comment_status":"closed","ping_status":"closed","post_password":"","post_name":"monte-carmelo","to_ping":"","pinged":"","post_modified":"2022-07-28 17:49:25","post_modified_gmt":"2022-07-28 15:49:25","post_content_filtered":"","post_parent":0,"guid":"http:\/\/dev.claret.cat\/editorial\/monte-carmelo\/","menu_order":0,"post_type":"editorial","post_mime_type":"","comment_count":"0","filter":"raw"}]},"aioseo_notices":[],"_links":{"self":[{"href":"https:\/\/www.claret.cat\/es\/wp-json\/wp\/v2\/product\/1100005","targetHints":{"allow":["GET"]}}],"collection":[{"href":"https:\/\/www.claret.cat\/es\/wp-json\/wp\/v2\/product"}],"about":[{"href":"https:\/\/www.claret.cat\/es\/wp-json\/wp\/v2\/types\/product"}],"wp:featuredmedia":[{"embeddable":true,"href":"https:\/\/www.claret.cat\/es\/wp-json\/wp\/v2\/media\/1100006"}],"wp:attachment":[{"href":"https:\/\/www.claret.cat\/es\/wp-json\/wp\/v2\/media?parent=1100005"}],"wp:term":[{"taxonomy":"product_brand","embeddable":true,"href":"https:\/\/www.claret.cat\/es\/wp-json\/wp\/v2\/product_brand?post=1100005"},{"taxonomy":"product_cat","embeddable":true,"href":"https:\/\/www.claret.cat\/es\/wp-json\/wp\/v2\/product_cat?post=1100005"},{"taxonomy":"product_tag","embeddable":true,"href":"https:\/\/www.claret.cat\/es\/wp-json\/wp\/v2\/product_tag?post=1100005"}],"curies":[{"name":"wp","href":"https:\/\/api.w.org\/{rel}","templated":true}]}}