{"id":1100011,"date":"2026-05-07T15:26:03","date_gmt":"2026-05-07T13:26:03","guid":{"rendered":"https:\/\/www.claret.cat\/llibre\/fragmentos-de-oracion-vol-2-9791388067341\/"},"modified":"2026-05-07T15:29:56","modified_gmt":"2026-05-07T13:29:56","slug":"fragmentos-de-oracion-vol-2-9791388067341","status":"publish","type":"product","link":"https:\/\/www.claret.cat\/es\/libro\/fragmentos-de-oracion-vol-2-9791388067341\/","title":{"rendered":"FRAGMENTOS DE ORACI\u00d3N. VOL. 2"},"content":{"rendered":"<p>Nunca estamos a las afueras de Dios. Dios siempre es presencia originante, envolvente, gu\u00eda, pero lo es en su propia forma: entregado e indisponible, fiel y discreto, de forma que solo la atenci\u00f3n permite reconocer, de cuando en cuando, su mirada personal sobre nosotros. Pero, incluso en estos casos, vamos siempre a tientas y nuestra atenci\u00f3n, nuestra oraci\u00f3n, nunca puede reducirlo<\/p>\n<p>a palabras, a ideas, a sentimientos, aunque sin ellos, \u00bfc\u00f3mo nos dejar\u00edamos abrazar por \u00e9l? Estas oraciones son indicios de estos fugaces encuentros entre su presencia y mi atenci\u00f3n que, ahora impresas, valen en la medida que a alguno le aviven la suya.<\/p>\n","protected":false},"excerpt":{"rendered":"<p>GARC\u00cdA MART\u00cdNEZ, FRANCISCO<\/p>\n","protected":false},"featured_media":1100012,"template":"","meta":{"_acf_changed":false,"om_disable_all_campaigns":false,"rs_blank_template":"","rs_page_bg_color":"","slide_template_v7":"","inline_featured_image":false,"_monsterinsights_skip_tracking":false,"_monsterinsights_sitenote_active":false,"_monsterinsights_sitenote_note":"","_monsterinsights_sitenote_category":0},"product_brand":[],"product_cat":[396,247],"product_tag":[],"class_list":{"0":"post-1100011","1":"product","2":"type-product","3":"status-publish","4":"has-post-thumbnail","6":"product_cat-oracion","7":"product_cat-pregaria","9":"first","10":"instock","11":"taxable","12":"shipping-taxable","13":"purchasable","14":"product-type-simple"},"acf":{"autor":"GARC\u00cdA MART\u00cdNEZ, FRANCISCO","codart":"138806734","libros-coleccion":"Amigos de orar - La otra mirada","ediciones":"1","encuadernacion":"R\u00fastica","fecha_de_publicacion":"07\/05\/2026","novedad":"1","paginas":"170","subtitulo":"","orden":"0","portada":"0","idioma":"spa","booktrailer":"","resenas":"","editorial":[{"ID":6309,"post_author":"3","post_date":"2022-07-28 17:49:25","post_date_gmt":"2022-07-28 15:49:25","post_content":"","post_title":"Monte Carmelo","post_excerpt":"","post_status":"publish","comment_status":"closed","ping_status":"closed","post_password":"","post_name":"monte-carmelo","to_ping":"","pinged":"","post_modified":"2022-07-28 17:49:25","post_modified_gmt":"2022-07-28 15:49:25","post_content_filtered":"","post_parent":0,"guid":"http:\/\/dev.claret.cat\/editorial\/monte-carmelo\/","menu_order":0,"post_type":"editorial","post_mime_type":"","comment_count":"0","filter":"raw"}]},"aioseo_notices":[],"_links":{"self":[{"href":"https:\/\/www.claret.cat\/es\/wp-json\/wp\/v2\/product\/1100011","targetHints":{"allow":["GET"]}}],"collection":[{"href":"https:\/\/www.claret.cat\/es\/wp-json\/wp\/v2\/product"}],"about":[{"href":"https:\/\/www.claret.cat\/es\/wp-json\/wp\/v2\/types\/product"}],"wp:featuredmedia":[{"embeddable":true,"href":"https:\/\/www.claret.cat\/es\/wp-json\/wp\/v2\/media\/1100012"}],"wp:attachment":[{"href":"https:\/\/www.claret.cat\/es\/wp-json\/wp\/v2\/media?parent=1100011"}],"wp:term":[{"taxonomy":"product_brand","embeddable":true,"href":"https:\/\/www.claret.cat\/es\/wp-json\/wp\/v2\/product_brand?post=1100011"},{"taxonomy":"product_cat","embeddable":true,"href":"https:\/\/www.claret.cat\/es\/wp-json\/wp\/v2\/product_cat?post=1100011"},{"taxonomy":"product_tag","embeddable":true,"href":"https:\/\/www.claret.cat\/es\/wp-json\/wp\/v2\/product_tag?post=1100011"}],"curies":[{"name":"wp","href":"https:\/\/api.w.org\/{rel}","templated":true}]}}