{"id":1100014,"date":"2026-05-07T15:26:16","date_gmt":"2026-05-07T13:26:16","guid":{"rendered":"https:\/\/www.claret.cat\/llibre\/contemplar-al-senor-9791388067334\/"},"modified":"2026-05-07T15:28:09","modified_gmt":"2026-05-07T13:28:09","slug":"contemplar-al-senor-9791388067334","status":"publish","type":"product","link":"https:\/\/www.claret.cat\/es\/libro\/contemplar-al-senor-9791388067334\/","title":{"rendered":"CONTEMPLAR AL SE\u00d1OR"},"content":{"rendered":"<p><span>La finalidad de estas p\u00e1ginas es ayudar a contemplar al Se\u00f1or, desde que nace hasta su vida p\u00fablica. Se\u00f1or, quiero mirarte, contemplarte como te mirar\u00eda tu Madre, Santa Mar\u00eda, y San Jos\u00e9, en los largos a\u00f1os junto a Ti, pendientes de tus palabras, de tus gestos, en los que ver\u00edan el querer de Dios y procurar\u00edan identificarse en todo con tu voluntad.<\/span><\/p>\n","protected":false},"excerpt":{"rendered":"<p>MOYA CORREDOR, JUAN<\/p>\n","protected":false},"featured_media":1100015,"template":"","meta":{"_acf_changed":false,"om_disable_all_campaigns":false,"rs_blank_template":"","rs_page_bg_color":"","slide_template_v7":"","inline_featured_image":false,"_monsterinsights_skip_tracking":false,"_monsterinsights_sitenote_active":false,"_monsterinsights_sitenote_note":"","_monsterinsights_sitenote_category":0},"product_brand":[],"product_cat":[234,487],"product_tag":[],"class_list":{"0":"post-1100014","1":"product","2":"type-product","3":"status-publish","4":"has-post-thumbnail","6":"product_cat-cristocentrica","7":"product_cat-cristocentrica-espiritualidad-1_espiritualidad","9":"first","10":"instock","11":"taxable","12":"shipping-taxable","13":"purchasable","14":"product-type-simple"},"acf":{"autor":"MOYA CORREDOR, JUAN","codart":"138806733","libros-coleccion":"La otra mirada","ediciones":"1","encuadernacion":"R\u00fastica","fecha_de_publicacion":"06\/05\/2026","novedad":"1","paginas":"150","subtitulo":"","orden":"0","portada":"0","idioma":"spa","booktrailer":"","resenas":"","editorial":[{"ID":6309,"post_author":"3","post_date":"2022-07-28 17:49:25","post_date_gmt":"2022-07-28 15:49:25","post_content":"","post_title":"Monte Carmelo","post_excerpt":"","post_status":"publish","comment_status":"closed","ping_status":"closed","post_password":"","post_name":"monte-carmelo","to_ping":"","pinged":"","post_modified":"2022-07-28 17:49:25","post_modified_gmt":"2022-07-28 15:49:25","post_content_filtered":"","post_parent":0,"guid":"http:\/\/dev.claret.cat\/editorial\/monte-carmelo\/","menu_order":0,"post_type":"editorial","post_mime_type":"","comment_count":"0","filter":"raw"}]},"aioseo_notices":[],"_links":{"self":[{"href":"https:\/\/www.claret.cat\/es\/wp-json\/wp\/v2\/product\/1100014","targetHints":{"allow":["GET"]}}],"collection":[{"href":"https:\/\/www.claret.cat\/es\/wp-json\/wp\/v2\/product"}],"about":[{"href":"https:\/\/www.claret.cat\/es\/wp-json\/wp\/v2\/types\/product"}],"wp:featuredmedia":[{"embeddable":true,"href":"https:\/\/www.claret.cat\/es\/wp-json\/wp\/v2\/media\/1100015"}],"wp:attachment":[{"href":"https:\/\/www.claret.cat\/es\/wp-json\/wp\/v2\/media?parent=1100014"}],"wp:term":[{"taxonomy":"product_brand","embeddable":true,"href":"https:\/\/www.claret.cat\/es\/wp-json\/wp\/v2\/product_brand?post=1100014"},{"taxonomy":"product_cat","embeddable":true,"href":"https:\/\/www.claret.cat\/es\/wp-json\/wp\/v2\/product_cat?post=1100014"},{"taxonomy":"product_tag","embeddable":true,"href":"https:\/\/www.claret.cat\/es\/wp-json\/wp\/v2\/product_tag?post=1100014"}],"curies":[{"name":"wp","href":"https:\/\/api.w.org\/{rel}","templated":true}]}}