{"id":1100017,"date":"2026-05-07T15:26:35","date_gmt":"2026-05-07T13:26:35","guid":{"rendered":"https:\/\/www.claret.cat\/llibre\/transmitir-la-fe-sin-miedo-en-la-familia-9791388067303\/"},"modified":"2026-05-07T15:27:19","modified_gmt":"2026-05-07T13:27:19","slug":"transmitir-la-fe-sin-miedo-en-la-familia-9791388067303","status":"publish","type":"product","link":"https:\/\/www.claret.cat\/es\/libro\/transmitir-la-fe-sin-miedo-en-la-familia-9791388067303\/","title":{"rendered":"TRANSMITIR LA FE SIN MIEDO EN LA FAMILIA"},"content":{"rendered":"<p>Textos escogidos de Benedicto XVI para hoy<\/p>\n<p>&nbsp;<\/p>\n<p>El potencial evangelizador de la Iglesia no podr\u00e1 sostenerse si en su interior est\u00e1n fallando los mecanismos para transmitir la fe. Esta situaci\u00f3n de crisis y de ruptura en la transmisi\u00f3n de la fe preocupa a todos los estamentos de la Iglesia en el momento actual: sacerdotes, educadores y a muchos padres cristianos. Tambi\u00e9n a los te\u00f3logos, obispos y a los papas, como podemos ver en este estudio sobre el pensamiento de Benedicto XVI, que fue, al mismo tiempo, papa y te\u00f3logo.&nbsp;<\/p>\n<p>\u2013?Mons. Enrique Benavent Vidal, Arzobispo de Valencia?\u2013<\/p>\n<p>Estas p\u00e1ginas nacen con el sencillo prop\u00f3sito de acompa\u00f1ar a los padres en la hermosa y decisiva misi\u00f3n de transmitir la fe a sus hijos. Lo hacen no desde el pesimismo, sino desde una esperanza serena y activa, enraizada en Cristo, el Se\u00f1or que no defrauda, y en su amor, m\u00e1s fuerte que cualquier obst\u00e1culo.<\/p>\n<p>Como nos recuerda san Pablo: \u00abla esperanza no defrauda, porque el amor de Dios ha sido derramado en nuestros corazones por el Esp\u00edritu Santo que se nos ha dado\u00bb (Rm 5,5).<\/p>\n<p>Con el coraz\u00f3n lleno de esperanza, te invito a recorrer estas p\u00e1ginas, a escuchar con apertura, a dejar que sus palabras te interpelen y a redescubrir juntos la belleza de creer y de transmitir la fe, de la mano de Benedicto XVI.<\/p>\n<p>&nbsp;<\/p>\n","protected":false},"excerpt":{"rendered":"<p>MONTANER ISNARDO, JOS\u00c9 MANUEL <\/p>\n","protected":false},"featured_media":1100018,"template":"","meta":{"_acf_changed":false,"om_disable_all_campaigns":false,"rs_blank_template":"","rs_page_bg_color":"","slide_template_v7":"","inline_featured_image":false,"_monsterinsights_skip_tracking":false,"_monsterinsights_sitenote_active":false,"_monsterinsights_sitenote_note":"","_monsterinsights_sitenote_category":0},"product_brand":[],"product_cat":[275,413],"product_tag":[],"class_list":{"0":"post-1100017","1":"product","2":"type-product","3":"status-publish","4":"has-post-thumbnail","6":"product_cat-fonamental","7":"product_cat-fundamental","9":"first","10":"instock","11":"taxable","12":"shipping-taxable","13":"purchasable","14":"product-type-simple"},"acf":{"autor":"MONTANER ISNARDO, JOS\u00c9 MANUEL ","codart":"138806730","libros-coleccion":"","ediciones":"1","encuadernacion":"R\u00fastica","fecha_de_publicacion":"06\/05\/2026","novedad":"1","paginas":"152","subtitulo":"TEXTOS ESCOGIDOS DE BENEDICTO XVI PARA HOY ","orden":"0","portada":"1","idioma":"spa","booktrailer":"","resenas":"","editorial":[{"ID":6309,"post_author":"3","post_date":"2022-07-28 17:49:25","post_date_gmt":"2022-07-28 15:49:25","post_content":"","post_title":"Monte Carmelo","post_excerpt":"","post_status":"publish","comment_status":"closed","ping_status":"closed","post_password":"","post_name":"monte-carmelo","to_ping":"","pinged":"","post_modified":"2022-07-28 17:49:25","post_modified_gmt":"2022-07-28 15:49:25","post_content_filtered":"","post_parent":0,"guid":"http:\/\/dev.claret.cat\/editorial\/monte-carmelo\/","menu_order":0,"post_type":"editorial","post_mime_type":"","comment_count":"0","filter":"raw"}]},"aioseo_notices":[],"_links":{"self":[{"href":"https:\/\/www.claret.cat\/es\/wp-json\/wp\/v2\/product\/1100017","targetHints":{"allow":["GET"]}}],"collection":[{"href":"https:\/\/www.claret.cat\/es\/wp-json\/wp\/v2\/product"}],"about":[{"href":"https:\/\/www.claret.cat\/es\/wp-json\/wp\/v2\/types\/product"}],"wp:featuredmedia":[{"embeddable":true,"href":"https:\/\/www.claret.cat\/es\/wp-json\/wp\/v2\/media\/1100018"}],"wp:attachment":[{"href":"https:\/\/www.claret.cat\/es\/wp-json\/wp\/v2\/media?parent=1100017"}],"wp:term":[{"taxonomy":"product_brand","embeddable":true,"href":"https:\/\/www.claret.cat\/es\/wp-json\/wp\/v2\/product_brand?post=1100017"},{"taxonomy":"product_cat","embeddable":true,"href":"https:\/\/www.claret.cat\/es\/wp-json\/wp\/v2\/product_cat?post=1100017"},{"taxonomy":"product_tag","embeddable":true,"href":"https:\/\/www.claret.cat\/es\/wp-json\/wp\/v2\/product_tag?post=1100017"}],"curies":[{"name":"wp","href":"https:\/\/api.w.org\/{rel}","templated":true}]}}