{"id":1100404,"date":"2026-05-11T13:15:47","date_gmt":"2026-05-11T11:15:47","guid":{"rendered":"https:\/\/www.claret.cat\/llibre\/arbol-9788426431820\/"},"modified":"2026-05-15T19:00:56","modified_gmt":"2026-05-15T17:00:56","slug":"arbol-9788426431820","status":"publish","type":"product","link":"https:\/\/www.claret.cat\/es\/libro\/arbol-9788426431820\/","title":{"rendered":"\u00c1RBOL"},"content":{"rendered":"<p>El desconocido cl\u00e1sico japon\u00e9s que despert\u00f3 la curiosidad del mundo tras Perfect Days, de Wim Wenders: una meditaci\u00f3n y una vida en torno al \u00e1rbol como espejo de lo que amamos. \u00abAya Koda naci\u00f3 hace m\u00e1s de un siglo, pero su prosa sigue siendo asombrosamente fresca\u00bb.<br \/>Hiromi Kawakami Cerezos, glicinas, cipreses hinoki, pinos de Ezo, cedros sugi de mas de siete mil a\u00f1os&#8230; Los \u00e1rboles de Jap\u00f3n son emblemas de belleza que nunca dejan de cautivarnos. Desde ni\u00f1a, el padre de Aya Koda les regalaba \u00e1rboles a ella y a sus hermanos, y les ense\u00f1\u00f3 a plantarlos, a estar atentos a las plagas, a distinguir las variedades a partir de cada hoja y a dar las gracias con reverencias al jardinero. Ah\u00ed naci\u00f3 una relaci\u00f3n de amor que cultiv\u00f3 a lo largo de su vida y que la llev\u00f3 a ser consciente de su imprescindible valor y de la obligaci\u00f3n que tenemos de cuidarlos. <br \/>Durante sus viajes por Jap\u00f3n para contemplar lo singular e imperecedero que se esconde en cada \u00e1rbol, Aya Koda tambi\u00e9n asisti\u00f3 a desprendimientos de tierra, al trabajo de los taladores o se adentr\u00f3 en bosques cubiertos de ceniza. El fruto de sus viajes es esta hermosa colecci\u00f3n de ensayos que iluminan el paisaje, la historia y la cultura japoneses, y nos hablan de la belleza, la p\u00e9rdida, la fugacidad y los ciclos de la vida. Un cl\u00e1sico moderno que ha traspasado generaciones para recordarnos que los \u00e1rboles son un espejo en el que reconocemos qui\u00e9nes somos y qu\u00e9 legado queremos dejar en el mundo.La cr\u00edtica ha dicho: \u00abFascinante en su calma curiosa, gozosa por su ritmo lento y pl\u00e1cido, leer a Aya Koda es como perderse en una floresta desconocida: all\u00ed nos acoge el abrazo del silencio, el murmullo de las bestias, la vida vibrante, vigorosa y discreta de todos los \u00e1rboles. El tiempo de los bosques es distinto al del reloj biol\u00f3gico, pero la vida de los \u00e1rboles es como la nuestra. Es hora de dejarlo todo y entregarnos a su escucha\u00bb.<br \/>Juan Evaristo Valls Boix\u00abAya Koda observa con asombro reverencial los \u00e1rboles y su contemplaci\u00f3n nos proporciona alimento espiritual y medicina para el alma. Quien se interne en este hermoso bosque de palabras llenar\u00e1 sus pulmones con el ox\u00edgeno de la m\u00e1s pura literatura que exhalan sus hojas\u00bb.<br \/>Santiago Beruete\u00abUna mirada que no se limita a observar: encuentra en los \u00e1rboles la profundidad de la vida y la muerte\u00bb.<br \/>Mayumi Mori, All Reviews \u00abUn libro extraordinario que se adelant\u00f3 a su tiempo y que hoy ha pasado a ser atemporal\u00bb.<br \/>Tristan Gooley<\/p>\n","protected":false},"excerpt":{"rendered":"<p>KODA AYA<\/p>\n","protected":false},"featured_media":1101705,"template":"","meta":{"_acf_changed":false,"om_disable_all_campaigns":false,"rs_blank_template":"","rs_page_bg_color":"","slide_template_v7":"","inline_featured_image":false,"_monsterinsights_skip_tracking":false,"_monsterinsights_sitenote_active":false,"_monsterinsights_sitenote_note":"","_monsterinsights_sitenote_category":0},"product_brand":[],"product_cat":[127,357],"product_tag":[],"class_list":{"0":"post-1100404","1":"product","2":"type-product","3":"status-publish","4":"has-post-thumbnail","6":"product_cat-novella-contemporania","7":"product_cat-novela-contemporanea","9":"first","10":"instock","11":"taxable","12":"shipping-taxable","13":"purchasable","14":"product-type-simple"},"acf":{"autor":"KODA AYA","codart":"842643182","libros-coleccion":"","ediciones":"1","encuadernacion":"R\u00fastica","fecha_de_publicacion":"01\/05\/2026","novedad":"1","paginas":"170","subtitulo":"","orden":"0","portada":"1","idioma":"spa","booktrailer":"","resenas":"","editorial":[{"ID":6296,"post_author":"3","post_date":"2022-07-28 17:49:09","post_date_gmt":"2022-07-28 15:49:09","post_content":"","post_title":"LUMEN","post_excerpt":"","post_status":"publish","comment_status":"closed","ping_status":"closed","post_password":"","post_name":"lumen","to_ping":"","pinged":"","post_modified":"2022-07-28 17:49:09","post_modified_gmt":"2022-07-28 15:49:09","post_content_filtered":"","post_parent":0,"guid":"http:\/\/dev.claret.cat\/editorial\/lumen\/","menu_order":0,"post_type":"editorial","post_mime_type":"","comment_count":"0","filter":"raw"}]},"aioseo_notices":[],"_links":{"self":[{"href":"https:\/\/www.claret.cat\/es\/wp-json\/wp\/v2\/product\/1100404","targetHints":{"allow":["GET"]}}],"collection":[{"href":"https:\/\/www.claret.cat\/es\/wp-json\/wp\/v2\/product"}],"about":[{"href":"https:\/\/www.claret.cat\/es\/wp-json\/wp\/v2\/types\/product"}],"wp:featuredmedia":[{"embeddable":true,"href":"https:\/\/www.claret.cat\/es\/wp-json\/wp\/v2\/media\/1101705"}],"wp:attachment":[{"href":"https:\/\/www.claret.cat\/es\/wp-json\/wp\/v2\/media?parent=1100404"}],"wp:term":[{"taxonomy":"product_brand","embeddable":true,"href":"https:\/\/www.claret.cat\/es\/wp-json\/wp\/v2\/product_brand?post=1100404"},{"taxonomy":"product_cat","embeddable":true,"href":"https:\/\/www.claret.cat\/es\/wp-json\/wp\/v2\/product_cat?post=1100404"},{"taxonomy":"product_tag","embeddable":true,"href":"https:\/\/www.claret.cat\/es\/wp-json\/wp\/v2\/product_tag?post=1100404"}],"curies":[{"name":"wp","href":"https:\/\/api.w.org\/{rel}","templated":true}]}}