{"id":1100596,"date":"2026-05-12T12:21:18","date_gmt":"2026-05-12T10:21:18","guid":{"rendered":"https:\/\/www.claret.cat\/llibre\/clara-de-asis-9791387938277\/"},"modified":"2026-05-12T12:31:21","modified_gmt":"2026-05-12T10:31:21","slug":"clara-de-asis-9791387938277","status":"publish","type":"product","link":"https:\/\/www.claret.cat\/es\/libro\/clara-de-asis-9791387938277\/","title":{"rendered":"CLARA DE AS\u00cdS"},"content":{"rendered":"<p>Este libro \u00edntimo y provocador es la historia del encuentro entre una escritora que ha consagrado su vida a la palabra y una mujer a la que la palabra le fue negada. A Dacia Maraini y a Clara de As\u00eds las separan siglos de historia y de evoluci\u00f3n de la condici\u00f3n femenina, pero ambas est\u00e1n indisolublemente ligadas por la necesidad visceral de hacer o\u00edr su voz en contra de la opresi\u00f3n patriarcal.<br \/> De este hilo conductor que une el presente con el pasado nace un texto en el que la escritora consigue devolver a la santa rebelde las palabras que le censuraron, el protagonismo hist\u00f3rico que le arrebat\u00f3 la figura de Francisco, as\u00ed como destacar el valor rompedor de su renuncia y de su inquebrantable abnegaci\u00f3n.<br \/> En esto, de hecho, reside la desobediencia de Clara, retratada por Maraini con delicadeza y complicidad en un libro a veces duro, salpicado de preguntas y reflexiones: en su obstinada insumisi\u00f3n ante las convenciones de una \u00e9poca dominada, al igual que hoy, por el hombre.<\/p>\n","protected":false},"excerpt":{"rendered":"<p>DACIA MARAINI<\/p>\n","protected":false},"featured_media":1100597,"template":"","meta":{"_acf_changed":false,"om_disable_all_campaigns":false,"rs_blank_template":"","rs_page_bg_color":"","slide_template_v7":"","inline_featured_image":false,"_monsterinsights_skip_tracking":false,"_monsterinsights_sitenote_active":false,"_monsterinsights_sitenote_note":"","_monsterinsights_sitenote_category":0},"product_brand":[],"product_cat":[485,232,549,99,493,243],"product_tag":[],"class_list":{"0":"post-1100596","1":"product","2":"type-product","3":"status-publish","4":"has-post-thumbnail","6":"product_cat-autores-espiritualidad-1_espiritualidad","7":"product_cat-autors-espiritualitat","8":"product_cat-biografias","9":"product_cat-biografies","10":"product_cat-franciscana-espiritualidad-1_espiritualidad","11":"product_cat-franciscana","13":"first","14":"instock","15":"taxable","16":"shipping-taxable","17":"purchasable","18":"product-type-simple"},"acf":{"autor":"DACIA MARAINI","codart":"138793827","libros-coleccion":"","ediciones":"1","encuadernacion":"R\u00fastica","fecha_de_publicacion":"01\/05\/2026","novedad":"1","paginas":"210","subtitulo":"ELOGIO DE LA DESOBEDIENCIA","orden":"0","portada":"1","idioma":"spa","booktrailer":"","resenas":"","editorial":[{"ID":992804,"post_author":"3","post_date":"2024-11-20 12:36:47","post_date_gmt":"2024-11-20 11:36:47","post_content":"","post_title":"Altamarea Edici\u00f3n de Libros SL","post_excerpt":"","post_status":"publish","comment_status":"closed","ping_status":"closed","post_password":"","post_name":"altamarea-edicion-de-libros-sl","to_ping":"","pinged":"","post_modified":"2024-11-20 12:36:47","post_modified_gmt":"2024-11-20 11:36:47","post_content_filtered":"","post_parent":0,"guid":"https:\/\/www.claret.cat\/editorial\/altamarea-edicion-de-libros-sl\/","menu_order":0,"post_type":"editorial","post_mime_type":"","comment_count":"0","filter":"raw"}]},"aioseo_notices":[],"_links":{"self":[{"href":"https:\/\/www.claret.cat\/es\/wp-json\/wp\/v2\/product\/1100596","targetHints":{"allow":["GET"]}}],"collection":[{"href":"https:\/\/www.claret.cat\/es\/wp-json\/wp\/v2\/product"}],"about":[{"href":"https:\/\/www.claret.cat\/es\/wp-json\/wp\/v2\/types\/product"}],"wp:featuredmedia":[{"embeddable":true,"href":"https:\/\/www.claret.cat\/es\/wp-json\/wp\/v2\/media\/1100597"}],"wp:attachment":[{"href":"https:\/\/www.claret.cat\/es\/wp-json\/wp\/v2\/media?parent=1100596"}],"wp:term":[{"taxonomy":"product_brand","embeddable":true,"href":"https:\/\/www.claret.cat\/es\/wp-json\/wp\/v2\/product_brand?post=1100596"},{"taxonomy":"product_cat","embeddable":true,"href":"https:\/\/www.claret.cat\/es\/wp-json\/wp\/v2\/product_cat?post=1100596"},{"taxonomy":"product_tag","embeddable":true,"href":"https:\/\/www.claret.cat\/es\/wp-json\/wp\/v2\/product_tag?post=1100596"}],"curies":[{"name":"wp","href":"https:\/\/api.w.org\/{rel}","templated":true}]}}