{"id":1100680,"date":"2026-05-12T13:25:38","date_gmt":"2026-05-12T11:25:38","guid":{"rendered":"https:\/\/www.claret.cat\/llibre\/yesteryear-9791387596415\/"},"modified":"2026-05-15T19:00:38","modified_gmt":"2026-05-15T17:00:38","slug":"yesteryear-9791387596415","status":"publish","type":"product","link":"https:\/\/www.claret.cat\/es\/libro\/yesteryear-9791387596415\/","title":{"rendered":"YESTERYEAR"},"content":{"rendered":"<p>Me llamo Natalie Heller Mills y era perfecta en el arte de vivir.<\/p>\n<p>Natalie Heller Mills es la perfecta mujer americana tradicional: esposa, madre de seis hijos y reina de las redes sociales, donde millones de seguidores consumen fascinados su id\u00edlica vida de &#8216;tradwife&#8217; al estilo pionero en un rancho de encanto r\u00fastico. Detr\u00e1s de las c\u00e1maras, sin embargo, hay ni\u00f1eras, productores, electrodom\u00e9sticos industriales y un marido heredero de una poderosa dinast\u00eda pol\u00edtica. Pero a Natalie no le importa mientras su imperio siga creciendo y las &#8216;Mujeres Enfadadas&#8217; sigan odi\u00e1ndola desde la distancia.Hasta que una ma\u00f1ana despierta en una realidad que no reconoce. Su casa, su marido y sus hijos est\u00e1n ah\u00ed, pero todo es distinto: no hay electricidad, la cocina se calienta con le\u00f1a, los ni\u00f1os est\u00e1n sucios y su marido, antes in\u00fatil, es ahora un granjero competente. En la puerta, una fecha tallada: 1855. Ayer posaba tarros de mermelada para Instagram; hoy arrastra le\u00f1a y lava ropa a mano hasta hacerse sangre. \u00bfSe ha convertido en la protagonista involuntaria de un despiadado reality show? \u00bfHa viajado en el tiempo? \u00bfEst\u00e1 Dios poni\u00e9ndola a prueba? \u00bfSatan\u00e1s? Cuando se hace una brutal herida en el bosque, comprende dos cosas: esta no es la vida que ten\u00eda y debe encontrar la manera de escapar.<\/p>\n","protected":false},"excerpt":{"rendered":"<p>CARO CLAIRE BURKE<\/p>\n","protected":false},"featured_media":1101703,"template":"","meta":{"_acf_changed":false,"om_disable_all_campaigns":false,"rs_blank_template":"","rs_page_bg_color":"","slide_template_v7":"","inline_featured_image":false,"_monsterinsights_skip_tracking":false,"_monsterinsights_sitenote_active":false,"_monsterinsights_sitenote_note":"","_monsterinsights_sitenote_category":0},"product_brand":[],"product_cat":[127,357],"product_tag":[],"class_list":{"0":"post-1100680","1":"product","2":"type-product","3":"status-publish","4":"has-post-thumbnail","6":"product_cat-novella-contemporania","7":"product_cat-novela-contemporanea","9":"first","10":"instock","11":"taxable","12":"shipping-taxable","13":"purchasable","14":"product-type-simple"},"acf":{"autor":"CARO CLAIRE BURKE","codart":"138759641","libros-coleccion":"","ediciones":"1","encuadernacion":"R\u00fastica","fecha_de_publicacion":"01\/05\/2026","novedad":"1","paginas":"484","subtitulo":"","orden":"0","portada":"1","idioma":"spa","booktrailer":"","resenas":"","editorial":[{"ID":960543,"post_author":"3","post_date":"2024-04-05 13:15:02","post_date_gmt":"2024-04-05 11:15:02","post_content":"","post_title":"AdN Editorial Grupo Anaya","post_excerpt":"","post_status":"publish","comment_status":"closed","ping_status":"closed","post_password":"","post_name":"adn-editorial-grupo-anaya","to_ping":"","pinged":"","post_modified":"2024-04-05 13:15:02","post_modified_gmt":"2024-04-05 11:15:02","post_content_filtered":"","post_parent":0,"guid":"https:\/\/www.claret.cat\/editorial\/adn-editorial-grupo-anaya\/","menu_order":0,"post_type":"editorial","post_mime_type":"","comment_count":"0","filter":"raw"}]},"aioseo_notices":[],"_links":{"self":[{"href":"https:\/\/www.claret.cat\/es\/wp-json\/wp\/v2\/product\/1100680","targetHints":{"allow":["GET"]}}],"collection":[{"href":"https:\/\/www.claret.cat\/es\/wp-json\/wp\/v2\/product"}],"about":[{"href":"https:\/\/www.claret.cat\/es\/wp-json\/wp\/v2\/types\/product"}],"wp:featuredmedia":[{"embeddable":true,"href":"https:\/\/www.claret.cat\/es\/wp-json\/wp\/v2\/media\/1101703"}],"wp:attachment":[{"href":"https:\/\/www.claret.cat\/es\/wp-json\/wp\/v2\/media?parent=1100680"}],"wp:term":[{"taxonomy":"product_brand","embeddable":true,"href":"https:\/\/www.claret.cat\/es\/wp-json\/wp\/v2\/product_brand?post=1100680"},{"taxonomy":"product_cat","embeddable":true,"href":"https:\/\/www.claret.cat\/es\/wp-json\/wp\/v2\/product_cat?post=1100680"},{"taxonomy":"product_tag","embeddable":true,"href":"https:\/\/www.claret.cat\/es\/wp-json\/wp\/v2\/product_tag?post=1100680"}],"curies":[{"name":"wp","href":"https:\/\/api.w.org\/{rel}","templated":true}]}}