{"id":110072,"date":"2022-10-12T13:41:38","date_gmt":"2022-10-12T11:41:38","guid":{"rendered":"http:\/\/dev.claret.cat\/producte\/relojes-medidas-y-calendarios\/"},"modified":"2024-05-02T16:19:36","modified_gmt":"2024-05-02T14:19:36","slug":"relojes-medidas-y-calendarios-9788418193088","status":"publish","type":"product","link":"https:\/\/www.claret.cat\/es\/libro\/relojes-medidas-y-calendarios-9788418193088\/","title":{"rendered":"RELOJES, MEDIDAS Y CALENDARIOS"},"content":{"rendered":"<p>Galileo Galilei sosten\u00eda que el mundo est\u00e1 escrito en lenguaje matem\u00e1tico y el gran fil\u00f3sofo Immanuel Kant afirmaba que aquello  que caracteriza a una verdadera ciencia es su relaci\u00f3n con las matem\u00e1ticas. El distinguido divulgador Jordi Deulofeu nos plantea una multitud de curiosas preguntas y problemas recreativos para descubrir las matem\u00e1ticas en los fen\u00f3menos cient\u00edficos y sociales del mundo real. \u00bfPor qu\u00e9 una hoja DIN A-4 (210 x 297 mm) tiene las medidas que tiene y cuanto difieren \u00e9stas de las medidas de una tarjeta de cr\u00e9dito? \u00bfEs posible caracterizar la belleza a trav\u00e9s de los n\u00fameros? \u00bfC\u00f3mo se producen las filas en una autopista? \u00bfQu\u00e9 relaci\u00f3n hay entre forma y n\u00famero? Las formas y las proporciones de la naturaleza, la medida de los objetos y del espacio, as\u00ed como el c\u00f3mputo del tiempo son los ejes centrales de esta fascinante obra apta para todos los p\u00fablicos. El autor aborda y desgrana principios de las matem\u00e1ticas, combina nociones de cultura general y acertijos de diferente nivel con el fin de proporcionarte placer y conocimiento a partes iguales.<\/p>\n","protected":false},"excerpt":{"rendered":"<p>DEULOFEU, JORDI<\/p>\n","protected":false},"featured_media":330430,"template":"","meta":{"_acf_changed":false,"om_disable_all_campaigns":false,"rs_blank_template":"","rs_page_bg_color":"","slide_template_v7":"","inline_featured_image":false,"_monsterinsights_skip_tracking":false,"_monsterinsights_sitenote_active":false,"_monsterinsights_sitenote_note":"","_monsterinsights_sitenote_category":0},"product_brand":[],"product_cat":[104,554],"product_tag":[],"class_list":{"0":"post-110072","1":"product","2":"type-product","3":"status-publish","4":"has-post-thumbnail","6":"product_cat-ciencia","7":"product_cat-ciencia-5_otras-spa","9":"first","10":"instock","11":"taxable","12":"shipping-taxable","13":"purchasable","14":"product-type-simple"},"acf":{"autor":"DEULOFEU, JORDI","codart":"841819308","libros-coleccion":"Desaf\u00edos Matem\u00e1ticos","ediciones":"1","encuadernacion":"R\u00fastica","fecha_de_publicacion":"01\/06\/2020","novedad":"1","paginas":"132","subtitulo":"","orden":"0","portada":"0","idioma":"spa","editorial":[{"ID":148202,"post_author":"3","post_date":"2022-10-14 11:56:25","post_date_gmt":"2022-10-14 09:56:25","post_content":"","post_title":"GEDISA EDITORIAL","post_excerpt":"","post_status":"publish","comment_status":"closed","ping_status":"closed","post_password":"","post_name":"gedisa-editorial-2","to_ping":"","pinged":"","post_modified":"2022-10-14 11:56:25","post_modified_gmt":"2022-10-14 09:56:25","post_content_filtered":"","post_parent":0,"guid":"http:\/\/dev.claret.cat\/editorial\/gedisa-editorial-2\/","menu_order":0,"post_type":"editorial","post_mime_type":"","comment_count":"0","filter":"raw"}],"autores-libros":[{"ID":159888,"post_author":"3","post_date":"2022-10-14 15:48:33","post_date_gmt":"2022-10-14 13:48:33","post_content":"","post_title":"JORDI DEULOFEU","post_excerpt":"","post_status":"publish","comment_status":"closed","ping_status":"closed","post_password":"","post_name":"jordi-deulofeu","to_ping":"","pinged":"","post_modified":"2022-10-14 15:48:33","post_modified_gmt":"2022-10-14 13:48:33","post_content_filtered":"","post_parent":0,"guid":"http:\/\/dev.claret.cat\/autor\/jordi-deulofeu\/","menu_order":0,"post_type":"autor","post_mime_type":"","comment_count":"0","filter":"raw"}]},"aioseo_notices":[],"_links":{"self":[{"href":"https:\/\/www.claret.cat\/es\/wp-json\/wp\/v2\/product\/110072","targetHints":{"allow":["GET"]}}],"collection":[{"href":"https:\/\/www.claret.cat\/es\/wp-json\/wp\/v2\/product"}],"about":[{"href":"https:\/\/www.claret.cat\/es\/wp-json\/wp\/v2\/types\/product"}],"wp:featuredmedia":[{"embeddable":true,"href":"https:\/\/www.claret.cat\/es\/wp-json\/wp\/v2\/media\/330430"}],"wp:attachment":[{"href":"https:\/\/www.claret.cat\/es\/wp-json\/wp\/v2\/media?parent=110072"}],"wp:term":[{"taxonomy":"product_brand","embeddable":true,"href":"https:\/\/www.claret.cat\/es\/wp-json\/wp\/v2\/product_brand?post=110072"},{"taxonomy":"product_cat","embeddable":true,"href":"https:\/\/www.claret.cat\/es\/wp-json\/wp\/v2\/product_cat?post=110072"},{"taxonomy":"product_tag","embeddable":true,"href":"https:\/\/www.claret.cat\/es\/wp-json\/wp\/v2\/product_tag?post=110072"}],"curies":[{"name":"wp","href":"https:\/\/api.w.org\/{rel}","templated":true}]}}