{"id":1100947,"date":"2026-05-13T13:15:21","date_gmt":"2026-05-13T11:15:21","guid":{"rendered":"https:\/\/www.claret.cat\/llibre\/fatima-guia-de-peregrinacion-9791370202149\/"},"modified":"2026-05-13T13:20:04","modified_gmt":"2026-05-13T11:20:04","slug":"fatima-guia-de-peregrinacion-9791370202149","status":"publish","type":"product","link":"https:\/\/www.claret.cat\/es\/libro\/fatima-guia-de-peregrinacion-9791370202149\/","title":{"rendered":"F\u00c1TIMA. GU\u00cdA DE PEREGRINACI\u00d3N"},"content":{"rendered":"<p>F\u00e1tima es uno de los grandes destinos de peregrinaci\u00f3n del mundo. Cada a\u00f1o, millones de personas llegan hasta la Cova da Iria movidas por la fe, por la tradici\u00f3n o por el deseo de comprender qu\u00e9 ocurri\u00f3 all\u00ed en 1917 y por qu\u00e9 ese mensaje sigue iluminando a la Iglesia y al mundo m\u00e1s de un siglo despu\u00e9s. Toda peregrinaci\u00f3n merece preparaci\u00f3n, conocimiento y sentido. En esta Gu\u00eda de peregrinaje a F\u00e1tima, Miguel Andr\u00e9u \u2014profundo conocedor del Santuario y acompa\u00f1ante habitual de grupos parroquiales\u2014 ofrece una herramienta clara, rigurosa y completa para organizar el viaje con serenidad. El lector encontrar\u00e1 el contexto hist\u00f3rico imprescindible para comprender las apariciones, la vida de los pastorcitos y el reconocimiento eclesial del mensaje, junto a una explicaci\u00f3n detallada del Santuario y de cada uno de los lugares vinculados a los acontecimientos. La obra integra itinerarios organizados paso a paso, orientaci\u00f3n pr\u00e1ctica sobre accesos, transporte y servicios, calendario lit\u00fargico y celebraciones principales, adem\u00e1s de recomendaciones concretas para grupos, familias y peregrinos individuales. Todo est\u00e1 presentado de manera estructurada y accesible, para que el viajero planifique su estancia con criterio y aproveche plenamente cada momento en F\u00e1tima. Este libro es una gu\u00eda espiritual y pr\u00e1ctica pensada para el peregrino espa\u00f1ol que desea vivir su viaje con profundidad, comprender lo que contempla y regresar a casa con una experiencia interior m\u00e1s consciente. Antes de partir, durante la estancia o al volver, estas p\u00e1ginas acompa\u00f1an, orientan y ayudan a que la peregrinaci\u00f3n se convierta en un verdadero encuentro.<\/p>\n","protected":false},"excerpt":{"rendered":"<p>MIGUEL ANDR\u00c9U<\/p>\n","protected":false},"featured_media":1100948,"template":"","meta":{"_acf_changed":false,"om_disable_all_campaigns":false,"rs_blank_template":"","rs_page_bg_color":"","slide_template_v7":"","inline_featured_image":false,"_monsterinsights_skip_tracking":false,"_monsterinsights_sitenote_active":false,"_monsterinsights_sitenote_note":"","_monsterinsights_sitenote_category":0},"product_brand":[],"product_cat":[235,393],"product_tag":[],"class_list":{"0":"post-1100947","1":"product","2":"type-product","3":"status-publish","4":"has-post-thumbnail","6":"product_cat-mariana","7":"product_cat-mariana-espiritualidad-1_espiritualidad","9":"first","10":"instock","11":"taxable","12":"shipping-taxable","13":"purchasable","14":"product-type-simple"},"acf":{"autor":"MIGUEL ANDR\u00c9U","codart":"137020214","libros-coleccion":"","ediciones":"1","encuadernacion":"R\u00fastica","fecha_de_publicacion":"01\/05\/2026","novedad":"1","paginas":"165","subtitulo":"CLAVES, RECORRIDOS Y RECOMENDACIONES PARA QUE TU PASO POR F\u00c1TIMA SEA ORACI\u00d3N, EN","orden":"0","portada":"1","idioma":"spa","booktrailer":"","resenas":"","editorial":[{"ID":147409,"post_author":"3","post_date":"2022-10-14 11:50:21","post_date_gmt":"2022-10-14 09:50:21","post_content":"","post_title":"ALMUZARA EDITORIAL","post_excerpt":"","post_status":"publish","comment_status":"closed","ping_status":"closed","post_password":"","post_name":"almuzara-editorial","to_ping":"","pinged":"","post_modified":"2022-10-14 11:50:21","post_modified_gmt":"2022-10-14 09:50:21","post_content_filtered":"","post_parent":0,"guid":"http:\/\/dev.claret.cat\/editorial\/almuzara-editorial\/","menu_order":0,"post_type":"editorial","post_mime_type":"","comment_count":"0","filter":"raw"}]},"aioseo_notices":[],"_links":{"self":[{"href":"https:\/\/www.claret.cat\/es\/wp-json\/wp\/v2\/product\/1100947","targetHints":{"allow":["GET"]}}],"collection":[{"href":"https:\/\/www.claret.cat\/es\/wp-json\/wp\/v2\/product"}],"about":[{"href":"https:\/\/www.claret.cat\/es\/wp-json\/wp\/v2\/types\/product"}],"wp:featuredmedia":[{"embeddable":true,"href":"https:\/\/www.claret.cat\/es\/wp-json\/wp\/v2\/media\/1100948"}],"wp:attachment":[{"href":"https:\/\/www.claret.cat\/es\/wp-json\/wp\/v2\/media?parent=1100947"}],"wp:term":[{"taxonomy":"product_brand","embeddable":true,"href":"https:\/\/www.claret.cat\/es\/wp-json\/wp\/v2\/product_brand?post=1100947"},{"taxonomy":"product_cat","embeddable":true,"href":"https:\/\/www.claret.cat\/es\/wp-json\/wp\/v2\/product_cat?post=1100947"},{"taxonomy":"product_tag","embeddable":true,"href":"https:\/\/www.claret.cat\/es\/wp-json\/wp\/v2\/product_tag?post=1100947"}],"curies":[{"name":"wp","href":"https:\/\/api.w.org\/{rel}","templated":true}]}}