{"id":1100959,"date":"2026-05-13T13:25:02","date_gmt":"2026-05-13T11:25:02","guid":{"rendered":"https:\/\/www.claret.cat\/llibre\/el-juego-de-dios-9788428575409\/"},"modified":"2026-05-13T13:26:22","modified_gmt":"2026-05-13T11:26:22","slug":"el-juego-de-dios-9788428575409","status":"publish","type":"product","link":"https:\/\/www.claret.cat\/es\/libro\/el-juego-de-dios-9788428575409\/","title":{"rendered":"EL JUEGO DE DIOS"},"content":{"rendered":"<p>Este libro propone una sugerente lectura teol\u00f3gica del deporte, entendi\u00e9ndolo no como un \u00e1mbito marginal, sino como un espacio privilegiado para comprender la acci\u00f3n de Dios en el mundo. A partir de la experiencia deportiva, los autores ofrecen una reflexi\u00f3n \u00e1gil y profunda que conecta fe, cultura y vida cotidiana. Inspirado en el Magisterio reciente, especialmente en la carta La vida en abundancia del papa Le\u00f3n XIV, el texto se presenta como una gu\u00eda accesible y estimulante, fruto de a\u00f1os de experiencia pastoral. Concebido como un \u00abavituallamiento\u00bb espiritual, invita a descubrir el deporte como escuela de libertad, justicia y crecimiento personal, ofreciendo claves para integrar la fe en uno de los fen\u00f3menos m\u00e1s significativos de nuestro tiempo.<\/p>\n","protected":false},"excerpt":{"rendered":"<p>SANCHEZ DE TOCA, MELCHOR; PASQUINI, DANIELE<\/p>\n","protected":false},"featured_media":1100960,"template":"","meta":{"_acf_changed":false,"om_disable_all_campaigns":false,"rs_blank_template":"","rs_page_bg_color":"","slide_template_v7":"","inline_featured_image":false,"_monsterinsights_skip_tracking":false,"_monsterinsights_sitenote_active":false,"_monsterinsights_sitenote_note":"","_monsterinsights_sitenote_category":0},"product_brand":[],"product_cat":[279,509],"product_tag":[],"class_list":{"0":"post-1100959","1":"product","2":"type-product","3":"status-publish","4":"has-post-thumbnail","6":"product_cat-antropologia-teologica","7":"product_cat-antropologia-teologica-teologia-1_espiritualidad","9":"first","10":"instock","11":"taxable","12":"shipping-taxable","13":"purchasable","14":"product-type-simple"},"acf":{"autor":"SANCHEZ DE TOCA, MELCHOR; PASQUINI, DANIELE","codart":"842857540","libros-coleccion":"SAN PABLO - CAMINOS","ediciones":"1","encuadernacion":"R\u00fastica","fecha_de_publicacion":"13\/05\/2026","novedad":"1","paginas":"151","subtitulo":"ELEMENTOS DE TEOLOG\u00cdA DEL DEPORTE","orden":"0","portada":"1","idioma":"spa","booktrailer":"","resenas":"","editorial":[{"ID":6356,"post_author":"3","post_date":"2022-07-28 17:50:26","post_date_gmt":"2022-07-28 15:50:26","post_content":"","post_title":"SAN PABLO COMUNICACI\u00d3N","post_excerpt":"","post_status":"publish","comment_status":"closed","ping_status":"closed","post_password":"","post_name":"san-pablo-comunicacion","to_ping":"","pinged":"","post_modified":"2022-07-28 17:50:26","post_modified_gmt":"2022-07-28 15:50:26","post_content_filtered":"","post_parent":0,"guid":"http:\/\/dev.claret.cat\/editorial\/san-pablo-comunicacion\/","menu_order":0,"post_type":"editorial","post_mime_type":"","comment_count":"0","filter":"raw"}]},"aioseo_notices":[],"_links":{"self":[{"href":"https:\/\/www.claret.cat\/es\/wp-json\/wp\/v2\/product\/1100959","targetHints":{"allow":["GET"]}}],"collection":[{"href":"https:\/\/www.claret.cat\/es\/wp-json\/wp\/v2\/product"}],"about":[{"href":"https:\/\/www.claret.cat\/es\/wp-json\/wp\/v2\/types\/product"}],"wp:featuredmedia":[{"embeddable":true,"href":"https:\/\/www.claret.cat\/es\/wp-json\/wp\/v2\/media\/1100960"}],"wp:attachment":[{"href":"https:\/\/www.claret.cat\/es\/wp-json\/wp\/v2\/media?parent=1100959"}],"wp:term":[{"taxonomy":"product_brand","embeddable":true,"href":"https:\/\/www.claret.cat\/es\/wp-json\/wp\/v2\/product_brand?post=1100959"},{"taxonomy":"product_cat","embeddable":true,"href":"https:\/\/www.claret.cat\/es\/wp-json\/wp\/v2\/product_cat?post=1100959"},{"taxonomy":"product_tag","embeddable":true,"href":"https:\/\/www.claret.cat\/es\/wp-json\/wp\/v2\/product_tag?post=1100959"}],"curies":[{"name":"wp","href":"https:\/\/api.w.org\/{rel}","templated":true}]}}