{"id":1100962,"date":"2026-05-13T13:25:18","date_gmt":"2026-05-13T11:25:18","guid":{"rendered":"https:\/\/www.claret.cat\/llibre\/365-dias-con-el-papa-leon-xiv-9788428575348\/"},"modified":"2026-05-13T13:26:04","modified_gmt":"2026-05-13T11:26:04","slug":"365-dias-con-el-papa-leon-xiv-9788428575348","status":"publish","type":"product","link":"https:\/\/www.claret.cat\/es\/libro\/365-dias-con-el-papa-leon-xiv-9788428575348\/","title":{"rendered":"365 D\u00cdAS CON EL PAPA LE\u00d3N XIV"},"content":{"rendered":"<p>Un nuevo t\u00edtulo enriquece nuestra colecci\u00f3n \u00ab365 d\u00edas con\u2026\u00bb, esta vez dedicado al primer Papa agustino, Le\u00f3n XIV. Esta obra re\u00fane una cuidada selecci\u00f3n de textos breves, profundos y luminosos de Robert F. Prevost, uno para cada d\u00eda del a\u00f1o, que permiten al lector acercarse a su pensamiento y orar con \u00e9l desde la vida cotidiana. Editado por Rafael Lazcano, agustino y compa\u00f1ero del actual Papa en el Colegio Internacional Santa M\u00f3nica de Roma, estos textos destacan por su relevancia doctrinal, espiritual y pedag\u00f3gica, y est\u00e1n escritos con un lenguaje cercano que invita a cultivar la interioridad, vivir con alegr\u00eda aut\u00e9ntica y afrontar los desaf\u00edos contempor\u00e1neos \u2014incluida la tecnolog\u00eda y la inteligencia artificial\u2014 con responsabilidad y esperanza. Un itinerario diario arraigado en la Escritura, la tradici\u00f3n y la experiencia pastoral, orientado a fortalecer la fe, promover la justicia y despertar un compromiso concreto con los m\u00e1s vulnerables.<\/p>\n","protected":false},"excerpt":{"rendered":"<p>LAZCANO , RAFAEL<\/p>\n","protected":false},"featured_media":1100963,"template":"","meta":{"_acf_changed":false,"om_disable_all_campaigns":false,"rs_blank_template":"","rs_page_bg_color":"","slide_template_v7":"","inline_featured_image":false,"_monsterinsights_skip_tracking":false,"_monsterinsights_sitenote_active":false,"_monsterinsights_sitenote_note":"","_monsterinsights_sitenote_category":0},"product_brand":[],"product_cat":[485,232],"product_tag":[],"class_list":{"0":"post-1100962","1":"product","2":"type-product","3":"status-publish","4":"has-post-thumbnail","6":"product_cat-autores-espiritualidad-1_espiritualidad","7":"product_cat-autors-espiritualitat","9":"first","10":"instock","11":"taxable","12":"shipping-taxable","13":"purchasable","14":"product-type-simple"},"acf":{"autor":"LAZCANO , RAFAEL","codart":"842857534","libros-coleccion":"","ediciones":"1","encuadernacion":"R\u00fastica","fecha_de_publicacion":"12\/05\/2026","novedad":"1","paginas":"512","subtitulo":"","orden":"0","portada":"1","idioma":"spa","booktrailer":"","resenas":"","editorial":[{"ID":6356,"post_author":"3","post_date":"2022-07-28 17:50:26","post_date_gmt":"2022-07-28 15:50:26","post_content":"","post_title":"SAN PABLO COMUNICACI\u00d3N","post_excerpt":"","post_status":"publish","comment_status":"closed","ping_status":"closed","post_password":"","post_name":"san-pablo-comunicacion","to_ping":"","pinged":"","post_modified":"2022-07-28 17:50:26","post_modified_gmt":"2022-07-28 15:50:26","post_content_filtered":"","post_parent":0,"guid":"http:\/\/dev.claret.cat\/editorial\/san-pablo-comunicacion\/","menu_order":0,"post_type":"editorial","post_mime_type":"","comment_count":"0","filter":"raw"}]},"aioseo_notices":[],"_links":{"self":[{"href":"https:\/\/www.claret.cat\/es\/wp-json\/wp\/v2\/product\/1100962","targetHints":{"allow":["GET"]}}],"collection":[{"href":"https:\/\/www.claret.cat\/es\/wp-json\/wp\/v2\/product"}],"about":[{"href":"https:\/\/www.claret.cat\/es\/wp-json\/wp\/v2\/types\/product"}],"wp:featuredmedia":[{"embeddable":true,"href":"https:\/\/www.claret.cat\/es\/wp-json\/wp\/v2\/media\/1100963"}],"wp:attachment":[{"href":"https:\/\/www.claret.cat\/es\/wp-json\/wp\/v2\/media?parent=1100962"}],"wp:term":[{"taxonomy":"product_brand","embeddable":true,"href":"https:\/\/www.claret.cat\/es\/wp-json\/wp\/v2\/product_brand?post=1100962"},{"taxonomy":"product_cat","embeddable":true,"href":"https:\/\/www.claret.cat\/es\/wp-json\/wp\/v2\/product_cat?post=1100962"},{"taxonomy":"product_tag","embeddable":true,"href":"https:\/\/www.claret.cat\/es\/wp-json\/wp\/v2\/product_tag?post=1100962"}],"curies":[{"name":"wp","href":"https:\/\/api.w.org\/{rel}","templated":true}]}}