{"id":1100965,"date":"2026-05-13T13:25:33","date_gmt":"2026-05-13T11:25:33","guid":{"rendered":"https:\/\/www.claret.cat\/llibre\/la-nina-que-no-jugaba-con-la-luna-9788428575393\/"},"modified":"2026-05-13T13:26:16","modified_gmt":"2026-05-13T11:26:16","slug":"la-nina-que-no-jugaba-con-la-luna-9788428575393","status":"publish","type":"product","link":"https:\/\/www.claret.cat\/es\/libro\/la-nina-que-no-jugaba-con-la-luna-9788428575393\/","title":{"rendered":"LA NI\u00d1A QUE NO JUGABA CON LA LUNA"},"content":{"rendered":"<p>La ni\u00f1a que no jugaba con la luna es un relato valiente y profundamente humano que aborda el impacto del alcoholismo m\u00e1s all\u00e1 de quien lo padece, mostrando sus efectos en todo el entorno familiar. A trav\u00e9s de una narraci\u00f3n honesta, la autora recorre el complejo camino de convivir con una pareja alcoh\u00f3lica: del desconcierto inicial al dolor, la ruptura y, finalmente, la reconstrucci\u00f3n personal. La obra reflexiona tambi\u00e9n sobre el papel ambivalente de la familia y las amistades, capaces de sostener o herir. En di\u00e1logo con El ni\u00f1o que jugaba con la luna, ofrece una mirada complementaria y necesaria. Un libro imprescindible que da voz a experiencias silenciadas y propone un horizonte de sanaci\u00f3n, resiliencia y esperanza.<\/p>\n","protected":false},"excerpt":{"rendered":"<p>SANAGUST\u00cdN, MAR\u00cdA<\/p>\n","protected":false},"featured_media":1100966,"template":"","meta":{"_acf_changed":false,"om_disable_all_campaigns":false,"rs_blank_template":"","rs_page_bg_color":"","slide_template_v7":"","inline_featured_image":false,"_monsterinsights_skip_tracking":false,"_monsterinsights_sitenote_active":false,"_monsterinsights_sitenote_note":"","_monsterinsights_sitenote_category":0},"product_brand":[],"product_cat":[127,357],"product_tag":[],"class_list":{"0":"post-1100965","1":"product","2":"type-product","3":"status-publish","4":"has-post-thumbnail","6":"product_cat-novella-contemporania","7":"product_cat-novela-contemporanea","9":"first","10":"instock","11":"taxable","12":"shipping-taxable","13":"purchasable","14":"product-type-simple"},"acf":{"autor":"SANAGUST\u00cdN, MAR\u00cdA","codart":"842857539","libros-coleccion":"NARRATIVA RELATOS ","ediciones":"1","encuadernacion":"R\u00fastica","fecha_de_publicacion":"13\/05\/2026","novedad":"1","paginas":"166","subtitulo":"","orden":"0","portada":"1","idioma":"spa","booktrailer":"","resenas":"","editorial":[{"ID":6356,"post_author":"3","post_date":"2022-07-28 17:50:26","post_date_gmt":"2022-07-28 15:50:26","post_content":"","post_title":"SAN PABLO COMUNICACI\u00d3N","post_excerpt":"","post_status":"publish","comment_status":"closed","ping_status":"closed","post_password":"","post_name":"san-pablo-comunicacion","to_ping":"","pinged":"","post_modified":"2022-07-28 17:50:26","post_modified_gmt":"2022-07-28 15:50:26","post_content_filtered":"","post_parent":0,"guid":"http:\/\/dev.claret.cat\/editorial\/san-pablo-comunicacion\/","menu_order":0,"post_type":"editorial","post_mime_type":"","comment_count":"0","filter":"raw"}]},"aioseo_notices":[],"_links":{"self":[{"href":"https:\/\/www.claret.cat\/es\/wp-json\/wp\/v2\/product\/1100965","targetHints":{"allow":["GET"]}}],"collection":[{"href":"https:\/\/www.claret.cat\/es\/wp-json\/wp\/v2\/product"}],"about":[{"href":"https:\/\/www.claret.cat\/es\/wp-json\/wp\/v2\/types\/product"}],"wp:featuredmedia":[{"embeddable":true,"href":"https:\/\/www.claret.cat\/es\/wp-json\/wp\/v2\/media\/1100966"}],"wp:attachment":[{"href":"https:\/\/www.claret.cat\/es\/wp-json\/wp\/v2\/media?parent=1100965"}],"wp:term":[{"taxonomy":"product_brand","embeddable":true,"href":"https:\/\/www.claret.cat\/es\/wp-json\/wp\/v2\/product_brand?post=1100965"},{"taxonomy":"product_cat","embeddable":true,"href":"https:\/\/www.claret.cat\/es\/wp-json\/wp\/v2\/product_cat?post=1100965"},{"taxonomy":"product_tag","embeddable":true,"href":"https:\/\/www.claret.cat\/es\/wp-json\/wp\/v2\/product_tag?post=1100965"}],"curies":[{"name":"wp","href":"https:\/\/api.w.org\/{rel}","templated":true}]}}