{"id":1100968,"date":"2026-05-13T13:25:47","date_gmt":"2026-05-13T11:25:47","guid":{"rendered":"https:\/\/www.claret.cat\/llibre\/leon-xiv-9788428575355\/"},"modified":"2026-05-13T13:26:11","modified_gmt":"2026-05-13T11:26:11","slug":"leon-xiv-9788428575355","status":"publish","type":"product","link":"https:\/\/www.claret.cat\/es\/libro\/leon-xiv-9788428575355\/","title":{"rendered":"LE\u00d3N XIV"},"content":{"rendered":"<p>Descubre la inspiradora historia de Robert Francis Prevost, hoy Le\u00f3n XIV, en una biograf\u00eda cercana, \u00e1gil y profundamente humana. Desde sus ra\u00edces humildes hasta su misi\u00f3n como Pastor universal, este libro recorre un camino de fe, servicio y entrega construido en lo cotidiano. Sin tecnicismos ni enfoques acad\u00e9micos, ofrece un relato claro y accesible para todos los lectores. A trav\u00e9s de una mirada \u00edntima y reflexiva, conocer\u00e1s al hombre detr\u00e1s del nombre: su vocaci\u00f3n, sus dudas, su crecimiento y su compromiso con la Iglesia. Una obra breve y luminosa que invita a comprender c\u00f3mo una vida sencilla, vivida con fidelidad, puede transformar horizontes e inspirar a todo el Pueblo de Dios.<\/p>\n","protected":false},"excerpt":{"rendered":"<p>LAZCANO , RAFAEL<\/p>\n","protected":false},"featured_media":1100969,"template":"","meta":{"_acf_changed":false,"om_disable_all_campaigns":false,"rs_blank_template":"","rs_page_bg_color":"","slide_template_v7":"","inline_featured_image":false,"_monsterinsights_skip_tracking":false,"_monsterinsights_sitenote_active":false,"_monsterinsights_sitenote_note":"","_monsterinsights_sitenote_category":0},"product_brand":[],"product_cat":[485,232,491,241,395,240],"product_tag":[],"class_list":{"0":"post-1100968","1":"product","2":"type-product","3":"status-publish","4":"has-post-thumbnail","6":"product_cat-autores-espiritualidad-1_espiritualidad","7":"product_cat-autors-espiritualitat","8":"product_cat-testimonios","9":"product_cat-testimonis","10":"product_cat-vida-religiosa-espiritualidad-1_espiritualidad","11":"product_cat-vida-religiosa-espiritualitat","13":"first","14":"instock","15":"taxable","16":"shipping-taxable","17":"purchasable","18":"product-type-simple"},"acf":{"autor":"LAZCANO , RAFAEL","codart":"842857535","libros-coleccion":"SAN PABLO - CAMINOS","ediciones":"1","encuadernacion":"R\u00fastica","fecha_de_publicacion":"12\/05\/2026","novedad":"1","paginas":"198","subtitulo":"EL CAMINO DE UN PASTOR ","orden":"0","portada":"1","idioma":"spa","booktrailer":"","resenas":"","editorial":[{"ID":6356,"post_author":"3","post_date":"2022-07-28 17:50:26","post_date_gmt":"2022-07-28 15:50:26","post_content":"","post_title":"SAN PABLO COMUNICACI\u00d3N","post_excerpt":"","post_status":"publish","comment_status":"closed","ping_status":"closed","post_password":"","post_name":"san-pablo-comunicacion","to_ping":"","pinged":"","post_modified":"2022-07-28 17:50:26","post_modified_gmt":"2022-07-28 15:50:26","post_content_filtered":"","post_parent":0,"guid":"http:\/\/dev.claret.cat\/editorial\/san-pablo-comunicacion\/","menu_order":0,"post_type":"editorial","post_mime_type":"","comment_count":"0","filter":"raw"}]},"aioseo_notices":[],"_links":{"self":[{"href":"https:\/\/www.claret.cat\/es\/wp-json\/wp\/v2\/product\/1100968","targetHints":{"allow":["GET"]}}],"collection":[{"href":"https:\/\/www.claret.cat\/es\/wp-json\/wp\/v2\/product"}],"about":[{"href":"https:\/\/www.claret.cat\/es\/wp-json\/wp\/v2\/types\/product"}],"wp:featuredmedia":[{"embeddable":true,"href":"https:\/\/www.claret.cat\/es\/wp-json\/wp\/v2\/media\/1100969"}],"wp:attachment":[{"href":"https:\/\/www.claret.cat\/es\/wp-json\/wp\/v2\/media?parent=1100968"}],"wp:term":[{"taxonomy":"product_brand","embeddable":true,"href":"https:\/\/www.claret.cat\/es\/wp-json\/wp\/v2\/product_brand?post=1100968"},{"taxonomy":"product_cat","embeddable":true,"href":"https:\/\/www.claret.cat\/es\/wp-json\/wp\/v2\/product_cat?post=1100968"},{"taxonomy":"product_tag","embeddable":true,"href":"https:\/\/www.claret.cat\/es\/wp-json\/wp\/v2\/product_tag?post=1100968"}],"curies":[{"name":"wp","href":"https:\/\/api.w.org\/{rel}","templated":true}]}}