{"id":1100983,"date":"2026-05-13T16:20:03","date_gmt":"2026-05-13T14:20:03","guid":{"rendered":"https:\/\/www.claret.cat\/llibre\/espiritualidad-fraterna-9788472403567\/"},"modified":"2026-05-13T16:20:51","modified_gmt":"2026-05-13T14:20:51","slug":"espiritualidad-fraterna-9788472403567","status":"publish","type":"product","link":"https:\/\/www.claret.cat\/es\/libro\/espiritualidad-fraterna-9788472403567\/","title":{"rendered":"ESPIRITUALIDAD FRATERNA"},"content":{"rendered":"<p>Esta <strong style='background-color: transparent'>Vida de San Francisco<\/strong> escrita por Cesare Vaiani es el resultado de unir la mirada del historiador y la del te\u00f3logo para observar al Santo: un viaje a las motivaciones que guiaron su coraz\u00f3n hacia una forma radicalmente nueva de ser hermano.<\/p>\n<p>Cesare Vaiani no se limita a narrar los hechos; descifra el itinerario vital de un hombre que hizo de la pobreza y la restituci\u00f3n el cimiento de su espiritualidad fraterna. Al renunciar a toda apropiaci\u00f3n, Francisco descubre que puede ser hermano de todos y de todo.<\/p>\n<p>Esta fidelidad culmina en el <em style='background-color: transparent'>C\u00e1ntico de las criaturas<\/em>, donde la alabanza se vuelve universal al integrar la creaci\u00f3n, el perd\u00f3n, la enfermedad y la propia muerte en un \u00fanico abrazo fraterno.<\/p>\n<p>Apoyado en un estudio riguroso de las fuentes, Vaiani recupera al Francisco real: el hermano que hizo de su existencia un espacio para la \u00absanta operaci\u00f3n\u00bb del Esp\u00edritu, transformando su propia fragilidad en el testimonio definitivo de su entrega. Una obra imprescindible para entender que la vida de Francisco no es una teor\u00eda del pasado, sino una br\u00fajula que sigue iluminando nuestro presente.<\/p>\n<p><\/p>\n","protected":false},"excerpt":{"rendered":"<p>VAIANI, CESARE<\/p>\n","protected":false},"featured_media":1100984,"template":"","meta":{"_acf_changed":false,"om_disable_all_campaigns":false,"rs_blank_template":"","rs_page_bg_color":"","slide_template_v7":"","inline_featured_image":false,"_monsterinsights_skip_tracking":false,"_monsterinsights_sitenote_active":false,"_monsterinsights_sitenote_note":"","_monsterinsights_sitenote_category":0},"product_brand":[],"product_cat":[243,493],"product_tag":[],"class_list":{"0":"post-1100983","1":"product","2":"type-product","3":"status-publish","4":"has-post-thumbnail","6":"product_cat-franciscana","7":"product_cat-franciscana-espiritualidad-1_espiritualidad","9":"first","10":"instock","11":"taxable","12":"shipping-taxable","13":"purchasable","14":"product-type-simple"},"acf":{"autor":"VAIANI, CESARE","codart":"847240356","libros-coleccion":"HERMANO FRANCISCO","ediciones":"1","encuadernacion":"R\u00fastica","fecha_de_publicacion":"13\/05\/2026","novedad":"1","paginas":"274","subtitulo":"UNA VIDA DE SAN FRANCISCO ENTRE HISTORIA Y TEOLOG\u00cdA","orden":"0","portada":"1","idioma":"spa","booktrailer":"","resenas":"","editorial":[{"ID":147454,"post_author":"3","post_date":"2022-10-14 11:50:42","post_date_gmt":"2022-10-14 09:50:42","post_content":"","post_title":"ARANTZAZU","post_excerpt":"","post_status":"publish","comment_status":"closed","ping_status":"closed","post_password":"","post_name":"arantzazu","to_ping":"","pinged":"","post_modified":"2022-10-14 11:50:42","post_modified_gmt":"2022-10-14 09:50:42","post_content_filtered":"","post_parent":0,"guid":"http:\/\/dev.claret.cat\/editorial\/arantzazu\/","menu_order":0,"post_type":"editorial","post_mime_type":"","comment_count":"0","filter":"raw"}]},"aioseo_notices":[],"_links":{"self":[{"href":"https:\/\/www.claret.cat\/es\/wp-json\/wp\/v2\/product\/1100983","targetHints":{"allow":["GET"]}}],"collection":[{"href":"https:\/\/www.claret.cat\/es\/wp-json\/wp\/v2\/product"}],"about":[{"href":"https:\/\/www.claret.cat\/es\/wp-json\/wp\/v2\/types\/product"}],"wp:featuredmedia":[{"embeddable":true,"href":"https:\/\/www.claret.cat\/es\/wp-json\/wp\/v2\/media\/1100984"}],"wp:attachment":[{"href":"https:\/\/www.claret.cat\/es\/wp-json\/wp\/v2\/media?parent=1100983"}],"wp:term":[{"taxonomy":"product_brand","embeddable":true,"href":"https:\/\/www.claret.cat\/es\/wp-json\/wp\/v2\/product_brand?post=1100983"},{"taxonomy":"product_cat","embeddable":true,"href":"https:\/\/www.claret.cat\/es\/wp-json\/wp\/v2\/product_cat?post=1100983"},{"taxonomy":"product_tag","embeddable":true,"href":"https:\/\/www.claret.cat\/es\/wp-json\/wp\/v2\/product_tag?post=1100983"}],"curies":[{"name":"wp","href":"https:\/\/api.w.org\/{rel}","templated":true}]}}