{"id":1100986,"date":"2026-05-13T16:20:20","date_gmt":"2026-05-13T14:20:20","guid":{"rendered":"https:\/\/www.claret.cat\/llibre\/francisco-en-fiesta-9788472403550\/"},"modified":"2026-05-13T16:20:41","modified_gmt":"2026-05-13T14:20:41","slug":"francisco-en-fiesta-9788472403550","status":"publish","type":"product","link":"https:\/\/www.claret.cat\/es\/libro\/francisco-en-fiesta-9788472403550\/","title":{"rendered":"FRANCISCO EN FIESTA"},"content":{"rendered":"<p>En las p\u00e1ginas de <em style='background-color: transparent'>Francisco en fiesta: su pascua<\/em>, descubrimos que Francisco de As\u00eds no amaba la muerte por s\u00ed misma, sino porque era el \u00faltimo velo que le imped\u00eda abrazar la Vida. El motivo y el centro de toda su entrega es Cristo: el Amado que le invita a despojarse de todo para poseerlo Todo.<\/p>\n<p>Hacerse amigo de la \u00abhermana muerte\u00bb no es, por tanto, un ejercicio de renuncia, sino el mayor acto de libertad y de amor. Aqu\u00ed se nos invita a desaprender el miedo para recuperar la asombrada gratitud del \u00abPobrecillo\u00bb a trav\u00e9s de un recorrido sereno por sus gestos y palabras. Este libro nos ense\u00f1a a vivir con el coraz\u00f3n lo suficientemente ligero como para poder cantar, incluso cuando llega el atardecer; un itinerario espiritual para convertir nuestro tr\u00e1nsito en una danza y nuestra despedida en un \u00faltimo canto de alabanza.<\/p>\n<p>Al cumplirse los ochocientos a\u00f1os del tr\u00e1nsito de Francisco (1226-2026), esta obra se une a la celebraci\u00f3n del Centenario, invit\u00e1ndonos a redescubrir la herencia de paz y esperanza que el Santo de As\u00eds nos leg\u00f3 al final de su camino.<\/p>\n<p>Incluye una propuesta celebrativa del Tr\u00e1nsito.<\/p>\n","protected":false},"excerpt":{"rendered":"<p>P\u00c9REZ HERMOSO, FRANCISCO<\/p>\n","protected":false},"featured_media":1100987,"template":"","meta":{"_acf_changed":false,"om_disable_all_campaigns":false,"rs_blank_template":"","rs_page_bg_color":"","slide_template_v7":"","inline_featured_image":false,"_monsterinsights_skip_tracking":false,"_monsterinsights_sitenote_active":false,"_monsterinsights_sitenote_note":"","_monsterinsights_sitenote_category":0},"product_brand":[],"product_cat":[485,232,493,243],"product_tag":[],"class_list":{"0":"post-1100986","1":"product","2":"type-product","3":"status-publish","4":"has-post-thumbnail","6":"product_cat-autores-espiritualidad-1_espiritualidad","7":"product_cat-autors-espiritualitat","8":"product_cat-franciscana-espiritualidad-1_espiritualidad","9":"product_cat-franciscana","11":"first","12":"instock","13":"taxable","14":"shipping-taxable","15":"purchasable","16":"product-type-simple"},"acf":{"autor":"P\u00c9REZ HERMOSO, FRANCISCO","codart":"847240355","libros-coleccion":"HERMANO FRANCISCO","ediciones":"1","encuadernacion":"R\u00fastica","fecha_de_publicacion":"13\/05\/2026","novedad":"1","paginas":"170","subtitulo":"","orden":"0","portada":"1","idioma":"spa","booktrailer":"","resenas":"","editorial":[{"ID":147454,"post_author":"3","post_date":"2022-10-14 11:50:42","post_date_gmt":"2022-10-14 09:50:42","post_content":"","post_title":"ARANTZAZU","post_excerpt":"","post_status":"publish","comment_status":"closed","ping_status":"closed","post_password":"","post_name":"arantzazu","to_ping":"","pinged":"","post_modified":"2022-10-14 11:50:42","post_modified_gmt":"2022-10-14 09:50:42","post_content_filtered":"","post_parent":0,"guid":"http:\/\/dev.claret.cat\/editorial\/arantzazu\/","menu_order":0,"post_type":"editorial","post_mime_type":"","comment_count":"0","filter":"raw"}]},"aioseo_notices":[],"_links":{"self":[{"href":"https:\/\/www.claret.cat\/es\/wp-json\/wp\/v2\/product\/1100986","targetHints":{"allow":["GET"]}}],"collection":[{"href":"https:\/\/www.claret.cat\/es\/wp-json\/wp\/v2\/product"}],"about":[{"href":"https:\/\/www.claret.cat\/es\/wp-json\/wp\/v2\/types\/product"}],"wp:featuredmedia":[{"embeddable":true,"href":"https:\/\/www.claret.cat\/es\/wp-json\/wp\/v2\/media\/1100987"}],"wp:attachment":[{"href":"https:\/\/www.claret.cat\/es\/wp-json\/wp\/v2\/media?parent=1100986"}],"wp:term":[{"taxonomy":"product_brand","embeddable":true,"href":"https:\/\/www.claret.cat\/es\/wp-json\/wp\/v2\/product_brand?post=1100986"},{"taxonomy":"product_cat","embeddable":true,"href":"https:\/\/www.claret.cat\/es\/wp-json\/wp\/v2\/product_cat?post=1100986"},{"taxonomy":"product_tag","embeddable":true,"href":"https:\/\/www.claret.cat\/es\/wp-json\/wp\/v2\/product_tag?post=1100986"}],"curies":[{"name":"wp","href":"https:\/\/api.w.org\/{rel}","templated":true}]}}