{"id":110139,"date":"2022-10-12T13:42:42","date_gmt":"2022-10-12T11:42:42","guid":{"rendered":"http:\/\/dev.claret.cat\/producte\/para-que-servimos-los-politologos\/"},"modified":"2023-01-28T17:29:52","modified_gmt":"2023-01-28T16:29:52","slug":"para-que-servimos-los-politologos-9788413520056","status":"publish","type":"product","link":"https:\/\/www.claret.cat\/es\/libro\/para-que-servimos-los-politologos-9788413520056\/","title":{"rendered":"\u00bfPARA QU\u00c9 SERVIMOS LOS POLIT\u00d3LOGOS?"},"content":{"rendered":"<p>Casi todo el mundo sabe qu\u00e9 decir cuando se le pregunta para qu\u00e9 sirve una arquitecta o en qu\u00e9 consiste el trabajo de un m\u00e9dico. Menos clara suele ser la respuesta si se le interroga sobre un pol\u00edtico: alguien que \u201chace pol\u00edtica\u201d o que \u201cest\u00e1 metido en pol\u00edtica\u201d, ser\u00e1 probablemente la respuesta, dejando a un lado otros calificativos menos gratos. Menos evidente todav\u00eda es la funci\u00f3n de los polit\u00f3logos: un colectivo poco reconocido pero que ha ido adquiriendo mayor protagonismo p\u00fablico en los \u00faltimos a\u00f1os. Josep Maria Vall\u00e8s realiza en este ensayo un amplio recorrido por la profesi\u00f3n: c\u00f3mo llegan los polit\u00f3logos a ser considerados como tales, qu\u00e9 posiciones ocupan en el mundo laboral y qu\u00e9 funciones desempe\u00f1an. Pero \u00bfes socialmente \u00fatil su trabajo? No mucho si solo se suman al alboroto pol\u00edtico-medi\u00e1tico, alimentando la inflaci\u00f3n de comentarios de ocasi\u00f3n. Pero s\u00ed lo son cuando elaboran estudios rigurosos y se implican con su conocimiento especializado en el an\u00e1lisis cr\u00edtico de los problemas colectivos m\u00e1s acuciantes \u2014crecimiento de la desigualdad, discriminaci\u00f3n de g\u00e9nero, corrupci\u00f3n p\u00fablica, depredaci\u00f3n ambiental o erosi\u00f3n de los derechos y las pol\u00edticas sociales\u2014 intentando conseguir mejores condiciones de vida para la sociedad. La misma utilidad a la que aspiraban quienes empezaron a reflexionar y debatir sobre pol\u00edtica en la Grecia cl\u00e1sica del siglo V a. C.<\/p>\n","protected":false},"excerpt":{"rendered":"<p>VALL\u00c8S I CASADEVALL, JOSEP MARIA<\/p>\n","protected":false},"featured_media":110140,"template":"","meta":{"_acf_changed":false,"om_disable_all_campaigns":false,"rs_blank_template":"","rs_page_bg_color":"","slide_template_v7":"","inline_featured_image":false,"_monsterinsights_skip_tracking":false,"_monsterinsights_sitenote_active":false,"_monsterinsights_sitenote_note":"","_monsterinsights_sitenote_category":0},"product_brand":[],"product_cat":[120],"product_tag":[],"class_list":{"0":"post-110139","1":"product","2":"type-product","3":"status-publish","4":"has-post-thumbnail","6":"product_cat-politica","8":"first","9":"instock","10":"taxable","11":"shipping-taxable","12":"purchasable","13":"product-type-simple"},"acf":{"editorial":[{"ID":6293,"post_author":"3","post_date":"2022-07-28 17:49:04","post_date_gmt":"2022-07-28 15:49:04","post_content":"","post_title":"LOS LIBROS DE LA CATARATA","post_excerpt":"","post_status":"publish","comment_status":"closed","ping_status":"closed","post_password":"","post_name":"los-libros-de-la-catarata","to_ping":"","pinged":"","post_modified":"2022-07-28 17:49:04","post_modified_gmt":"2022-07-28 15:49:04","post_content_filtered":"","post_parent":0,"guid":"http:\/\/dev.claret.cat\/editorial\/los-libros-de-la-catarata\/","menu_order":0,"post_type":"editorial","post_mime_type":"","comment_count":"0","filter":"raw"}],"autores-libros":[{"ID":160775,"post_author":"3","post_date":"2022-10-14 15:55:47","post_date_gmt":"2022-10-14 13:55:47","post_content":"","post_title":"JOSEP MARIA VALL\u00c8S I CASADEVALL","post_excerpt":"","post_status":"publish","comment_status":"closed","ping_status":"closed","post_password":"","post_name":"josep-maria-valles-i-casadevall","to_ping":"","pinged":"","post_modified":"2022-10-14 15:55:47","post_modified_gmt":"2022-10-14 13:55:47","post_content_filtered":"","post_parent":0,"guid":"http:\/\/dev.claret.cat\/autor\/josep-maria-valles-i-casadevall\/","menu_order":0,"post_type":"autor","post_mime_type":"","comment_count":"0","filter":"raw"}],"autor":"VALL\u00c8S I CASADEVALL, JOSEP MARIA","codart":"841352005","libros-coleccion":"Mayor","ediciones":"1","encuadernacion":"R\u00fastica","fecha_de_publicacion":"01\/06\/2020","novedad":"1","paginas":"174","subtitulo":"","orden":"0","portada":"0","idioma":"spa"},"aioseo_notices":[],"_links":{"self":[{"href":"https:\/\/www.claret.cat\/es\/wp-json\/wp\/v2\/product\/110139","targetHints":{"allow":["GET"]}}],"collection":[{"href":"https:\/\/www.claret.cat\/es\/wp-json\/wp\/v2\/product"}],"about":[{"href":"https:\/\/www.claret.cat\/es\/wp-json\/wp\/v2\/types\/product"}],"wp:featuredmedia":[{"embeddable":true,"href":"https:\/\/www.claret.cat\/es\/wp-json\/wp\/v2\/media\/110140"}],"wp:attachment":[{"href":"https:\/\/www.claret.cat\/es\/wp-json\/wp\/v2\/media?parent=110139"}],"wp:term":[{"taxonomy":"product_brand","embeddable":true,"href":"https:\/\/www.claret.cat\/es\/wp-json\/wp\/v2\/product_brand?post=110139"},{"taxonomy":"product_cat","embeddable":true,"href":"https:\/\/www.claret.cat\/es\/wp-json\/wp\/v2\/product_cat?post=110139"},{"taxonomy":"product_tag","embeddable":true,"href":"https:\/\/www.claret.cat\/es\/wp-json\/wp\/v2\/product_tag?post=110139"}],"curies":[{"name":"wp","href":"https:\/\/api.w.org\/{rel}","templated":true}]}}