{"id":110359,"date":"2022-10-12T13:46:01","date_gmt":"2022-10-12T11:46:01","guid":{"rendered":"http:\/\/dev.claret.cat\/producte\/trono-destrozado\/"},"modified":"2023-01-28T11:03:30","modified_gmt":"2023-01-28T10:03:30","slug":"trono-destrozado-9788412030426","status":"publish","type":"product","link":"https:\/\/www.claret.cat\/es\/libro\/trono-destrozado-9788412030426\/","title":{"rendered":"TRONO DESTROZADO"},"content":{"rendered":"<p>Los aficionados de La reina Roja estar\u00e1n encantados de ponerse al d\u00eda con sus queridos personajes, despu\u00e9s del drama de Tormenta de guerra. \u00a1Una colecci\u00f3n que no puedes perderte!<br \/> Ad\u00e9ntrate en el oscuro y peligroso mundo de La reina Roja con este volumen imprescindible, que incluye tres relatos in\u00e9ditos, as\u00ed como escenas adicionales, mapas, \u00e1rboles geneal\u00f3gicos, y mucho m\u00e1s. Esta colecci\u00f3n magistral ofrece una mirada completamente nueva a los queridos personajes de la ic\u00f3nica serie La reina Roja, donde el poder es un juego peligroso y la \u00fanica certeza es la traici\u00f3n.<\/p>\n","protected":false},"excerpt":{"rendered":"<p>AVEYARD, VICTORIA<\/p>\n","protected":false},"featured_media":110360,"template":"","meta":{"_acf_changed":false,"om_disable_all_campaigns":false,"rs_blank_template":"","rs_page_bg_color":"","slide_template_v7":"","inline_featured_image":false,"_monsterinsights_skip_tracking":false,"_monsterinsights_sitenote_active":false,"_monsterinsights_sitenote_note":"","_monsterinsights_sitenote_category":0},"product_brand":[],"product_cat":[117],"product_tag":[],"class_list":{"0":"post-110359","1":"product","2":"type-product","3":"status-publish","4":"has-post-thumbnail","6":"product_cat-juvenil","8":"first","9":"instock","10":"taxable","11":"shipping-taxable","12":"purchasable","13":"product-type-simple"},"acf":{"editorial":[{"ID":148219,"post_author":"3","post_date":"2022-10-14 11:56:33","post_date_gmt":"2022-10-14 09:56:33","post_content":"","post_title":"GRAN TRAVESIA","post_excerpt":"","post_status":"publish","comment_status":"closed","ping_status":"closed","post_password":"","post_name":"gran-travesia","to_ping":"","pinged":"","post_modified":"2022-10-14 11:56:33","post_modified_gmt":"2022-10-14 09:56:33","post_content_filtered":"","post_parent":0,"guid":"http:\/\/dev.claret.cat\/editorial\/gran-travesia\/","menu_order":0,"post_type":"editorial","post_mime_type":"","comment_count":"0","filter":"raw"}],"autores-libros":[{"ID":171069,"post_author":"3","post_date":"2022-10-14 22:40:26","post_date_gmt":"2022-10-14 20:40:26","post_content":"","post_title":"VICTORIA AVEYARD","post_excerpt":"","post_status":"publish","comment_status":"closed","ping_status":"closed","post_password":"","post_name":"victoria-aveyard","to_ping":"","pinged":"","post_modified":"2022-10-14 22:40:26","post_modified_gmt":"2022-10-14 20:40:26","post_content_filtered":"","post_parent":0,"guid":"http:\/\/dev.claret.cat\/autor\/victoria-aveyard\/","menu_order":0,"post_type":"autor","post_mime_type":"","comment_count":"0","filter":"raw"}],"autor":"AVEYARD, VICTORIA","codart":"841203042","libros-coleccion":"Ficci\u00f3n","ediciones":"1","encuadernacion":"R\u00fastica","fecha_de_publicacion":"01\/05\/2020","novedad":"1","paginas":"620","subtitulo":"LA REINA ROJA","orden":"0","portada":"0","idioma":"spa"},"aioseo_notices":[],"_links":{"self":[{"href":"https:\/\/www.claret.cat\/es\/wp-json\/wp\/v2\/product\/110359","targetHints":{"allow":["GET"]}}],"collection":[{"href":"https:\/\/www.claret.cat\/es\/wp-json\/wp\/v2\/product"}],"about":[{"href":"https:\/\/www.claret.cat\/es\/wp-json\/wp\/v2\/types\/product"}],"wp:featuredmedia":[{"embeddable":true,"href":"https:\/\/www.claret.cat\/es\/wp-json\/wp\/v2\/media\/110360"}],"wp:attachment":[{"href":"https:\/\/www.claret.cat\/es\/wp-json\/wp\/v2\/media?parent=110359"}],"wp:term":[{"taxonomy":"product_brand","embeddable":true,"href":"https:\/\/www.claret.cat\/es\/wp-json\/wp\/v2\/product_brand?post=110359"},{"taxonomy":"product_cat","embeddable":true,"href":"https:\/\/www.claret.cat\/es\/wp-json\/wp\/v2\/product_cat?post=110359"},{"taxonomy":"product_tag","embeddable":true,"href":"https:\/\/www.claret.cat\/es\/wp-json\/wp\/v2\/product_tag?post=110359"}],"curies":[{"name":"wp","href":"https:\/\/api.w.org\/{rel}","templated":true}]}}