{"id":11037,"date":"2022-09-30T20:00:15","date_gmt":"2022-09-30T18:00:15","guid":{"rendered":"http:\/\/dev.claret.cat\/producte\/lespeculacio-immobiliaria\/"},"modified":"2024-01-31T20:19:43","modified_gmt":"2024-01-31T19:19:43","slug":"lespeculacio-immobiliaria-9788429775792","status":"publish","type":"product","link":"https:\/\/www.claret.cat\/es\/libro\/lespeculacio-immobiliaria-9788429775792\/","title":{"rendered":"L&#8217;ESPECULACI\u00d3 IMMOBILI\u00c0RIA"},"content":{"rendered":"<p>L&#8217;especulaci\u00f3 immobili\u00e0ria \u00e9s la hist\u00f2ria d&#8217;un intel\u00b7lectual d&#8217;esquerres amb mala consci\u00e8ncia que decideix\u00a0llan\u00e7ar-se a l&#8217;escabr\u00f3s m\u00f3n dels negocis. La realitat s&#8217;encarregar\u00e0 de demostrar-li, en una cadena\u00a0de falses esperances i m\u00faltiples desencants, el seu irremeiable frac\u00e0s com a home pr\u00e0ctic.<\/p>\n","protected":false},"excerpt":{"rendered":"<p>CALVINO, ITALO<\/p>\n","protected":false},"featured_media":73474,"template":"","meta":{"_acf_changed":false,"om_disable_all_campaigns":false,"rs_blank_template":"","rs_page_bg_color":"","slide_template_v7":"","inline_featured_image":false,"_monsterinsights_skip_tracking":false,"_monsterinsights_sitenote_active":false,"_monsterinsights_sitenote_note":"","_monsterinsights_sitenote_category":0},"product_brand":[],"product_cat":[87,353],"product_tag":[],"class_list":{"0":"post-11037","1":"product","2":"type-product","3":"status-publish","4":"has-post-thumbnail","6":"product_cat-literatura","7":"product_cat-literatura-2_humanidades","9":"first","10":"instock","11":"taxable","12":"shipping-taxable","13":"purchasable","14":"product-type-simple"},"acf":{"autor":"CALVINO, ITALO","codart":"842977579","libros-coleccion":"El Balanc\u00ed","ediciones":"1","encuadernacion":"R\u00fastica","fecha_de_publicacion":"01\/02\/2017","novedad":"1","paginas":"170","subtitulo":"TRADUCCI\u00d3 D'?ORIOL PONSAT\u00cd","orden":"0","portada":"0","idioma":"cat","editorial":[{"ID":6210,"post_author":"3","post_date":"2022-07-28 17:47:13","post_date_gmt":"2022-07-28 15:47:13","post_content":"","post_title":"Edicions 62","post_excerpt":"","post_status":"publish","comment_status":"closed","ping_status":"closed","post_password":"","post_name":"edicions-62","to_ping":"","pinged":"","post_modified":"2022-07-28 17:47:13","post_modified_gmt":"2022-07-28 15:47:13","post_content_filtered":"","post_parent":0,"guid":"http:\/\/dev.claret.cat\/editorial\/edicions-62\/","menu_order":0,"post_type":"editorial","post_mime_type":"","comment_count":"0","filter":"raw"}],"autores-libros":[{"ID":158147,"post_author":"3","post_date":"2022-10-14 15:34:32","post_date_gmt":"2022-10-14 13:34:32","post_content":"","post_title":"ITALO CALVINO","post_excerpt":"","post_status":"publish","comment_status":"closed","ping_status":"closed","post_password":"","post_name":"italo-calvino","to_ping":"","pinged":"","post_modified":"2022-10-14 15:34:32","post_modified_gmt":"2022-10-14 13:34:32","post_content_filtered":"","post_parent":0,"guid":"http:\/\/dev.claret.cat\/autor\/italo-calvino\/","menu_order":0,"post_type":"autor","post_mime_type":"","comment_count":"0","filter":"raw"}]},"aioseo_notices":[],"_links":{"self":[{"href":"https:\/\/www.claret.cat\/es\/wp-json\/wp\/v2\/product\/11037","targetHints":{"allow":["GET"]}}],"collection":[{"href":"https:\/\/www.claret.cat\/es\/wp-json\/wp\/v2\/product"}],"about":[{"href":"https:\/\/www.claret.cat\/es\/wp-json\/wp\/v2\/types\/product"}],"wp:featuredmedia":[{"embeddable":true,"href":"https:\/\/www.claret.cat\/es\/wp-json\/wp\/v2\/media\/73474"}],"wp:attachment":[{"href":"https:\/\/www.claret.cat\/es\/wp-json\/wp\/v2\/media?parent=11037"}],"wp:term":[{"taxonomy":"product_brand","embeddable":true,"href":"https:\/\/www.claret.cat\/es\/wp-json\/wp\/v2\/product_brand?post=11037"},{"taxonomy":"product_cat","embeddable":true,"href":"https:\/\/www.claret.cat\/es\/wp-json\/wp\/v2\/product_cat?post=11037"},{"taxonomy":"product_tag","embeddable":true,"href":"https:\/\/www.claret.cat\/es\/wp-json\/wp\/v2\/product_tag?post=11037"}],"curies":[{"name":"wp","href":"https:\/\/api.w.org\/{rel}","templated":true}]}}