{"id":110392,"date":"2022-10-12T13:46:29","date_gmt":"2022-10-12T11:46:29","guid":{"rendered":"http:\/\/dev.claret.cat\/producte\/la-teca\/"},"modified":"2025-05-19T18:15:27","modified_gmt":"2025-05-19T16:15:27","slug":"la-teca-9788490349557","status":"publish","type":"product","link":"https:\/\/www.claret.cat\/es\/libro\/la-teca-9788490349557\/","title":{"rendered":"LA TECA"},"content":{"rendered":"<p>La teca, una obra cabdal en la literatura gastron\u00f2mica catalana, aparegu\u00e9 l&#8221;any 1924 i, des d&#8221;aleshores, se n&#8221;han fet vinti- una edicions. El seu autor, Ignasi Dom\u00e8nech, en la primera p\u00e0gina deixava ben clar l&#8221;objectiu del llibre: &#8216;Cont\u00e9 la manera d&#8221;organitzar tota classe d&#8221;\u00e0pats senzills o d&#8221;etiqueta, de calcular berenars, sopars, escudelles, cuinats, rostits, salses, llegums, aviram, plats freds, canelons, arrossos, ous fregits, carns, peixos, dol\u00e7os, merengues, refrescos, c\u00f2ctels, gelats, melmelades, amanides, escalivades, i diverses maneres de fer els p\u00fadings i pastes, i molts consells de pr\u00e0ctica i utilitat per comportar-se elegantment a taula, etc.&#8217; Aquesta edici\u00f3 n&#8221;actualitza el format i, en alguns aspectes, el llenguatge, per\u00f2 no pas el seu esperit inicial.<\/p>\n","protected":false},"excerpt":{"rendered":"<p>DOM\u00c8NECH I PUIGCERC\u00d3S, IGNASI<\/p>\n","protected":false},"featured_media":1022475,"template":"","meta":{"_acf_changed":false,"om_disable_all_campaigns":false,"rs_blank_template":"","rs_page_bg_color":"","slide_template_v7":"","inline_featured_image":false,"_monsterinsights_skip_tracking":false,"_monsterinsights_sitenote_active":false,"_monsterinsights_sitenote_note":"","_monsterinsights_sitenote_category":0},"product_brand":[],"product_cat":[553,103],"product_tag":[],"class_list":{"0":"post-110392","1":"product","2":"type-product","3":"status-publish","4":"has-post-thumbnail","6":"product_cat-cocina","7":"product_cat-cuina","9":"first","10":"instock","11":"taxable","12":"shipping-taxable","13":"purchasable","14":"product-type-simple"},"acf":{"editorial":[{"ID":6171,"post_author":"3","post_date":"2022-07-28 17:46:25","post_date_gmt":"2022-07-28 15:46:25","post_content":"","post_title":"COSSETANIA EDICIONS","post_excerpt":"","post_status":"publish","comment_status":"closed","ping_status":"closed","post_password":"","post_name":"cossetania-edicions","to_ping":"","pinged":"","post_modified":"2022-07-28 17:46:25","post_modified_gmt":"2022-07-28 15:46:25","post_content_filtered":"","post_parent":0,"guid":"http:\/\/dev.claret.cat\/editorial\/cossetania-edicions\/","menu_order":0,"post_type":"editorial","post_mime_type":"","comment_count":"0","filter":"raw"}],"autor":"DOM\u00c8NECH I PUIGCERC\u00d3S, IGNASI","codart":"849034955","libros-coleccion":"El Cullerot","ediciones":"1","encuadernacion":"R\u00fastica","fecha_de_publicacion":"01\/06\/2020","novedad":"1","paginas":"230","subtitulo":"LA VERITABLE CUINA CASOLANA DE CATALUNYA","orden":"0","portada":"0","idioma":"cat","autores-libros":[{"ID":157798,"post_author":"3","post_date":"2022-10-14 15:31:43","post_date_gmt":"2022-10-14 13:31:43","post_content":"","post_title":"IGNASI DOM\u00c8NECH I PUIGCERC\u00d3S","post_excerpt":"","post_status":"publish","comment_status":"closed","ping_status":"closed","post_password":"","post_name":"ignasi-domenech-i-puigcercos","to_ping":"","pinged":"","post_modified":"2022-10-14 15:31:43","post_modified_gmt":"2022-10-14 13:31:43","post_content_filtered":"","post_parent":0,"guid":"http:\/\/dev.claret.cat\/autor\/ignasi-domenech-i-puigcercos\/","menu_order":0,"post_type":"autor","post_mime_type":"","comment_count":"0","filter":"raw"}],"booktrailer":"","resenas":""},"aioseo_notices":[],"_links":{"self":[{"href":"https:\/\/www.claret.cat\/es\/wp-json\/wp\/v2\/product\/110392","targetHints":{"allow":["GET"]}}],"collection":[{"href":"https:\/\/www.claret.cat\/es\/wp-json\/wp\/v2\/product"}],"about":[{"href":"https:\/\/www.claret.cat\/es\/wp-json\/wp\/v2\/types\/product"}],"wp:featuredmedia":[{"embeddable":true,"href":"https:\/\/www.claret.cat\/es\/wp-json\/wp\/v2\/media\/1022475"}],"wp:attachment":[{"href":"https:\/\/www.claret.cat\/es\/wp-json\/wp\/v2\/media?parent=110392"}],"wp:term":[{"taxonomy":"product_brand","embeddable":true,"href":"https:\/\/www.claret.cat\/es\/wp-json\/wp\/v2\/product_brand?post=110392"},{"taxonomy":"product_cat","embeddable":true,"href":"https:\/\/www.claret.cat\/es\/wp-json\/wp\/v2\/product_cat?post=110392"},{"taxonomy":"product_tag","embeddable":true,"href":"https:\/\/www.claret.cat\/es\/wp-json\/wp\/v2\/product_tag?post=110392"}],"curies":[{"name":"wp","href":"https:\/\/api.w.org\/{rel}","templated":true}]}}