{"id":110398,"date":"2022-10-12T13:46:35","date_gmt":"2022-10-12T11:46:35","guid":{"rendered":"http:\/\/dev.claret.cat\/producte\/paper-cremat\/"},"modified":"2025-06-05T10:55:54","modified_gmt":"2025-06-05T08:55:54","slug":"paper-cremat-9788494990045","status":"publish","type":"product","link":"https:\/\/www.claret.cat\/es\/libro\/paper-cremat-9788494990045\/","title":{"rendered":"PAPER CREMAT"},"content":{"rendered":"<p>Quan la In\u00e9s Macpherson em va proposar publicar aquest recull en homenatge al centenari del naixement de Ray Bradbury, viv\u00edem en un m\u00f3n. Quan la versi\u00f3 digital vegi la llum, serem al bell mig d\u2019un gran canvi. Quan arribi a les llibreries encarnat en paper, el m\u00f3n haur\u00e0 canviat per sempre. Sembla un relat de Ray Bradbury. No ho \u00e9s. M\u2019atreveixo a dir, sense massa por a equivocar-me, que la realitat ha estat a l\u2019altura del gran escriptor nord-americ\u00e0.<\/p>\n<p>Enguany fa cent anys del seu naixement i sembla que la realitat s\u2019hagi engrescat a oferir-nos una distopia curulla de trames, subtrames, girs inesperats, drames grotescos, tragicom\u00e8dies. Desenes de milers de morts; palaus de gel convertits en tanatoris; poliesportius, vaixells i trens convertits en hospitals; llars d\u2019avis convertides en vaixells de la mort; fosses comunes a Brooklyn; militars condecorats a les rodes de premsa; pa\u00efsos sencers tancats a casa; fronteres tancades; creuers en quarantena plens de malalts; una vida a Internet. Hi ha coses que no podem incloure en aquesta llista perqu\u00e8 ara mateix no ens les podem imaginar i quan tanquem aquesta edici\u00f3 encara no hauran passat.<\/p>\n","protected":false},"excerpt":{"rendered":"<p>BROOME, SILVIA \/ CARRERAS, ANNA \/ GARC\u00cdA TUR, V\u00cdCTOR \/ JOFRE, ANDREA \/ MACIP, S<\/p>\n","protected":false},"featured_media":110399,"template":"","meta":{"_acf_changed":false,"om_disable_all_campaigns":false,"rs_blank_template":"","rs_page_bg_color":"","slide_template_v7":"","inline_featured_image":false,"_monsterinsights_skip_tracking":false,"_monsterinsights_sitenote_active":false,"_monsterinsights_sitenote_note":"","_monsterinsights_sitenote_category":0},"product_brand":[],"product_cat":[127,357],"product_tag":[],"class_list":{"0":"post-110398","1":"product","2":"type-product","3":"status-publish","4":"has-post-thumbnail","6":"product_cat-novella-contemporania","7":"product_cat-novela-contemporanea","9":"first","10":"instock","11":"taxable","12":"shipping-taxable","13":"purchasable","14":"product-type-simple"},"acf":{"editorial":[{"ID":147451,"post_author":"3","post_date":"2022-10-14 11:50:41","post_date_gmt":"2022-10-14 09:50:41","post_content":"","post_title":"Apostroph, Edicions i Propostes Cultural","post_excerpt":"","post_status":"publish","comment_status":"closed","ping_status":"closed","post_password":"","post_name":"apostroph-edicions-i-propostes-cultural","to_ping":"","pinged":"","post_modified":"2022-10-14 11:50:41","post_modified_gmt":"2022-10-14 09:50:41","post_content_filtered":"","post_parent":0,"guid":"http:\/\/dev.claret.cat\/editorial\/apostroph-edicions-i-propostes-cultural\/","menu_order":0,"post_type":"editorial","post_mime_type":"","comment_count":"0","filter":"raw"}],"autor":"BROOME, SILVIA \/ CARRERAS, ANNA \/ GARC\u00cdA TUR, V\u00cdCTOR \/ JOFRE, ANDREA \/ MACIP, S","codart":"849499004","libros-coleccion":"FORA DE COL.LECCI\u00d3","ediciones":"1","encuadernacion":"R\u00fastica","fecha_de_publicacion":"01\/04\/2020","novedad":"1","paginas":"174","subtitulo":"10 CONTES PER A 100 ANYS DE RAY BRADBURY","orden":"0","portada":"0","idioma":"cat","autores-libros":[{"ID":171006,"post_author":"3","post_date":"2022-10-14 22:39:56","post_date_gmt":"2022-10-14 20:39:56","post_content":"","post_title":"VICTOR GARCIA TUR","post_excerpt":"","post_status":"publish","comment_status":"closed","ping_status":"closed","post_password":"","post_name":"victor-garcia-tur","to_ping":"","pinged":"","post_modified":"2022-10-14 22:39:56","post_modified_gmt":"2022-10-14 20:39:56","post_content_filtered":"","post_parent":0,"guid":"http:\/\/dev.claret.cat\/autor\/victor-garcia-tur\/","menu_order":0,"post_type":"autor","post_mime_type":"","comment_count":"0","filter":"raw"},{"ID":150219,"post_author":"3","post_date":"2022-10-14 14:31:11","post_date_gmt":"2022-10-14 12:31:11","post_content":"","post_title":"ANDREA JOFRE","post_excerpt":"","post_status":"publish","comment_status":"closed","ping_status":"closed","post_password":"","post_name":"andrea-jofre","to_ping":"","pinged":"","post_modified":"2022-10-14 14:31:11","post_modified_gmt":"2022-10-14 12:31:11","post_content_filtered":"","post_parent":0,"guid":"http:\/\/dev.claret.cat\/autor\/andrea-jofre\/","menu_order":0,"post_type":"autor","post_mime_type":"","comment_count":"0","filter":"raw"},{"ID":169485,"post_author":"3","post_date":"2022-10-14 22:27:37","post_date_gmt":"2022-10-14 20:27:37","post_content":"","post_title":"SILVIA BROOME","post_excerpt":"","post_status":"publish","comment_status":"closed","ping_status":"closed","post_password":"","post_name":"silvia-broome","to_ping":"","pinged":"","post_modified":"2022-10-14 22:27:37","post_modified_gmt":"2022-10-14 20:27:37","post_content_filtered":"","post_parent":0,"guid":"http:\/\/dev.claret.cat\/autor\/silvia-broome\/","menu_order":0,"post_type":"autor","post_mime_type":"","comment_count":"0","filter":"raw"},{"ID":168734,"post_author":"3","post_date":"2022-10-14 22:21:30","post_date_gmt":"2022-10-14 20:21:30","post_content":"","post_title":"S MACIP","post_excerpt":"","post_status":"publish","comment_status":"closed","ping_status":"closed","post_password":"","post_name":"s-macip","to_ping":"","pinged":"","post_modified":"2022-10-14 22:21:30","post_modified_gmt":"2022-10-14 20:21:30","post_content_filtered":"","post_parent":0,"guid":"http:\/\/dev.claret.cat\/autor\/s-macip\/","menu_order":0,"post_type":"autor","post_mime_type":"","comment_count":"0","filter":"raw"},{"ID":150543,"post_author":"3","post_date":"2022-10-14 14:33:48","post_date_gmt":"2022-10-14 12:33:48","post_content":"","post_title":"ANNA CARRERAS","post_excerpt":"","post_status":"publish","comment_status":"closed","ping_status":"closed","post_password":"","post_name":"anna-carreras","to_ping":"","pinged":"","post_modified":"2022-10-14 14:33:48","post_modified_gmt":"2022-10-14 12:33:48","post_content_filtered":"","post_parent":0,"guid":"http:\/\/dev.claret.cat\/autor\/anna-carreras\/","menu_order":0,"post_type":"autor","post_mime_type":"","comment_count":"0","filter":"raw"}],"booktrailer":"","resenas":""},"aioseo_notices":[],"_links":{"self":[{"href":"https:\/\/www.claret.cat\/es\/wp-json\/wp\/v2\/product\/110398","targetHints":{"allow":["GET"]}}],"collection":[{"href":"https:\/\/www.claret.cat\/es\/wp-json\/wp\/v2\/product"}],"about":[{"href":"https:\/\/www.claret.cat\/es\/wp-json\/wp\/v2\/types\/product"}],"wp:featuredmedia":[{"embeddable":true,"href":"https:\/\/www.claret.cat\/es\/wp-json\/wp\/v2\/media\/110399"}],"wp:attachment":[{"href":"https:\/\/www.claret.cat\/es\/wp-json\/wp\/v2\/media?parent=110398"}],"wp:term":[{"taxonomy":"product_brand","embeddable":true,"href":"https:\/\/www.claret.cat\/es\/wp-json\/wp\/v2\/product_brand?post=110398"},{"taxonomy":"product_cat","embeddable":true,"href":"https:\/\/www.claret.cat\/es\/wp-json\/wp\/v2\/product_cat?post=110398"},{"taxonomy":"product_tag","embeddable":true,"href":"https:\/\/www.claret.cat\/es\/wp-json\/wp\/v2\/product_tag?post=110398"}],"curies":[{"name":"wp","href":"https:\/\/api.w.org\/{rel}","templated":true}]}}